{"id":991,"date":"2024-07-09T11:00:53","date_gmt":"2024-07-09T09:00:53","guid":{"rendered":"https:\/\/romeushipping.com\/romeu-y-cia\/"},"modified":"2026-02-10T13:37:10","modified_gmt":"2026-02-10T12:37:10","slug":"romeu-y-cia","status":"publish","type":"page","link":"https:\/\/romeushipping.com\/pt-pt\/marcas\/romeu-y-cia\/","title":{"rendered":"Romeu e CIA"},"content":{"rendered":"\n<div class=\"wp-block-group has-global-padding is-layout-constrained wp-block-group-is-layout-constrained\" style=\"padding-top:24px;padding-bottom:48px\">\n<h1 class=\"wp-block-heading has-text-align-center\">Romeu e CIA<\/h1>\n<\/div>\n\n<div class=\"wp-block-group has-global-padding is-layout-constrained wp-block-group-is-layout-constrained\" style=\"margin-top:48px;margin-bottom:48px\">\n<div class=\"wp-block-columns is-layout-flex wp-container-core-columns-is-layout-e0dca8c8 wp-block-columns-is-layout-flex\">\n<div class=\"wp-block-column order-2-res is-layout-flow wp-block-column-is-layout-flow\">\n<p>Romeu y Cia teve origem em Tarragona, no s\u00e9culo XIX. No entanto, foi em 1939 que os irm\u00e3os Manuel e Ernesto Romeu Escandell assumiram o controle da empresa, iniciando uma nova era de progresso e expans\u00e3o. <\/p>\n\n\n\n<p>Sob a lideran\u00e7a vision\u00e1ria dos irm\u00e3os Romeu, a empresa vivenciou um crescimento significativo e bem-sucedido. Isto permitiu a sua diversifica\u00e7\u00e3o e a cria\u00e7\u00e3o do Grupo Romeu, com presen\u00e7a em v\u00e1rios portos espanh\u00f3is e uma rede de escrit\u00f3rios que atualmente se estende por toda a Europa, \u00c1frica e Am\u00e9rica.  <\/p>\n\n\n\n<p>\u00c9 o resultado de um s\u00e9culo de experi\u00eancia e de uma equipa de especialistas em transportes, com\u00e9rcio internacional e neg\u00f3cios, o que permite oferecer solu\u00e7\u00f5es eficazes e adaptadas \u00e0s necessidades atuais e futuras da ind\u00fastria mar\u00edtima. <\/p>\n<\/div>\n\n\n\n<div class=\"wp-block-column is-vertically-aligned-center is-layout-flow wp-block-column-is-layout-flow\">\n<div class=\"wp-block-group is-content-justification-center is-layout-flex wp-container-core-group-is-layout-cd8b3b78 wp-block-group-is-layout-flex\">\n<figure class=\"wp-block-image size-full is-resized\"><img decoding=\"async\" width=\"220\" height=\"212\" src=\"https:\/\/romeushipping.com\/wp-content\/uploads\/2024\/07\/Untitled-3.svg\" alt=\"Untitled-3\" class=\"wp-image-238\" style=\"width:220px\"\/><\/figure>\n\n\n\n<figure class=\"wp-block-image size-full is-resized\"><img decoding=\"async\" width=\"214\" height=\"162\" src=\"https:\/\/romeushipping.com\/wp-content\/uploads\/2024\/07\/Untitled-4.svg\" alt=\"Untitled-4\" class=\"wp-image-240\" style=\"width:220px\"\/><\/figure>\n<\/div>\n<\/div>\n<\/div>\n<\/div>\n\n<div class=\"wp-block-group alignfull has-global-padding is-layout-constrained wp-container-core-group-is-layout-127c39d4 wp-block-group-is-layout-constrained\" style=\"padding-top:48px;padding-bottom:48px;padding-left:0px\">\n<div class=\"wp-block-columns alignwide are-vertically-aligned-top is-layout-flex wp-container-core-columns-is-layout-67c09cde wp-block-columns-is-layout-flex\">\n<div class=\"wp-block-column is-vertically-aligned-top pos-rel is-layout-flow wp-block-column-is-layout-flow\">\n<figure class=\"wp-block-image size-full\"><img decoding=\"async\" width=\"704\" height=\"436\" src=\"https:\/\/romeushipping.com\/wp-content\/uploads\/2024\/07\/cover__img-1-1.jpg\" alt=\"\" class=\"wp-image-699\" srcset=\"https:\/\/romeushipping.com\/wp-content\/uploads\/2024\/07\/cover__img-1-1.jpg 704w, https:\/\/romeushipping.com\/wp-content\/uploads\/2024\/07\/cover__img-1-1-300x186.jpg 300w\" sizes=\"(max-width: 704px) 100vw, 704px\" \/><\/figure>\n<\/div>\n\n\n\n<div class=\"wp-block-column is-vertically-aligned-top is-layout-flow wp-block-column-is-layout-flow\">\n<div class=\"wp-block-group has-global-padding is-content-justification-left is-layout-constrained wp-container-core-group-is-layout-f33ad708 wp-block-group-is-layout-constrained\">\n<div class=\"wp-block-group has-global-padding is-content-justification-right is-layout-constrained wp-container-core-group-is-layout-b2362b4c wp-block-group-is-layout-constrained\">\n<p>Ao longo da nossa hist\u00f3ria, represent\u00e1mos v\u00e1rias companhias de navega\u00e7\u00e3o em Espanha, Portugal, Marrocos, Tun\u00edsia, Arg\u00e9lia, Costa do Marfim, Senegal e M\u00e9xico. Para al\u00e9m dos nossos servi\u00e7os regulares, temos uma presen\u00e7a de destaque na atividade de navios de tramp, ferries de autom\u00f3veis e, especialmente, em embarca\u00e7\u00f5es e plataformas de Petr\u00f3leo e G\u00e1s. Na Romeu  C\u00eda., damos assist\u00eancia a navios em porto, atuando como representantes do armador perante a Autoridade Mar\u00edtima e outras entidades relacionadas ao setor mar\u00edtimo-portu\u00e1rio.  <\/p>\n\n\n\n<p>Oferecemos tamb\u00e9m assist\u00eancia integral na entrada e sa\u00edda em porto de navios; gest\u00e3o documental de cargas de importa\u00e7\u00e3o, exporta\u00e7\u00e3o e transbordo; controlo e seguimento de contentores; Coordena\u00e7\u00e3o de pilotos e angaria\u00e7\u00e3o de cargas. Al\u00e9m disso, cobrimos todas as necessidades dos navios que atracam nos nossos portos: mudan\u00e7as de tripula\u00e7\u00e3o, repara\u00e7\u00f5es, equipamentos, provis\u00f5es, \u00e1gua, pintura, inspe\u00e7\u00f5es, etc. <\/p>\n<\/div>\n<\/div>\n<\/div>\n<\/div>\n<\/div>\n\n<div class=\"wp-block-group alignfull home-un-grp has-background has-global-padding is-layout-constrained wp-block-group-is-layout-constrained\" style=\"background-color:#f5f5f5;margin-top:48px;margin-bottom:0px;padding-top:48px;padding-bottom:48px\">\n<h2 class=\"wp-block-heading has-text-align-center\">as nossas unidades de neg\u00f3cio<\/h2>\n\n\n\n<div class=\"wp-block-group has-global-padding is-layout-constrained wp-container-core-group-is-layout-416e704a wp-block-group-is-layout-constrained\">\n<div class=\"wp-block-query is-layout-flow wp-block-query-is-layout-flow\"><ul class=\"columns-4 wp-block-post-template is-layout-grid wp-container-core-post-template-is-layout-c22d562e wp-block-post-template-is-layout-grid\"><li class=\"wp-block-post post-1281 unidades-de-negocio type-unidades-de-negocio status-publish has-post-thumbnail hentry\">\n<figure style=\"height:208px; margin-bottom:0px;\" class=\"wp-block-post-featured-image\"><a href=\"https:\/\/romeushipping.com\/pt-pt\/unidades-de-negocio\/transporte-maritimos\/\" target=\"_self\"  style=\"height:208px\"><img decoding=\"async\" width=\"704\" height=\"335\" src=\"https:\/\/romeushipping.com\/wp-content\/uploads\/2024\/07\/Harbour-img-2.jpg\" class=\"attachment-post-thumbnail size-post-thumbnail wp-post-image\" alt=\"NVOCC\" style=\"height:208px;object-fit:cover;\" srcset=\"https:\/\/romeushipping.com\/wp-content\/uploads\/2024\/07\/Harbour-img-2.jpg 704w, https:\/\/romeushipping.com\/wp-content\/uploads\/2024\/07\/Harbour-img-2-300x143.jpg 300w\" sizes=\"(max-width: 704px) 100vw, 704px\" \/><\/a><\/figure>\n\n<h3 style=\"margin-top:0px;margin-bottom:0px;margin-left:0px;margin-right:0px;\" class=\"has-text-align-center pos-abs-res pos-bot-0 wp-block-post-title\"><a href=\"https:\/\/romeushipping.com\/pt-pt\/unidades-de-negocio\/transporte-maritimos\/\" target=\"_self\" >NVOCC<\/a><\/h3>\n<\/li><li class=\"wp-block-post post-1300 unidades-de-negocio type-unidades-de-negocio status-publish has-post-thumbnail hentry\">\n<figure style=\"height:208px; margin-bottom:0px;\" class=\"wp-block-post-featured-image\"><a href=\"https:\/\/romeushipping.com\/pt-pt\/unidades-de-negocio\/agentes-de-navegacao-maritima\/\" target=\"_self\"  style=\"height:208px\"><img decoding=\"async\" width=\"704\" height=\"335\" src=\"https:\/\/romeushipping.com\/wp-content\/uploads\/2024\/07\/image-2.jpg\" class=\"attachment-post-thumbnail size-post-thumbnail wp-post-image\" alt=\"Liner container agency\" style=\"height:208px;object-fit:cover;\" srcset=\"https:\/\/romeushipping.com\/wp-content\/uploads\/2024\/07\/image-2.jpg 704w, https:\/\/romeushipping.com\/wp-content\/uploads\/2024\/07\/image-2-300x143.jpg 300w\" sizes=\"(max-width: 704px) 100vw, 704px\" \/><\/a><\/figure>\n\n<h3 style=\"margin-top:0px;margin-bottom:0px;margin-left:0px;margin-right:0px;\" class=\"has-text-align-center pos-abs-res pos-bot-0 wp-block-post-title\"><a href=\"https:\/\/romeushipping.com\/pt-pt\/unidades-de-negocio\/agentes-de-navegacao-maritima\/\" target=\"_self\" >Liner container agency<\/a><\/h3>\n<\/li><li class=\"wp-block-post post-1323 unidades-de-negocio type-unidades-de-negocio status-publish has-post-thumbnail hentry\">\n<figure style=\"height:208px; margin-bottom:0px;\" class=\"wp-block-post-featured-image\"><a href=\"https:\/\/romeushipping.com\/pt-pt\/unidades-de-negocio\/navios-sericos-portuarios\/\" target=\"_self\"  style=\"height:208px\"><img decoding=\"async\" width=\"556\" height=\"483\" src=\"https:\/\/romeushipping.com\/wp-content\/uploads\/2024\/07\/Rectangle-189-1.jpg\" class=\"attachment-post-thumbnail size-post-thumbnail wp-post-image\" alt=\"Vessel  Port Services\" style=\"height:208px;object-fit:cover;\" srcset=\"https:\/\/romeushipping.com\/wp-content\/uploads\/2024\/07\/Rectangle-189-1.jpg 556w, https:\/\/romeushipping.com\/wp-content\/uploads\/2024\/07\/Rectangle-189-1-300x261.jpg 300w\" sizes=\"(max-width: 556px) 100vw, 556px\" \/><\/a><\/figure>\n\n<h3 style=\"margin-top:0px;margin-bottom:0px;margin-left:0px;margin-right:0px;\" class=\"has-text-align-center pos-abs-res pos-bot-0 wp-block-post-title\"><a href=\"https:\/\/romeushipping.com\/pt-pt\/unidades-de-negocio\/navios-sericos-portuarios\/\" target=\"_self\" >Vessel  Port Services<\/a><\/h3>\n<\/li><li class=\"wp-block-post post-1338 unidades-de-negocio type-unidades-de-negocio status-publish has-post-thumbnail hentry\">\n<figure style=\"height:208px; margin-bottom:0px;\" class=\"wp-block-post-featured-image\"><a href=\"https:\/\/romeushipping.com\/pt-pt\/unidades-de-negocio\/carga-geral-em-transporte-convencional\/\" target=\"_self\"  style=\"height:208px\"><img decoding=\"async\" width=\"704\" height=\"528\" src=\"https:\/\/romeushipping.com\/wp-content\/uploads\/2024\/07\/CONVENCIONAL-scaled-1.jpg\" class=\"attachment-post-thumbnail size-post-thumbnail wp-post-image\" alt=\"Break-Bulk\" style=\"height:208px;object-fit:cover;\" srcset=\"https:\/\/romeushipping.com\/wp-content\/uploads\/2024\/07\/CONVENCIONAL-scaled-1.jpg 704w, https:\/\/romeushipping.com\/wp-content\/uploads\/2024\/07\/CONVENCIONAL-scaled-1-300x225.jpg 300w\" sizes=\"(max-width: 704px) 100vw, 704px\" \/><\/a><\/figure>\n\n<h3 style=\"margin-top:0px;margin-bottom:0px;margin-left:0px;margin-right:0px;\" class=\"has-text-align-center pos-abs-res pos-bot-0 wp-block-post-title\"><a href=\"https:\/\/romeushipping.com\/pt-pt\/unidades-de-negocio\/carga-geral-em-transporte-convencional\/\" target=\"_self\" >Break-Bulk<\/a><\/h3>\n<\/li><li class=\"wp-block-post post-1347 unidades-de-negocio type-unidades-de-negocio status-publish has-post-thumbnail hentry\">\n<figure style=\"height:208px; margin-bottom:0px;\" class=\"wp-block-post-featured-image\"><a href=\"https:\/\/romeushipping.com\/pt-pt\/unidades-de-negocio\/navios-ro-ro\/\" target=\"_self\"  style=\"height:208px\"><img decoding=\"async\" width=\"704\" height=\"528\" src=\"https:\/\/romeushipping.com\/wp-content\/uploads\/2024\/07\/RO-RO-scaled-1.jpg\" class=\"attachment-post-thumbnail size-post-thumbnail wp-post-image\" alt=\"Navios RO-RO\" style=\"height:208px;object-fit:cover;\" srcset=\"https:\/\/romeushipping.com\/wp-content\/uploads\/2024\/07\/RO-RO-scaled-1.jpg 704w, https:\/\/romeushipping.com\/wp-content\/uploads\/2024\/07\/RO-RO-scaled-1-300x225.jpg 300w\" sizes=\"(max-width: 704px) 100vw, 704px\" \/><\/a><\/figure>\n\n<h3 style=\"margin-top:0px;margin-bottom:0px;margin-left:0px;margin-right:0px;\" class=\"has-text-align-center pos-abs-res pos-bot-0 wp-block-post-title\"><a href=\"https:\/\/romeushipping.com\/pt-pt\/unidades-de-negocio\/navios-ro-ro\/\" target=\"_self\" >Navios RO-RO<\/a><\/h3>\n<\/li><li class=\"wp-block-post post-1356 unidades-de-negocio type-unidades-de-negocio status-publish has-post-thumbnail hentry\">\n<figure style=\"height:208px; margin-bottom:0px;\" class=\"wp-block-post-featured-image\"><a href=\"https:\/\/romeushipping.com\/pt-pt\/unidades-de-negocio\/cruzeiros\/\" target=\"_self\"  style=\"height:208px\"><img decoding=\"async\" width=\"495\" height=\"329\" src=\"https:\/\/romeushipping.com\/wp-content\/uploads\/2024\/07\/pexels-matthew-barra-813011.jpg\" class=\"attachment-post-thumbnail size-post-thumbnail wp-post-image\" alt=\"Cruises\" style=\"height:208px;object-fit:cover;\" srcset=\"https:\/\/romeushipping.com\/wp-content\/uploads\/2024\/07\/pexels-matthew-barra-813011.jpg 495w, https:\/\/romeushipping.com\/wp-content\/uploads\/2024\/07\/pexels-matthew-barra-813011-300x199.jpg 300w\" sizes=\"(max-width: 495px) 100vw, 495px\" \/><\/a><\/figure>\n\n<h3 style=\"margin-top:0px;margin-bottom:0px;margin-left:0px;margin-right:0px;\" class=\"has-text-align-center pos-abs-res pos-bot-0 wp-block-post-title\"><a href=\"https:\/\/romeushipping.com\/pt-pt\/unidades-de-negocio\/cruzeiros\/\" target=\"_self\" >Cruises<\/a><\/h3>\n<\/li><li class=\"wp-block-post post-1372 unidades-de-negocio type-unidades-de-negocio status-publish has-post-thumbnail hentry\">\n<figure style=\"height:208px; margin-bottom:0px;\" class=\"wp-block-post-featured-image\"><a href=\"https:\/\/romeushipping.com\/pt-pt\/unidades-de-negocio\/offshore-plataformas\/\" target=\"_self\"  style=\"height:208px\"><img decoding=\"async\" width=\"704\" height=\"335\" src=\"https:\/\/romeushipping.com\/wp-content\/uploads\/2024\/07\/bu-card-1.jpg\" class=\"attachment-post-thumbnail size-post-thumbnail wp-post-image\" alt=\"Offshore and platforms\" style=\"height:208px;object-fit:cover;\" srcset=\"https:\/\/romeushipping.com\/wp-content\/uploads\/2024\/07\/bu-card-1.jpg 704w, https:\/\/romeushipping.com\/wp-content\/uploads\/2024\/07\/bu-card-1-300x143.jpg 300w\" sizes=\"(max-width: 704px) 100vw, 704px\" \/><\/a><\/figure>\n\n<h3 style=\"margin-top:0px;margin-bottom:0px;margin-left:0px;margin-right:0px;\" class=\"has-text-align-center pos-abs-res pos-bot-0 wp-block-post-title\"><a href=\"https:\/\/romeushipping.com\/pt-pt\/unidades-de-negocio\/offshore-plataformas\/\" target=\"_self\" >Offshore and platforms<\/a><\/h3>\n<\/li><li class=\"wp-block-post post-1384 unidades-de-negocio type-unidades-de-negocio status-publish has-post-thumbnail hentry\">\n<figure style=\"height:208px; margin-bottom:0px;\" class=\"wp-block-post-featured-image\"><a href=\"https:\/\/romeushipping.com\/pt-pt\/unidades-de-negocio\/estiva-e-terminais-portuarios\/\" target=\"_self\"  style=\"height:208px\"><img decoding=\"async\" width=\"704\" height=\"335\" src=\"https:\/\/romeushipping.com\/wp-content\/uploads\/2024\/07\/estiva.jpg\" class=\"attachment-post-thumbnail size-post-thumbnail wp-post-image\" alt=\"Stevedoring  Port Terminals\" style=\"height:208px;object-fit:cover;\" srcset=\"https:\/\/romeushipping.com\/wp-content\/uploads\/2024\/07\/estiva.jpg 704w, https:\/\/romeushipping.com\/wp-content\/uploads\/2024\/07\/estiva-300x143.jpg 300w\" sizes=\"(max-width: 704px) 100vw, 704px\" \/><\/a><\/figure>\n\n<h3 style=\"margin-top:0px;margin-bottom:0px;margin-left:0px;margin-right:0px;\" class=\"has-text-align-center pos-abs-res pos-bot-0 wp-block-post-title\"><a href=\"https:\/\/romeushipping.com\/pt-pt\/unidades-de-negocio\/estiva-e-terminais-portuarios\/\" target=\"_self\" >Stevedoring  Port Terminals<\/a><\/h3>\n<\/li><li class=\"wp-block-post post-1393 unidades-de-negocio type-unidades-de-negocio status-publish has-post-thumbnail hentry\">\n<figure style=\"height:208px; margin-bottom:0px;\" class=\"wp-block-post-featured-image\"><a href=\"https:\/\/romeushipping.com\/pt-pt\/unidades-de-negocio\/gsa\/\" target=\"_self\"  style=\"height:208px\"><img decoding=\"async\" width=\"704\" height=\"469\" src=\"https:\/\/romeushipping.com\/wp-content\/uploads\/2024\/07\/GSA-scaled-1.jpg\" class=\"attachment-post-thumbnail size-post-thumbnail wp-post-image\" alt=\"GSA\" style=\"height:208px;object-fit:cover;\" srcset=\"https:\/\/romeushipping.com\/wp-content\/uploads\/2024\/07\/GSA-scaled-1.jpg 704w, https:\/\/romeushipping.com\/wp-content\/uploads\/2024\/07\/GSA-scaled-1-300x200.jpg 300w\" sizes=\"(max-width: 704px) 100vw, 704px\" \/><\/a><\/figure>\n\n<h3 style=\"margin-top:0px;margin-bottom:0px;margin-left:0px;margin-right:0px;\" class=\"has-text-align-center pos-abs-res pos-bot-0 wp-block-post-title\"><a href=\"https:\/\/romeushipping.com\/pt-pt\/unidades-de-negocio\/gsa\/\" target=\"_self\" >GSA<\/a><\/h3>\n<\/li><li class=\"wp-block-post post-1408 unidades-de-negocio type-unidades-de-negocio status-publish has-post-thumbnail hentry\">\n<figure style=\"height:208px; margin-bottom:0px;\" class=\"wp-block-post-featured-image\"><a href=\"https:\/\/romeushipping.com\/pt-pt\/unidades-de-negocio\/transitarios\/\" target=\"_self\"  style=\"height:208px\"><img decoding=\"async\" width=\"704\" height=\"396\" src=\"https:\/\/romeushipping.com\/wp-content\/uploads\/2024\/07\/FORWARDING-scaled-1.jpg\" class=\"attachment-post-thumbnail size-post-thumbnail wp-post-image\" alt=\"Forwarding\" style=\"height:208px;object-fit:cover;\" srcset=\"https:\/\/romeushipping.com\/wp-content\/uploads\/2024\/07\/FORWARDING-scaled-1.jpg 704w, https:\/\/romeushipping.com\/wp-content\/uploads\/2024\/07\/FORWARDING-scaled-1-300x169.jpg 300w\" sizes=\"(max-width: 704px) 100vw, 704px\" \/><\/a><\/figure>\n\n<h3 style=\"margin-top:0px;margin-bottom:0px;margin-left:0px;margin-right:0px;\" class=\"has-text-align-center pos-abs-res pos-bot-0 wp-block-post-title\"><a href=\"https:\/\/romeushipping.com\/pt-pt\/unidades-de-negocio\/transitarios\/\" target=\"_self\" >Forwarding<\/a><\/h3>\n<\/li><li class=\"wp-block-post post-1423 unidades-de-negocio type-unidades-de-negocio status-publish has-post-thumbnail hentry\">\n<figure style=\"height:208px; margin-bottom:0px;\" class=\"wp-block-post-featured-image\"><a href=\"https:\/\/romeushipping.com\/pt-pt\/unidades-de-negocio\/carga-de-projeto\/\" target=\"_self\"  style=\"height:208px\"><img decoding=\"async\" width=\"704\" height=\"395\" src=\"https:\/\/romeushipping.com\/wp-content\/uploads\/2024\/07\/PROJECT-CARGO-scaled-1.jpg\" class=\"attachment-post-thumbnail size-post-thumbnail wp-post-image\" alt=\"Project cargo\" style=\"height:208px;object-fit:cover;\" srcset=\"https:\/\/romeushipping.com\/wp-content\/uploads\/2024\/07\/PROJECT-CARGO-scaled-1.jpg 704w, https:\/\/romeushipping.com\/wp-content\/uploads\/2024\/07\/PROJECT-CARGO-scaled-1-300x168.jpg 300w\" sizes=\"(max-width: 704px) 100vw, 704px\" \/><\/a><\/figure>\n\n<h3 style=\"margin-top:0px;margin-bottom:0px;margin-left:0px;margin-right:0px;\" class=\"has-text-align-center pos-abs-res pos-bot-0 wp-block-post-title\"><a href=\"https:\/\/romeushipping.com\/pt-pt\/unidades-de-negocio\/carga-de-projeto\/\" target=\"_self\" >Project cargo<\/a><\/h3>\n<\/li><li class=\"wp-block-post post-1683 unidades-de-negocio type-unidades-de-negocio status-publish has-post-thumbnail hentry\">\n<figure style=\"height:208px; margin-bottom:0px;\" class=\"wp-block-post-featured-image\"><a href=\"https:\/\/romeushipping.com\/pt-pt\/unidades-de-negocio\/warehouse\/\" target=\"_self\"  style=\"height:208px\"><img decoding=\"async\" width=\"704\" height=\"528\" src=\"https:\/\/romeushipping.com\/wp-content\/uploads\/2024\/07\/ALMACENES-1.jpg\" class=\"attachment-post-thumbnail size-post-thumbnail wp-post-image\" alt=\"Warehouse\" style=\"height:208px;object-fit:cover;\" srcset=\"https:\/\/romeushipping.com\/wp-content\/uploads\/2024\/07\/ALMACENES-1.jpg 704w, https:\/\/romeushipping.com\/wp-content\/uploads\/2024\/07\/ALMACENES-1-300x225.jpg 300w\" sizes=\"(max-width: 704px) 100vw, 704px\" \/><\/a><\/figure>\n\n<h3 style=\"margin-top:0px;margin-bottom:0px;margin-left:0px;margin-right:0px;\" class=\"has-text-align-center pos-abs-res pos-bot-0 wp-block-post-title\"><a href=\"https:\/\/romeushipping.com\/pt-pt\/unidades-de-negocio\/warehouse\/\" target=\"_self\" >Warehouse<\/a><\/h3>\n<\/li><\/ul>\n\n<\/div>\n<\/div>\n<\/div>\n\n<h2 class=\"wp-block-heading has-text-align-center\"><strong>QUALIDADE<\/strong><\/h2>\n\n<p><strong>Qualidade e conformidade em todos os nossos processos<\/strong><\/p>\n\n<p>Trabalhamos ativamente para melhorar as formas e os processos da nossa organiza\u00e7\u00e3o: obtivemos a certifica\u00e7\u00e3o ISO 9001 do Bureau Veritas.<\/p>\n\n<figure class=\"wp-block-image aligncenter size-medium\"><a href=\"https:\/\/romeushipping.com\/wp-content\/uploads\/2025\/01\/politicas-de-gestion-romeu-y-cia.pdf\" target=\"_blank\" rel=\" noreferrer noopener nofollow\"><img decoding=\"async\" width=\"300\" height=\"145\" src=\"https:\/\/romeushipping.com\/wp-content\/uploads\/2025\/01\/iso-9001-bureau-veritas-certification-300x145.jpg\" alt=\"\" class=\"wp-image-2208\" srcset=\"https:\/\/romeushipping.com\/wp-content\/uploads\/2025\/01\/iso-9001-bureau-veritas-certification-300x145.jpg 300w, https:\/\/romeushipping.com\/wp-content\/uploads\/2025\/01\/iso-9001-bureau-veritas-certification-1024x496.jpg 1024w, https:\/\/romeushipping.com\/wp-content\/uploads\/2025\/01\/iso-9001-bureau-veritas-certification-768x372.jpg 768w, https:\/\/romeushipping.com\/wp-content\/uploads\/2025\/01\/iso-9001-bureau-veritas-certification.jpg 1300w\" sizes=\"(max-width: 300px) 100vw, 300px\" \/><\/a><\/figure>\n\n<p>Podes consultar a nossa Pol\u00edtica de Qualidade clicando <a href=\"https:\/\/romeushipping.com\/wp-content\/uploads\/2025\/01\/politicas-de-gestion-romeu-y-cia.pdf\" target=\"_blank\" rel=\"noreferrer noopener nofollow\">aqui<\/a>.<\/p>\n\n<div style=\"height:100px\" aria-hidden=\"true\" class=\"wp-block-spacer\"><\/div>\n","protected":false},"excerpt":{"rendered":"<p>Romeu e CIA Romeu y Cia teve origem em Tarragona, no s\u00e9culo XIX. No entanto, foi em 1939 que os irm\u00e3os Manuel e Ernesto Romeu Escandell assumiram o controle da empresa, iniciando uma nova era de progresso e expans\u00e3o. Sob a lideran\u00e7a vision\u00e1ria dos irm\u00e3os Romeu, a empresa vivenciou um crescimento significativo e bem-sucedido. Isto [&hellip;]<\/p>\n","protected":false},"author":11,"featured_media":0,"parent":1045,"menu_order":0,"comment_status":"closed","ping_status":"closed","template":"","meta":{"inline_featured_image":false,"footnotes":""},"class_list":["post-991","page","type-page","status-publish","hentry"],"_links":{"self":[{"href":"https:\/\/romeushipping.com\/pt-pt\/wp-json\/wp\/v2\/pages\/991","targetHints":{"allow":["GET"]}}],"collection":[{"href":"https:\/\/romeushipping.com\/pt-pt\/wp-json\/wp\/v2\/pages"}],"about":[{"href":"https:\/\/romeushipping.com\/pt-pt\/wp-json\/wp\/v2\/types\/page"}],"author":[{"embeddable":true,"href":"https:\/\/romeushipping.com\/pt-pt\/wp-json\/wp\/v2\/users\/11"}],"replies":[{"embeddable":true,"href":"https:\/\/romeushipping.com\/pt-pt\/wp-json\/wp\/v2\/comments?post=991"}],"version-history":[{"count":7,"href":"https:\/\/romeushipping.com\/pt-pt\/wp-json\/wp\/v2\/pages\/991\/revisions"}],"predecessor-version":[{"id":2238,"href":"https:\/\/romeushipping.com\/pt-pt\/wp-json\/wp\/v2\/pages\/991\/revisions\/2238"}],"up":[{"embeddable":true,"href":"https:\/\/romeushipping.com\/pt-pt\/wp-json\/wp\/v2\/pages\/1045"}],"wp:attachment":[{"href":"https:\/\/romeushipping.com\/pt-pt\/wp-json\/wp\/v2\/media?parent=991"}],"curies":[{"name":"wp","href":"https:\/\/api.w.org\/{rel}","templated":true}]}}