{"id":1804,"date":"2024-09-03T11:44:07","date_gmt":"2024-09-03T09:44:07","guid":{"rendered":"https:\/\/romeushipping.com\/politica-de-cookies\/"},"modified":"2026-02-10T13:37:19","modified_gmt":"2026-02-10T12:37:19","slug":"politica-de-cookies","status":"publish","type":"page","link":"https:\/\/romeushipping.com\/pt-pt\/politica-de-cookies\/","title":{"rendered":"Pol\u00edtica de cookies"},"content":{"rendered":"\n<h1 class=\"wp-block-heading has-text-align-center\">Pol\u00edtica de cookies<\/h1>\n\n<h2 class=\"wp-block-heading\">O que s\u00e3o cookies?<\/h2>\n\n<p>Um Cookie \u00e9 qualquer tipo de ficheiro ou dispositivo que \u00e9 descarregado para o equipamento terminal de um utilizador com o objetivo de armazenar dados que podem ser actualizados e recuperados pela entidade respons\u00e1vel pela sua instala\u00e7\u00e3o.<\/p>\n\n<h4 class=\"wp-block-heading\">Tipos de cookies<\/h4>\n\n<p>Dependendo da entidade que os gere:<\/p>\n\n<ul class=\"wp-block-list\">\n<li><strong>Cookies pr\u00f3prios:<\/strong> S\u00e3o aqueles que s\u00e3o enviados para o equipamento terminal do utilizador a partir de um computador ou dom\u00ednio gerido pelo pr\u00f3prio editor e a partir do qual \u00e9 prestado o servi\u00e7o solicitado pelo utilizador.<\/li>\n\n\n\n<li><strong>Cookies de terceiros:<\/strong> S\u00e3o aqueles que s\u00e3o enviados para o equipamento terminal do utilizador a partir de um computador ou dom\u00ednio que n\u00e3o \u00e9 gerido pelo editor, mas por outra entidade que processa os dados obtidos atrav\u00e9s dos cookies.<\/li>\n<\/ul>\n\n<p>Dependendo do tempo que permanecem activados:<\/p>\n\n<ul class=\"wp-block-list\">\n<li><strong>Cookies de sess\u00e3o: <\/strong>s\u00e3o um tipo de cookie concebido para recolher e armazenar dados enquanto o utilizador acede a um s\u00edtio Web. S\u00e3o normalmente utilizados para armazenar informa\u00e7\u00f5es que s\u00f3 precisam de ser conservadas para a presta\u00e7\u00e3o do servi\u00e7o solicitado pelo utilizador numa \u00fanica ocasi\u00e3o (por exemplo, uma lista de produtos comprados). <\/li>\n\n\n\n<li><strong>Cookies persistentes: <\/strong>Trata-se de um tipo de cookie em que os dados ficam armazenados no terminal e podem ser acedidos e tratados durante um per\u00edodo definido pelo respons\u00e1vel pelo cookie, que pode ir de alguns minutos a v\u00e1rios anos.<\/li>\n<\/ul>\n\n<p>De acordo com o seu objetivo:<\/p>\n\n<ul class=\"wp-block-list\">\n<li><strong>Cookies t\u00e9cnicos:<\/strong> Permitem ao utilizador navegar atrav\u00e9s de um site, plataforma ou aplica\u00e7\u00e3o e utilizar as diferentes op\u00e7\u00f5es ou servi\u00e7os existentes no mesmo, como, por exemplo, controlar o tr\u00e1fego e a comunica\u00e7\u00e3o de dados, identificar a sess\u00e3o, aceder a \u00e1reas restritas, recordar os elementos que comp\u00f5em uma encomenda, realizar o processo de compra de uma encomenda, solicitar a inscri\u00e7\u00e3o ou participa\u00e7\u00e3o num evento, utilizar elementos de seguran\u00e7a durante a navega\u00e7\u00e3o, armazenar conte\u00fados para a difus\u00e3o de v\u00eddeos ou som ou partilhar conte\u00fados atrav\u00e9s das redes sociais.<\/li>\n\n\n\n<li><strong>Cookies de personaliza\u00e7\u00e3o:<\/strong> Estes cookies permitem ao utilizador aceder ao servi\u00e7o com algumas carater\u00edsticas gerais predefinidas em fun\u00e7\u00e3o de uma s\u00e9rie de crit\u00e9rios no terminal do utilizador, tais como a l\u00edngua, o tipo de navegador utilizado para aceder ao servi\u00e7o, a configura\u00e7\u00e3o regional a partir da qual se acede ao servi\u00e7o, etc.<\/li>\n\n\n\n<li><strong>Cookies de an\u00e1lise:<\/strong> Estes cookies permitem \u00e0 parte respons\u00e1vel por eles monitorizar e analisar o comportamento dos utilizadores dos s\u00edtios Web a que est\u00e3o ligados. As informa\u00e7\u00f5es recolhidas atrav\u00e9s deste tipo de cookies s\u00e3o utilizadas para medir a atividade dos s\u00edtios Web, aplica\u00e7\u00e3o ou plataforma e para a elabora\u00e7\u00e3o de perfis de navega\u00e7\u00e3o dos utilizadores desses s\u00edtios, aplica\u00e7\u00f5es e plataformas, a fim de introduzir melhorias com base na an\u00e1lise dos dados sobre a utiliza\u00e7\u00e3o feita pelos utilizadores do servi\u00e7o. <\/li>\n\n\n\n<li><strong>Cookies publicit\u00e1rios:<\/strong> s\u00e3o aqueles que permitem gerir, da forma mais eficaz poss\u00edvel, os espa\u00e7os publicit\u00e1rios que, se for caso disso, o editor tenha inclu\u00eddo num s\u00edtio Web, aplica\u00e7\u00e3o ou plataforma a partir da qual se presta o servi\u00e7o solicitado, com base em crit\u00e9rios como o conte\u00fado editado ou a frequ\u00eancia com que os an\u00fancios s\u00e3o exibidos.<\/li>\n\n\n\n<li><strong>Cookies de publicidade comportamental:<\/strong> Estes cookies permitem a gest\u00e3o, da forma mais eficaz poss\u00edvel, dos espa\u00e7os publicit\u00e1rios que, se for caso disso, o editor tenha inclu\u00eddo num s\u00edtio web, aplica\u00e7\u00e3o ou plataforma a partir da qual se presta o servi\u00e7o solicitado. Estes cookies armazenam informa\u00e7\u00f5es sobre o comportamento dos utilizadores obtidas atrav\u00e9s da observa\u00e7\u00e3o cont\u00ednua dos seus h\u00e1bitos de navega\u00e7\u00e3o, o que permite desenvolver um perfil espec\u00edfico para apresentar publicidade com base no mesmo. <\/li>\n<\/ul>\n\n<h4 class=\"wp-block-heading\">Que tipos de cookies utiliza este s\u00edtio Web?<\/h4>\n\n<p>Os cookies emitidos por www.romeu.com s\u00e3o os seguintes:<\/p>\n\n<figure class=\"wp-block-table\"><table class=\"has-fixed-layout\"><tbody><tr><td><strong>NOME<\/strong><\/td><td><strong>ID<\/strong><\/td><td><strong>TIPO<\/strong><\/td><td><strong>OBJECTIVO<\/strong><\/td><td><strong>MAIS INFORMA\u00c7\u00d5ES<\/strong><\/td><td><strong>PROPRIET\u00c1RIO DO COOKIE<\/strong><\/td><\/tr><tr><td> _ga, _gat, _gid<\/td><td>  1<\/td><td> Analytics<\/td><td> Elabora\u00e7\u00e3o de estat\u00edsticas<\/td><td>Estes cookies s\u00e3o definidos pelo Google Analytic para monitorizar a utiliza\u00e7\u00e3o do s\u00edtio Web. Estes cookies n\u00e3o s\u00e3o definidos se o utilizador desativar os cookies deste s\u00edtio Web. <\/td><td> Google<\/td><\/tr><tr><td> _icl_current_language<\/td><td>  2<\/td><td> L\u00edngua<\/td><td>Identifica a l\u00edngua do utilizador<\/td><td>Identifica e armazena o idioma de navega\u00e7\u00e3o do utilizador na p\u00e1gina para apresentar artigos do blogue em ingl\u00eas ou espanhol.<\/td><td>WPML WordPress<\/td><\/tr><\/tbody><\/table><\/figure>\n\n<div class=\"cky-audit-table-element\"><\/div>\n\n<h3 class=\"wp-block-heading\">Para apagar os cookies do seu browser:<\/h3>\n\n<p>O utilizador pode gerir a utiliza\u00e7\u00e3o de cookies atrav\u00e9s do navegador instalado no seu computador. Nas liga\u00e7\u00f5es seguintes, pode saber que tipo de cookies foram instalados, bem como o procedimento para os bloquear ou eliminar do seu computador. Em fun\u00e7\u00e3o do navegador utilizado, pode utilizar uma das seguintes liga\u00e7\u00f5es:  <\/p>\n\n<ul class=\"wp-block-list\">\n<li>Firefox: <a href=\"https:\/\/support.mozilla.org\/es\/kb\/Borrar%20cookies\" target=\"_blank\" rel=\"noreferrer noopener\">https:\/\/support.mozilla.org\/es\/kb\/Borrar%20cookies<\/a><\/li>\n\n\n\n<li>Chrome: <a href=\"https:\/\/support.google.com\/chrome\/bin\/answer.py?hl=es&amp;answer=95647\" target=\"_blank\" rel=\"noreferrer noopener\">https:\/\/support.google.com\/chrome\/bin\/answer.py?hl=esanswer=95647<\/a><\/li>\n\n\n\n<li>Safari: <a href=\"https:\/\/support.apple.com\/kb\/PH19214?locale=es_ES&amp;viewlocale=es_ES\" target=\"_blank\" rel=\"noreferrer noopener\">https:\/\/support.apple.com\/kb\/PH19214?locale=es_ESviewlocale=es_ES<\/a><\/li>\n\n\n\n<li>Explorer: <a href=\"https:\/\/windows.microsoft.com\/es-es\/windows7\/how-to-manage-cookies-in-internet-explorer-9\" target=\"_blank\" rel=\"noreferrer noopener\">https:\/\/windows.microsoft.com\/es-es\/windows7\/how-to-manage-cookies-in-internet-explorer-9<\/a><\/li>\n\n\n\n<li>Opera: <a href=\"https:\/\/help.opera.com\/Windows\/11.50\/es-ES\/cookies.html\" target=\"_blank\" rel=\"noreferrer noopener\">https:\/\/help.opera.com\/Windows\/11.50\/es-ES\/cookies.html<\/a><\/li>\n<\/ul>\n\n<div style=\"height:40px\" aria-hidden=\"true\" class=\"wp-block-spacer\"><\/div>\n","protected":false},"excerpt":{"rendered":"<p>Pol\u00edtica de cookies O que s\u00e3o cookies? Um Cookie \u00e9 qualquer tipo de ficheiro ou dispositivo que \u00e9 descarregado para o equipamento terminal de um utilizador com o objetivo de armazenar dados que podem ser actualizados e recuperados pela entidade respons\u00e1vel pela sua instala\u00e7\u00e3o. Tipos de cookies Dependendo da entidade que os gere: Dependendo do [&hellip;]<\/p>\n","protected":false},"author":11,"featured_media":0,"parent":0,"menu_order":0,"comment_status":"closed","ping_status":"closed","template":"","meta":{"inline_featured_image":false,"footnotes":""},"class_list":["post-1804","page","type-page","status-publish","hentry"],"_links":{"self":[{"href":"https:\/\/romeushipping.com\/pt-pt\/wp-json\/wp\/v2\/pages\/1804","targetHints":{"allow":["GET"]}}],"collection":[{"href":"https:\/\/romeushipping.com\/pt-pt\/wp-json\/wp\/v2\/pages"}],"about":[{"href":"https:\/\/romeushipping.com\/pt-pt\/wp-json\/wp\/v2\/types\/page"}],"author":[{"embeddable":true,"href":"https:\/\/romeushipping.com\/pt-pt\/wp-json\/wp\/v2\/users\/11"}],"replies":[{"embeddable":true,"href":"https:\/\/romeushipping.com\/pt-pt\/wp-json\/wp\/v2\/comments?post=1804"}],"version-history":[{"count":1,"href":"https:\/\/romeushipping.com\/pt-pt\/wp-json\/wp\/v2\/pages\/1804\/revisions"}],"predecessor-version":[{"id":1805,"href":"https:\/\/romeushipping.com\/pt-pt\/wp-json\/wp\/v2\/pages\/1804\/revisions\/1805"}],"wp:attachment":[{"href":"https:\/\/romeushipping.com\/pt-pt\/wp-json\/wp\/v2\/media?parent=1804"}],"curies":[{"name":"wp","href":"https:\/\/api.w.org\/{rel}","templated":true}]}}