{"id":1671,"date":"2024-09-11T12:08:03","date_gmt":"2024-09-11T10:08:03","guid":{"rendered":"https:\/\/romeushipping.com\/canal-de-etica-e-de-conformidade\/"},"modified":"2026-02-10T13:36:51","modified_gmt":"2026-02-10T12:36:51","slug":"canal-de-etica-e-de-conformidade","status":"publish","type":"page","link":"https:\/\/romeushipping.com\/pt-pt\/canal-de-etica-e-de-conformidade\/","title":{"rendered":"Canal de \u00c9tica e de Conformidade"},"content":{"rendered":"\n<div class=\"wp-block-group alignfull has-global-padding is-layout-constrained wp-container-core-group-is-layout-e23df5b9 wp-block-group-is-layout-constrained\" style=\"margin-top:0px;padding-right:0px;padding-bottom:48px\">\n<div class=\"wp-block-columns alignwide are-vertically-aligned-center is-layout-flex wp-container-core-columns-is-layout-67c09cde wp-block-columns-is-layout-flex\">\n<div class=\"wp-block-column is-vertically-aligned-center is-layout-flow wp-block-column-is-layout-flow\">\n<div class=\"wp-block-group has-global-padding is-content-justification-right is-layout-constrained wp-container-core-group-is-layout-3281dfb3 wp-block-group-is-layout-constrained\">\n<h1 class=\"wp-block-heading\">Canal de \u00c9tica e de Conformidade<\/h1>\n<\/div>\n<\/div>\n\n\n\n<div class=\"wp-block-column is-vertically-aligned-center pos-rel is-layout-flow wp-block-column-is-layout-flow\">\n<figure class=\"wp-block-image size-full\"><img decoding=\"async\" width=\"704\" height=\"335\" src=\"https:\/\/romeushipping.com\/wp-content\/uploads\/2024\/07\/bu-card.jpg\" alt=\"\" class=\"wp-image-205\" srcset=\"https:\/\/romeushipping.com\/wp-content\/uploads\/2024\/07\/bu-card.jpg 704w, https:\/\/romeushipping.com\/wp-content\/uploads\/2024\/07\/bu-card-300x143.jpg 300w\" sizes=\"(max-width: 704px) 100vw, 704px\" \/><\/figure>\n<\/div>\n<\/div>\n<\/div>\n\n<div class=\"wp-block-group alignfull has-global-padding is-layout-constrained wp-container-core-group-is-layout-e10df66b wp-block-group-is-layout-constrained\" style=\"margin-top:0px;padding-top:0px;padding-bottom:0px\">\n<p style=\"margin-top:48px;margin-bottom:48px\">A fim de prevenir, descobrir e sancionar incumprimentos ou infra\u00e7\u00f5es do C\u00f3digo de \u00c9tica ou, em geral, do Programa de Conformidade da Romeu Shipping division ou outras irregularidades ou infra\u00e7\u00f5es da legisla\u00e7\u00e3o aplic\u00e1vel que possam ocorrer por membros ou por terceiros com os quais a Romeu Shipping Division se relaciona ou se vincula profissionalmente, bem como levantar quest\u00f5es ou d\u00favidas, este Canal de \u00c9tica e Conformidade \u00e9 habilitado, que permite a qualquer pessoa que tenha tido conhecimento de tais infra\u00e7\u00f5es dar a conhecer tal circunst\u00e2ncia ao Chief Compliance Officer DPO da Romeu Shipping Division, mesmo anonimamente.<\/p>\n<\/div>\n\n<div class=\"wp-block-group alignfull has-background has-global-padding is-layout-constrained wp-container-core-group-is-layout-b5a2d89d wp-block-group-is-layout-constrained\" style=\"background-color:#f5f5f5;padding-top:48px;padding-right:32px;padding-bottom:48px;padding-left:32px\">\n<h2 class=\"wp-block-heading has-text-align-center\">O que pode ser comunicado pelo canal de \u00e9tica de conformidade?<\/h2>\n\n\n\n<div class=\"wp-block-columns cols-br-16 is-layout-flex wp-container-core-columns-is-layout-ac9d9d3e wp-block-columns-is-layout-flex\" style=\"margin-top:40px\">\n<div class=\"wp-block-column has-base-background-color has-background is-layout-flow wp-block-column-is-layout-flow\">\n<div class=\"wp-block-group has-global-padding is-layout-constrained wp-container-core-group-is-layout-41ddcc81 wp-block-group-is-layout-constrained\" style=\"border-radius:16px;min-height:202px;padding-top:32px;padding-right:32px;padding-bottom:32px;padding-left:32px\">\n<figure class=\"wp-block-image size-large\"><img decoding=\"async\" width=\"48\" height=\"48\" src=\"https:\/\/romeushipping.com\/wp-content\/uploads\/2024\/07\/Group-7.svg\" alt=\"Group\" class=\"wp-image-181\"\/><\/figure>\n\n\n\n<p>Qualquer infra\u00e7\u00e3o ou n\u00e3o conformidade com o Programa de Conformidade e demais regulamentos internos da Romeu Shipping Division, os valores, orienta\u00e7\u00f5es de atua\u00e7\u00e3o ou normas de conduta nele contidas.<\/p>\n<\/div>\n<\/div>\n\n\n\n<div class=\"wp-block-column has-base-background-color has-background is-layout-flow wp-block-column-is-layout-flow\">\n<div class=\"wp-block-group has-global-padding is-layout-constrained wp-container-core-group-is-layout-41ddcc81 wp-block-group-is-layout-constrained\" style=\"border-radius:16px;min-height:202px;padding-top:32px;padding-right:32px;padding-bottom:32px;padding-left:32px\">\n<figure class=\"wp-block-image size-large\"><img decoding=\"async\" width=\"48\" height=\"48\" src=\"https:\/\/romeushipping.com\/wp-content\/uploads\/2024\/07\/contenedor.svg\" alt=\"\" class=\"wp-image-522\"\/><\/figure>\n\n\n\n<p>Qualquer viola\u00e7\u00e3o da legisla\u00e7\u00e3o vigente aplic\u00e1vel.<\/p>\n<\/div>\n<\/div>\n\n\n\n<div class=\"wp-block-column has-base-background-color has-background is-layout-flow wp-block-column-is-layout-flow\">\n<div class=\"wp-block-group has-global-padding is-layout-constrained wp-container-core-group-is-layout-41ddcc81 wp-block-group-is-layout-constrained\" style=\"border-radius:16px;min-height:202px;padding-top:32px;padding-right:32px;padding-bottom:32px;padding-left:32px\">\n<figure class=\"wp-block-image size-large\"><img decoding=\"async\" width=\"48\" height=\"48\" src=\"https:\/\/romeushipping.com\/wp-content\/uploads\/2024\/07\/Comercial-dashboard-icons-5.svg\" alt=\"&#xCD;cones do painel de controlo comercial\" class=\"wp-image-629\"\/><\/figure>\n\n\n\n<p>Qualquer situa\u00e7\u00e3o de ass\u00e9dio ou discrimina\u00e7\u00e3o com base no sexo, orienta\u00e7\u00e3o sexual, religi\u00e3o ou qualquer outra circunst\u00e2ncia pessoal.<\/p>\n<\/div>\n<\/div>\n\n\n\n<div class=\"wp-block-column has-base-background-color has-background is-layout-flow wp-block-column-is-layout-flow\">\n<div class=\"wp-block-group has-global-padding is-layout-constrained wp-container-core-group-is-layout-41ddcc81 wp-block-group-is-layout-constrained\" style=\"border-radius:16px;min-height:202px;padding-top:32px;padding-right:32px;padding-bottom:32px;padding-left:32px\">\n<figure class=\"wp-block-image size-large\"><img decoding=\"async\" width=\"48\" height=\"48\" src=\"https:\/\/romeushipping.com\/wp-content\/uploads\/2024\/07\/gestion.svg\" alt=\"\" class=\"wp-image-524\"\/><\/figure>\n\n\n\n<p>Qualquer conting\u00eancia que possa representar um risco para a reputa\u00e7\u00e3o da Romeu Shipping Division.<\/p>\n<\/div>\n<\/div>\n\n\n\n<div class=\"wp-block-column has-base-background-color has-background is-layout-flow wp-block-column-is-layout-flow\">\n<div class=\"wp-block-group has-global-padding is-layout-constrained wp-container-core-group-is-layout-41ddcc81 wp-block-group-is-layout-constrained\" style=\"border-radius:16px;min-height:202px;padding-top:32px;padding-right:32px;padding-bottom:32px;padding-left:32px\">\n<figure class=\"wp-block-image size-large\"><img decoding=\"async\" width=\"48\" height=\"48\" src=\"https:\/\/romeushipping.com\/wp-content\/uploads\/2024\/07\/ventas.svg\" alt=\"\" class=\"wp-image-526\"\/><\/figure>\n\n\n\n<p>Quest\u00f5es ou d\u00favidas relativas \u00e0 implementa\u00e7\u00e3o do Programa de Conformidade.<\/p>\n<\/div>\n<\/div>\n<\/div>\n<\/div>\n\n<div class=\"wp-block-group alignfull has-global-padding is-layout-constrained wp-container-core-group-is-layout-53955990 wp-block-group-is-layout-constrained\" style=\"margin-top:0px;margin-bottom:0px;padding-top:48px;padding-bottom:48px\">\n<p style=\"margin-bottom:0px\">Em qualquer caso, o conte\u00fado da comunica\u00e7\u00e3o deve estar relacionado com comportamentos ou atos cometidos por membros e terceiros com os quais a Romeu Shipping Division se relaciona ou vincula profissionalmente ou com quest\u00f5es sobre o Programa de Conformidade.<\/p>\n\n\n\n<p>N\u00e3o deve utilizar o Canal de \u00c9tica e Conformidade para acusar falsamente outras pessoas e n\u00e3o deve fornecer informa\u00e7\u00f5es falsas. Do mesmo modo, todo o tipo de repres\u00e1lias contra pessoas que fazem uma comunica\u00e7\u00e3o de boa-f\u00e9 s\u00e3o expressamente proibidas. A proibi\u00e7\u00e3o tamb\u00e9m afeta familiares, funcion\u00e1rios e outras pessoas associadas \u00e0 pessoa que faz a comunica\u00e7\u00e3o.  <\/p>\n\n\n\n<p>Todas as comunica\u00e7\u00f5es ser\u00e3o tratadas de modo confidencial.<\/p>\n<\/div>\n\n<div class=\"wp-block-group alignfull has-background has-global-padding is-layout-constrained wp-container-core-group-is-layout-b5a2d89d wp-block-group-is-layout-constrained\" style=\"background-color:#f5f5f5;padding-top:48px;padding-right:32px;padding-bottom:48px;padding-left:32px\">\n<h2 class=\"wp-block-heading has-text-align-center\">Quem pode fazer uma comunica\u00e7\u00e3o?<\/h2>\n\n\n\n<div class=\"wp-block-columns cols-br-16 is-layout-flex wp-container-core-columns-is-layout-ac9d9d3e wp-block-columns-is-layout-flex\" style=\"margin-top:40px\">\n<div class=\"wp-block-column has-base-background-color has-background is-layout-flow wp-block-column-is-layout-flow\">\n<div class=\"wp-block-group has-global-padding is-layout-constrained wp-container-core-group-is-layout-41ddcc81 wp-block-group-is-layout-constrained\" style=\"border-radius:16px;min-height:202px;padding-top:32px;padding-right:32px;padding-bottom:32px;padding-left:32px\">\n<figure class=\"wp-block-image size-large\"><img decoding=\"async\" width=\"48\" height=\"48\" src=\"https:\/\/romeushipping.com\/wp-content\/uploads\/2024\/07\/Group-7.svg\" alt=\"Group\" class=\"wp-image-181\"\/><\/figure>\n\n\n\n<p>Todos os membros da ROMEU, incluindo estagi\u00e1rios, volunt\u00e1rios, colaboradores em forma\u00e7\u00e3o, antigos colaboradores e candidatos em processo de sele\u00e7\u00e3o ou negocia\u00e7\u00e3o.<\/p>\n<\/div>\n<\/div>\n\n\n\n<div class=\"wp-block-column has-base-background-color has-background is-layout-flow wp-block-column-is-layout-flow\">\n<div class=\"wp-block-group has-global-padding is-layout-constrained wp-container-core-group-is-layout-41ddcc81 wp-block-group-is-layout-constrained\" style=\"border-radius:16px;min-height:202px;padding-top:32px;padding-right:32px;padding-bottom:32px;padding-left:32px\">\n<figure class=\"wp-block-image size-large\"><img decoding=\"async\" width=\"48\" height=\"48\" src=\"https:\/\/romeushipping.com\/wp-content\/uploads\/2024\/07\/contenedor.svg\" alt=\"\" class=\"wp-image-522\"\/><\/figure>\n\n\n\n<p>Acionistas, s\u00f3cios e pessoas pertencentes ao \u00f3rg\u00e3o de administra\u00e7\u00e3o, dire\u00e7\u00e3o ou supervis\u00e3o de uma empresa, incluindo membros n\u00e3o executivos.<\/p>\n<\/div>\n<\/div>\n\n\n\n<div class=\"wp-block-column has-base-background-color has-background is-layout-flow wp-block-column-is-layout-flow\">\n<div class=\"wp-block-group has-global-padding is-layout-constrained wp-container-core-group-is-layout-41ddcc81 wp-block-group-is-layout-constrained\" style=\"border-radius:16px;min-height:202px;padding-top:32px;padding-right:32px;padding-bottom:32px;padding-left:32px\">\n<figure class=\"wp-block-image size-large\"><img decoding=\"async\" width=\"48\" height=\"48\" src=\"https:\/\/romeushipping.com\/wp-content\/uploads\/2024\/07\/gestion.svg\" alt=\"\" class=\"wp-image-524\"\/><\/figure>\n\n\n\n<p>Empreiteiros, subcontratados e fornecedores, bem como as pessoas que para eles trabalham.<\/p>\n<\/div>\n<\/div>\n<\/div>\n<\/div>\n\n<div class=\"wp-block-group alignfull has-global-padding is-layout-constrained wp-container-core-group-is-layout-1723dff9 wp-block-group-is-layout-constrained\" style=\"margin-top:0px;margin-bottom:48px;padding-top:48px;padding-bottom:48px\">\n<p style=\"margin-bottom:0px\">Informamos que a ROMINVEST S.L., na qualidade de respons\u00e1vel pelo tratamento dos dados, tratar\u00e1 os seus dados de forma a atender ao seu pedido e gerir a reclama\u00e7\u00e3o apresentada atrav\u00e9s deste canal, cuja base legal para o tratamento \u00e9 o cumprimento de uma obriga\u00e7\u00e3o legal imposta pela Lei 2\/2023, de 20 de fevereiro, que regula a prote\u00e7\u00e3o das pessoas que denunciam infra\u00e7\u00f5es regulamentares e o combate \u00e0 corrup\u00e7\u00e3o. <\/p>\n\n\n\n<p style=\"margin-bottom:0px\">Para mais informa\u00e7\u00f5es sobre o Canal de \u00c9tica e o tratamento dos seus dados, visite<\/p>\n\n\n\n<p>Pode exercer os seus direitos no seguinte endere\u00e7o: <a href=\"mailto:dpo@romeu.com\">dpo@romeu.com<\/a> <\/p>\n\n\n\n<p>Para mais informa\u00e7\u00f5es sobre o Canal de \u00c9tica e o tratamento dos seus dados, clique <a href=\"#\">aqui.<\/a><\/p>\n<\/div>\n\n<div class=\"wp-block-group alignfull pos-rel has-global-padding is-layout-constrained wp-block-group-is-layout-constrained\">\n<h2 class=\"wp-block-heading has-text-align-center\">c\u00f3digo de \u00e9tica e conformidade<\/h2>\n\n\n\n<div class=\"wp-block-group is-content-justification-center is-layout-flex wp-container-core-group-is-layout-6fb47b82 wp-block-group-is-layout-flex\" style=\"margin-top:40px;margin-bottom:48px\">\n<div class=\"wp-block-group has-border-color has-global-padding is-layout-constrained wp-container-core-group-is-layout-f38a20ec wp-block-group-is-layout-constrained\" style=\"border-color:#cccccc;border-width:1px;border-radius:16px;min-height:257px;padding-top:32px;padding-right:32px;padding-bottom:32px;padding-left:32px\">\n<div class=\"wp-block-group is-vertical is-content-justification-stretch is-layout-flex wp-container-core-group-is-layout-353c4f5a wp-block-group-is-layout-flex\">\n<div class=\"wp-block-group has-global-padding is-layout-constrained wp-block-group-is-layout-constrained\">\n<h3 class=\"wp-block-heading has-text-align-left\">Cl\u00e1usula de informa\u00e7\u00e3o sobre o canal \u00e9tico<\/h3>\n\n\n\n<p>09 de janeiro de 2024<\/p>\n<\/div>\n\n\n\n<div class=\"wp-block-buttons is-layout-flex wp-block-buttons-is-layout-flex\">\n<div class=\"wp-block-button is-style-outline is-style-outline--1\"><a class=\"wp-block-button__link wp-element-button\">Ver<\/a><\/div>\n<\/div>\n<\/div>\n<\/div>\n\n\n\n<div class=\"wp-block-group has-border-color has-global-padding is-layout-constrained wp-container-core-group-is-layout-f38a20ec wp-block-group-is-layout-constrained\" style=\"border-color:#cccccc;border-width:1px;border-radius:16px;min-height:257px;padding-top:32px;padding-right:32px;padding-bottom:32px;padding-left:32px\">\n<div class=\"wp-block-group is-vertical is-content-justification-stretch is-layout-flex wp-container-core-group-is-layout-353c4f5a wp-block-group-is-layout-flex\">\n<div class=\"wp-block-group has-global-padding is-layout-constrained wp-block-group-is-layout-constrained\">\n<h3 class=\"wp-block-heading has-text-align-left\">Cl\u00e1usula de informa\u00e7\u00e3o sobre o canal \u00e9tico<\/h3>\n\n\n\n<p>09 de janeiro de 2024<\/p>\n<\/div>\n\n\n\n<div class=\"wp-block-buttons is-layout-flex wp-block-buttons-is-layout-flex\">\n<div class=\"wp-block-button is-style-outline is-style-outline--2\"><a class=\"wp-block-button__link wp-element-button\">Ver<\/a><\/div>\n<\/div>\n<\/div>\n<\/div>\n\n\n\n<div class=\"wp-block-group has-border-color has-global-padding is-layout-constrained wp-container-core-group-is-layout-f38a20ec wp-block-group-is-layout-constrained\" style=\"border-color:#cccccc;border-width:1px;border-radius:16px;min-height:257px;padding-top:32px;padding-right:32px;padding-bottom:32px;padding-left:32px\">\n<div class=\"wp-block-group is-vertical is-content-justification-stretch is-layout-flex wp-container-core-group-is-layout-353c4f5a wp-block-group-is-layout-flex\">\n<div class=\"wp-block-group has-global-padding is-layout-constrained wp-block-group-is-layout-constrained\">\n<h3 class=\"wp-block-heading has-text-align-left\">Cl\u00e1usula de informa\u00e7\u00e3o sobre o canal \u00e9tico<\/h3>\n\n\n\n<p>09 de janeiro de 2024<\/p>\n<\/div>\n\n\n\n<div class=\"wp-block-buttons is-layout-flex wp-block-buttons-is-layout-flex\">\n<div class=\"wp-block-button is-style-outline is-style-outline--3\"><a class=\"wp-block-button__link wp-element-button\">Ver<\/a><\/div>\n<\/div>\n<\/div>\n<\/div>\n<\/div>\n<\/div>\n\n<p><\/p>\n","protected":false},"excerpt":{"rendered":"<p>Canal de \u00c9tica e de Conformidade A fim de prevenir, descobrir e sancionar incumprimentos ou infra\u00e7\u00f5es do C\u00f3digo de \u00c9tica ou, em geral, do Programa de Conformidade da Romeu Shipping division ou outras irregularidades ou infra\u00e7\u00f5es da legisla\u00e7\u00e3o aplic\u00e1vel que possam ocorrer por membros ou por terceiros com os quais a Romeu Shipping Division se [&hellip;]<\/p>\n","protected":false},"author":11,"featured_media":0,"parent":0,"menu_order":0,"comment_status":"closed","ping_status":"closed","template":"","meta":{"inline_featured_image":false,"footnotes":""},"class_list":["post-1671","page","type-page","status-publish","hentry"],"_links":{"self":[{"href":"https:\/\/romeushipping.com\/pt-pt\/wp-json\/wp\/v2\/pages\/1671","targetHints":{"allow":["GET"]}}],"collection":[{"href":"https:\/\/romeushipping.com\/pt-pt\/wp-json\/wp\/v2\/pages"}],"about":[{"href":"https:\/\/romeushipping.com\/pt-pt\/wp-json\/wp\/v2\/types\/page"}],"author":[{"embeddable":true,"href":"https:\/\/romeushipping.com\/pt-pt\/wp-json\/wp\/v2\/users\/11"}],"replies":[{"embeddable":true,"href":"https:\/\/romeushipping.com\/pt-pt\/wp-json\/wp\/v2\/comments?post=1671"}],"version-history":[{"count":1,"href":"https:\/\/romeushipping.com\/pt-pt\/wp-json\/wp\/v2\/pages\/1671\/revisions"}],"predecessor-version":[{"id":1672,"href":"https:\/\/romeushipping.com\/pt-pt\/wp-json\/wp\/v2\/pages\/1671\/revisions\/1672"}],"wp:attachment":[{"href":"https:\/\/romeushipping.com\/pt-pt\/wp-json\/wp\/v2\/media?parent=1671"}],"curies":[{"name":"wp","href":"https:\/\/api.w.org\/{rel}","templated":true}]}}