{"id":1216,"date":"2024-07-08T08:59:08","date_gmt":"2024-07-08T06:59:08","guid":{"rendered":"https:\/\/romeushipping.com\/conformidade\/"},"modified":"2026-02-10T13:36:55","modified_gmt":"2026-02-10T12:36:55","slug":"conformidade","status":"publish","type":"page","link":"https:\/\/romeushipping.com\/pt-pt\/conformidade\/","title":{"rendered":"Conformidade"},"content":{"rendered":"\n<div id=\"nosotros\" class=\"wp-block-group has-global-padding is-layout-constrained wp-block-group-is-layout-constrained\" style=\"padding-top:24px;padding-bottom:48px\">\n<h1 class=\"wp-block-heading has-text-align-center\">Programa de conformidade Romeu<\/h1>\n<\/div>\n\n<div class=\"wp-block-group alignfull margin-auto-res has-global-padding is-layout-constrained wp-container-core-group-is-layout-7c660b90 wp-block-group-is-layout-constrained\" style=\"margin-top:0px;padding-top:48px;padding-right:0px;padding-bottom:48px\">\n<div class=\"wp-block-columns alignwide are-vertically-aligned-center is-layout-flex wp-container-core-columns-is-layout-67c09cde wp-block-columns-is-layout-flex\">\n<div class=\"wp-block-column is-vertically-aligned-center is-layout-flow wp-block-column-is-layout-flow\">\n<div class=\"wp-block-group has-global-padding is-content-justification-right is-layout-constrained wp-container-core-group-is-layout-56f5bac7 wp-block-group-is-layout-constrained\">\n<div class=\"wp-block-group has-global-padding is-content-justification-left is-layout-constrained wp-container-core-group-is-layout-a0c39f06 wp-block-group-is-layout-constrained\">\n<p>O trabalho quotidiano da ROMEU Shipping Division situa-se entre alf\u00e2ndegas, transportes e log\u00edstica, transit\u00e1rios, NVOCC, shipping, portos e escrit\u00f3rios em muitas partes do mundo, mas, tal como sabemos que o esfor\u00e7o e a perseveran\u00e7a nos trouxeram ao que hoje \u00e9 a ROMEU Shipping Division, tamb\u00e9m estamos conscientes da import\u00e2ncia de desenvolver a nossa atividade de acordo com valores \u00e9ticos.<\/p>\n\n\n\n<p>Convidamo-lo a ler o nosso <strong>C\u00f3digo de \u00c9tica e de Conduta<\/strong>, tornando-o parte da nossa cultura e dos nossos valores.<\/p>\n\n\n\n<p>Adem\u00e1s, con el claro objetivo de poder conocer y detectar cualquier elemento que dificulte la eficacia de nuestro Programa de Cumplimiento, hemos habilitado un <strong>Canal \u00c9tico y de Cumplimiento <\/strong>a trav\u00e9s del cual, los miembros de ROMEU Shipping Division pueden comunicar las posibles conductas irregulares que se hayan podido cometer en el desarrollo de nuestra actividad.<\/p>\n\n\n\n<p>Dispomos ainda de um conjunto de Pol\u00edticas e Protocolos que desenvolvem os princ\u00edpios e valores proclamados no C\u00f3digo de \u00c9tica e Conduta, como a Pol\u00edtica Anticorrup\u00e7\u00e3o ou a Pol\u00edtica de Preven\u00e7\u00e3o do Branqueamento de Capitais. Na mesma linha, existe ainda a figura do Chief Compliance Officer, que \u00e9 a pessoa respons\u00e1vel por supervisionar o correto funcionamento do Programa de Compliance. <\/p>\n<\/div>\n<\/div>\n<\/div>\n\n\n\n<div class=\"wp-block-column is-vertically-aligned-center pos-rel is-layout-flow wp-block-column-is-layout-flow\">\n<figure class=\"wp-block-image size-full\"><img decoding=\"async\" width=\"703\" height=\"590\" src=\"https:\/\/romeushipping.com\/wp-content\/uploads\/2024\/09\/cover__compliance.png\" alt=\"\" class=\"wp-image-1641\" srcset=\"https:\/\/romeushipping.com\/wp-content\/uploads\/2024\/09\/cover__compliance.png 703w, https:\/\/romeushipping.com\/wp-content\/uploads\/2024\/09\/cover__compliance-300x252.png 300w\" sizes=\"(max-width: 703px) 100vw, 703px\" \/><\/figure>\n<\/div>\n<\/div>\n<\/div>\n","protected":false},"excerpt":{"rendered":"<p>Programa de conformidade Romeu O trabalho quotidiano da ROMEU Shipping Division situa-se entre alf\u00e2ndegas, transportes e log\u00edstica, transit\u00e1rios, NVOCC, shipping, portos e escrit\u00f3rios em muitas partes do mundo, mas, tal como sabemos que o esfor\u00e7o e a perseveran\u00e7a nos trouxeram ao que hoje \u00e9 a ROMEU Shipping Division, tamb\u00e9m estamos conscientes da import\u00e2ncia de desenvolver [&hellip;]<\/p>\n","protected":false},"author":11,"featured_media":0,"parent":0,"menu_order":0,"comment_status":"closed","ping_status":"closed","template":"","meta":{"inline_featured_image":false,"footnotes":""},"class_list":["post-1216","page","type-page","status-publish","hentry"],"_links":{"self":[{"href":"https:\/\/romeushipping.com\/pt-pt\/wp-json\/wp\/v2\/pages\/1216","targetHints":{"allow":["GET"]}}],"collection":[{"href":"https:\/\/romeushipping.com\/pt-pt\/wp-json\/wp\/v2\/pages"}],"about":[{"href":"https:\/\/romeushipping.com\/pt-pt\/wp-json\/wp\/v2\/types\/page"}],"author":[{"embeddable":true,"href":"https:\/\/romeushipping.com\/pt-pt\/wp-json\/wp\/v2\/users\/11"}],"replies":[{"embeddable":true,"href":"https:\/\/romeushipping.com\/pt-pt\/wp-json\/wp\/v2\/comments?post=1216"}],"version-history":[{"count":2,"href":"https:\/\/romeushipping.com\/pt-pt\/wp-json\/wp\/v2\/pages\/1216\/revisions"}],"predecessor-version":[{"id":1654,"href":"https:\/\/romeushipping.com\/pt-pt\/wp-json\/wp\/v2\/pages\/1216\/revisions\/1654"}],"wp:attachment":[{"href":"https:\/\/romeushipping.com\/pt-pt\/wp-json\/wp\/v2\/media?parent=1216"}],"curies":[{"name":"wp","href":"https:\/\/api.w.org\/{rel}","templated":true}]}}