{"id":1041,"date":"2024-07-01T07:11:55","date_gmt":"2024-07-01T05:11:55","guid":{"rendered":"https:\/\/romeushipping.com\/?page_id=1041"},"modified":"2026-02-10T13:37:21","modified_gmt":"2026-02-10T12:37:21","slug":"politica-de-privacidade","status":"publish","type":"page","link":"https:\/\/romeushipping.com\/pt-pt\/politica-de-privacidade\/","title":{"rendered":"Pol\u00edtica de privacidade"},"content":{"rendered":"\n<h1 class=\"wp-block-heading has-text-align-center\">Pol\u00edtica de privacidade<\/h1>\n\n<h2 class=\"wp-block-heading\">Formul\u00e1rio de contacto e or\u00e7amentos na Web<\/h2>\n\n<p>Os seus dados ser\u00e3o tratados pela ROMINVEST S.L., com a finalidade de gerir a sua consulta, pergunta ou pedido de or\u00e7amento e poder enviar-lhe informa\u00e7\u00e3o do seu interesse atrav\u00e9s de comunica\u00e7\u00f5es comerciais. Os seus dados s\u00e3o tratados com base no consentimento dado atrav\u00e9s do envio deste formul\u00e1rio. Os seus dados podem ser comunicados a uma empresa localizada fora da Uni\u00e3o Europeia para armazenar esses dados, caso em que ser\u00e3o objeto de uma transfer\u00eancia internacional de dados para um pa\u00eds cujo n\u00edvel de prote\u00e7\u00e3o n\u00e3o \u00e9 compar\u00e1vel ao da Uni\u00e3o Europeia. Al\u00e9m disso, podem ser transferidos para outras empresas do grupo para processar o seu pedido e para lhe poder enviar periodicamente informa\u00e7\u00f5es do seu interesse atrav\u00e9s de comunica\u00e7\u00f5es comerciais electr\u00f3nicas, desde que o autorize assinalando a caixa prevista para o efeito. Os utilizadores cujos dados s\u00e3o tratados podem exercer os seus direitos de acesso e informa\u00e7\u00e3o, retifica\u00e7\u00e3o, portabilidade, apagamento ou, se for caso disso, oposi\u00e7\u00e3o dos seus dados, gratuitamente, nos termos previstos no Regulamento Geral de Prote\u00e7\u00e3o de Dados Pessoais, de acordo com o procedimento legalmente estabelecido. Estes direitos podem ser exercidos atrav\u00e9s do envio de uma comunica\u00e7\u00e3o escrita, devidamente assinada, acompanhada de uma fotoc\u00f3pia do seu cart\u00e3o de identifica\u00e7\u00e3o, para ROMINVEST S.L., Avda. Diagonal, 403, 08008 BARCELONA. Se tiver alguma d\u00favida sobre esta Pol\u00edtica de Privacidade, pode contactar o nosso Respons\u00e1vel pela Prote\u00e7\u00e3o de Dados enviando um e-mail para <a href=\"mailto:dpo@gruporomeu.com\" target=\"_blank\" rel=\"noreferrer noopener\">dpo@gruporomeu.com.<\/a> Os dados dos utilizadores cujos dados s\u00e3o tratados poder\u00e3o ser conservados enquanto estes n\u00e3o exercerem os seus direitos de supress\u00e3o ou oposi\u00e7\u00e3o. Da mesma forma, se considerar que o seu direito \u00e0 prote\u00e7\u00e3o de dados pessoais foi violado, pode apresentar uma reclama\u00e7\u00e3o junto da Ag\u00eancia Espanhola de Prote\u00e7\u00e3o de Dados <a href=\"https:\/\/www.gruporomeu.com\/www.agpd.es\" target=\"_blank\" rel=\"noreferrer noopener\">(www.agpd.es)<\/a>.         <\/p>\n\n<div style=\"height:40px\" aria-hidden=\"true\" class=\"wp-block-spacer\"><\/div>\n","protected":false},"excerpt":{"rendered":"<p>Pol\u00edtica de privacidade Formul\u00e1rio de contacto e or\u00e7amentos na Web Os seus dados ser\u00e3o tratados pela ROMINVEST S.L., com a finalidade de gerir a sua consulta, pergunta ou pedido de or\u00e7amento e poder enviar-lhe informa\u00e7\u00e3o do seu interesse atrav\u00e9s de comunica\u00e7\u00f5es comerciais. Os seus dados s\u00e3o tratados com base no consentimento dado atrav\u00e9s do envio [&hellip;]<\/p>\n","protected":false},"author":11,"featured_media":0,"parent":0,"menu_order":0,"comment_status":"closed","ping_status":"closed","template":"","meta":{"inline_featured_image":false,"footnotes":""},"class_list":["post-1041","page","type-page","status-publish","hentry"],"_links":{"self":[{"href":"https:\/\/romeushipping.com\/pt-pt\/wp-json\/wp\/v2\/pages\/1041","targetHints":{"allow":["GET"]}}],"collection":[{"href":"https:\/\/romeushipping.com\/pt-pt\/wp-json\/wp\/v2\/pages"}],"about":[{"href":"https:\/\/romeushipping.com\/pt-pt\/wp-json\/wp\/v2\/types\/page"}],"author":[{"embeddable":true,"href":"https:\/\/romeushipping.com\/pt-pt\/wp-json\/wp\/v2\/users\/11"}],"replies":[{"embeddable":true,"href":"https:\/\/romeushipping.com\/pt-pt\/wp-json\/wp\/v2\/comments?post=1041"}],"version-history":[{"count":2,"href":"https:\/\/romeushipping.com\/pt-pt\/wp-json\/wp\/v2\/pages\/1041\/revisions"}],"predecessor-version":[{"id":1798,"href":"https:\/\/romeushipping.com\/pt-pt\/wp-json\/wp\/v2\/pages\/1041\/revisions\/1798"}],"wp:attachment":[{"href":"https:\/\/romeushipping.com\/pt-pt\/wp-json\/wp\/v2\/media?parent=1041"}],"curies":[{"name":"wp","href":"https:\/\/api.w.org\/{rel}","templated":true}]}}