{"id":1032,"date":"2024-07-29T09:09:42","date_gmt":"2024-07-29T07:09:42","guid":{"rendered":"https:\/\/romeushipping.com\/global-container-agency\/"},"modified":"2026-02-10T13:37:10","modified_gmt":"2026-02-10T12:37:10","slug":"global-container-agency","status":"publish","type":"page","link":"https:\/\/romeushipping.com\/pt-pt\/marcas\/global-container-agency\/","title":{"rendered":"Global container agency"},"content":{"rendered":"\n<div class=\"wp-block-group has-global-padding is-layout-constrained wp-block-group-is-layout-constrained\" style=\"padding-top:24px;padding-bottom:48px\">\n<h1 class=\"wp-block-heading has-text-align-center\">Global Container Agency<\/h1>\n<\/div>\n\n<div class=\"wp-block-group has-global-padding is-layout-constrained wp-block-group-is-layout-constrained\" style=\"margin-top:48px;margin-bottom:48px\">\n<div class=\"wp-block-columns is-layout-flex wp-container-core-columns-is-layout-e0dca8c8 wp-block-columns-is-layout-flex\">\n<div class=\"wp-block-column order-2-res is-layout-flow wp-block-column-is-layout-flow\">\n<p>Na Global Container Agency somos um agente mar\u00edtimo de renome internacional, especializado no transporte contentorizado de mercadorias, que nasceu como resultado da expans\u00e3o do Grupo ROMEU.\nDestacamo-nos por oferecer servi\u00e7os eficientes e de elevada qualidade aos nossos clientes, facilitando ao com\u00e9rcio internacional solu\u00e7\u00f5es log\u00edsticas adaptadas \u00e0s suas necessidades. <\/p>\n\n\n\n<p>Operamos de e para os principais portos do mundo, cobrindo cinco continentes e garantindo uma cobertura ampla e eficaz para todas as suas necessidades de transporte.\nCom tempos de tr\u00e2nsito reduzidos, garantimos que as suas mercadorias cheguem ao seu destino de forma r\u00e1pida e eficiente.\nAl\u00e9m disso, oferecemos tarifas muito atrativas, ajudando os nossos clientes a otimizar seus custos de transporte sem comprometer a qualidade do servi\u00e7o.\nFacilitamos uma comunica\u00e7\u00e3o simples e acess\u00edvel, garantindo que os nossos clientes nos podem contactar a qualquer momento e a partir de qualquer lugar.\nAdotamos uma abordagem de neg\u00f3cios centrada no cliente, oferecendo aten\u00e7\u00e3o personalizada e solu\u00e7\u00f5es espec\u00edficas para atender \u00e0s suas necessidades log\u00edsticas.    <\/p>\n\n\n\n<p>Na Global Container Agency, consideramos os nossos recursos humanos como o motor do nosso desenvolvimento.\nApostamos na excel\u00eancia nos neg\u00f3cios e nas vendas, garantindo que os nossos clientes recebem o melhor servi\u00e7o poss\u00edvel.\nA nossa equipa est\u00e1 comprometida com a qualidade e efici\u00eancia, trabalhando incansavelmente para superar as expectativas e fornecer solu\u00e7\u00f5es log\u00edsticas de alto n\u00edvel.  <\/p>\n<\/div>\n\n\n\n<div class=\"wp-block-column is-vertically-aligned-center is-layout-flow wp-block-column-is-layout-flow\">\n<div class=\"wp-block-group is-content-justification-center is-layout-flex wp-container-core-group-is-layout-cd8b3b78 wp-block-group-is-layout-flex\">\n<figure class=\"wp-block-image size-full is-resized\"><img decoding=\"async\" width=\"381\" height=\"366\" src=\"https:\/\/romeushipping.com\/wp-content\/uploads\/2024\/07\/global-shipping.png\" alt=\"\" class=\"wp-image-788\" style=\"width:371px;height:auto\" srcset=\"https:\/\/romeushipping.com\/wp-content\/uploads\/2024\/07\/global-shipping.png 381w, https:\/\/romeushipping.com\/wp-content\/uploads\/2024\/07\/global-shipping-300x288.png 300w\" sizes=\"(max-width: 381px) 100vw, 381px\" \/><\/figure>\n<\/div>\n<\/div>\n<\/div>\n<\/div>\n\n<div class=\"wp-block-group alignfull home-un-grp has-background has-global-padding is-layout-constrained wp-block-group-is-layout-constrained\" style=\"background-color:#f5f5f5;margin-top:48px;margin-bottom:0px;padding-top:48px;padding-bottom:48px\">\n<h2 class=\"wp-block-heading has-text-align-center\">as nossas unidades de neg\u00f3cio<\/h2>\n\n\n\n<div class=\"wp-block-group has-global-padding is-layout-constrained wp-container-core-group-is-layout-416e704a wp-block-group-is-layout-constrained\">\n<div class=\"wp-block-query is-layout-flow wp-block-query-is-layout-flow\"><ul class=\"columns-4 wp-block-post-template is-layout-grid wp-container-core-post-template-is-layout-c22d562e wp-block-post-template-is-layout-grid\"><li class=\"wp-block-post post-1281 unidades-de-negocio type-unidades-de-negocio status-publish has-post-thumbnail hentry\">\n<figure style=\"height:208px; margin-bottom:0px;\" class=\"wp-block-post-featured-image\"><a href=\"https:\/\/romeushipping.com\/pt-pt\/unidades-de-negocio\/transporte-maritimos\/\" target=\"_self\"  style=\"height:208px\"><img decoding=\"async\" width=\"704\" height=\"335\" src=\"https:\/\/romeushipping.com\/wp-content\/uploads\/2024\/07\/Harbour-img-2.jpg\" class=\"attachment-post-thumbnail size-post-thumbnail wp-post-image\" alt=\"NVOCC\" style=\"height:208px;object-fit:cover;\" srcset=\"https:\/\/romeushipping.com\/wp-content\/uploads\/2024\/07\/Harbour-img-2.jpg 704w, https:\/\/romeushipping.com\/wp-content\/uploads\/2024\/07\/Harbour-img-2-300x143.jpg 300w\" sizes=\"(max-width: 704px) 100vw, 704px\" \/><\/a><\/figure>\n\n<h3 style=\"margin-top:0px;margin-bottom:0px;margin-left:0px;margin-right:0px;\" class=\"has-text-align-center pos-abs-res pos-bot-0 wp-block-post-title\"><a href=\"https:\/\/romeushipping.com\/pt-pt\/unidades-de-negocio\/transporte-maritimos\/\" target=\"_self\" >NVOCC<\/a><\/h3>\n<\/li><li class=\"wp-block-post post-1300 unidades-de-negocio type-unidades-de-negocio status-publish has-post-thumbnail hentry\">\n<figure style=\"height:208px; margin-bottom:0px;\" class=\"wp-block-post-featured-image\"><a href=\"https:\/\/romeushipping.com\/pt-pt\/unidades-de-negocio\/agentes-de-navegacao-maritima\/\" target=\"_self\"  style=\"height:208px\"><img decoding=\"async\" width=\"704\" height=\"335\" src=\"https:\/\/romeushipping.com\/wp-content\/uploads\/2024\/07\/image-2.jpg\" class=\"attachment-post-thumbnail size-post-thumbnail wp-post-image\" alt=\"Liner container agency\" style=\"height:208px;object-fit:cover;\" srcset=\"https:\/\/romeushipping.com\/wp-content\/uploads\/2024\/07\/image-2.jpg 704w, https:\/\/romeushipping.com\/wp-content\/uploads\/2024\/07\/image-2-300x143.jpg 300w\" sizes=\"(max-width: 704px) 100vw, 704px\" \/><\/a><\/figure>\n\n<h3 style=\"margin-top:0px;margin-bottom:0px;margin-left:0px;margin-right:0px;\" class=\"has-text-align-center pos-abs-res pos-bot-0 wp-block-post-title\"><a href=\"https:\/\/romeushipping.com\/pt-pt\/unidades-de-negocio\/agentes-de-navegacao-maritima\/\" target=\"_self\" >Liner container agency<\/a><\/h3>\n<\/li><li class=\"wp-block-post post-1323 unidades-de-negocio type-unidades-de-negocio status-publish has-post-thumbnail hentry\">\n<figure style=\"height:208px; margin-bottom:0px;\" class=\"wp-block-post-featured-image\"><a href=\"https:\/\/romeushipping.com\/pt-pt\/unidades-de-negocio\/navios-sericos-portuarios\/\" target=\"_self\"  style=\"height:208px\"><img decoding=\"async\" width=\"556\" height=\"483\" src=\"https:\/\/romeushipping.com\/wp-content\/uploads\/2024\/07\/Rectangle-189-1.jpg\" class=\"attachment-post-thumbnail size-post-thumbnail wp-post-image\" alt=\"Vessel  Port Services\" style=\"height:208px;object-fit:cover;\" srcset=\"https:\/\/romeushipping.com\/wp-content\/uploads\/2024\/07\/Rectangle-189-1.jpg 556w, https:\/\/romeushipping.com\/wp-content\/uploads\/2024\/07\/Rectangle-189-1-300x261.jpg 300w\" sizes=\"(max-width: 556px) 100vw, 556px\" \/><\/a><\/figure>\n\n<h3 style=\"margin-top:0px;margin-bottom:0px;margin-left:0px;margin-right:0px;\" class=\"has-text-align-center pos-abs-res pos-bot-0 wp-block-post-title\"><a href=\"https:\/\/romeushipping.com\/pt-pt\/unidades-de-negocio\/navios-sericos-portuarios\/\" target=\"_self\" >Vessel  Port Services<\/a><\/h3>\n<\/li><li class=\"wp-block-post post-1338 unidades-de-negocio type-unidades-de-negocio status-publish has-post-thumbnail hentry\">\n<figure style=\"height:208px; margin-bottom:0px;\" class=\"wp-block-post-featured-image\"><a href=\"https:\/\/romeushipping.com\/pt-pt\/unidades-de-negocio\/carga-geral-em-transporte-convencional\/\" target=\"_self\"  style=\"height:208px\"><img decoding=\"async\" width=\"704\" height=\"528\" src=\"https:\/\/romeushipping.com\/wp-content\/uploads\/2024\/07\/CONVENCIONAL-scaled-1.jpg\" class=\"attachment-post-thumbnail size-post-thumbnail wp-post-image\" alt=\"Break-Bulk\" style=\"height:208px;object-fit:cover;\" srcset=\"https:\/\/romeushipping.com\/wp-content\/uploads\/2024\/07\/CONVENCIONAL-scaled-1.jpg 704w, https:\/\/romeushipping.com\/wp-content\/uploads\/2024\/07\/CONVENCIONAL-scaled-1-300x225.jpg 300w\" sizes=\"(max-width: 704px) 100vw, 704px\" \/><\/a><\/figure>\n\n<h3 style=\"margin-top:0px;margin-bottom:0px;margin-left:0px;margin-right:0px;\" class=\"has-text-align-center pos-abs-res pos-bot-0 wp-block-post-title\"><a href=\"https:\/\/romeushipping.com\/pt-pt\/unidades-de-negocio\/carga-geral-em-transporte-convencional\/\" target=\"_self\" >Break-Bulk<\/a><\/h3>\n<\/li><li class=\"wp-block-post post-1347 unidades-de-negocio type-unidades-de-negocio status-publish has-post-thumbnail hentry\">\n<figure style=\"height:208px; margin-bottom:0px;\" class=\"wp-block-post-featured-image\"><a href=\"https:\/\/romeushipping.com\/pt-pt\/unidades-de-negocio\/navios-ro-ro\/\" target=\"_self\"  style=\"height:208px\"><img decoding=\"async\" width=\"704\" height=\"528\" src=\"https:\/\/romeushipping.com\/wp-content\/uploads\/2024\/07\/RO-RO-scaled-1.jpg\" class=\"attachment-post-thumbnail size-post-thumbnail wp-post-image\" alt=\"Navios RO-RO\" style=\"height:208px;object-fit:cover;\" srcset=\"https:\/\/romeushipping.com\/wp-content\/uploads\/2024\/07\/RO-RO-scaled-1.jpg 704w, https:\/\/romeushipping.com\/wp-content\/uploads\/2024\/07\/RO-RO-scaled-1-300x225.jpg 300w\" sizes=\"(max-width: 704px) 100vw, 704px\" \/><\/a><\/figure>\n\n<h3 style=\"margin-top:0px;margin-bottom:0px;margin-left:0px;margin-right:0px;\" class=\"has-text-align-center pos-abs-res pos-bot-0 wp-block-post-title\"><a href=\"https:\/\/romeushipping.com\/pt-pt\/unidades-de-negocio\/navios-ro-ro\/\" target=\"_self\" >Navios RO-RO<\/a><\/h3>\n<\/li><li class=\"wp-block-post post-1356 unidades-de-negocio type-unidades-de-negocio status-publish has-post-thumbnail hentry\">\n<figure style=\"height:208px; margin-bottom:0px;\" class=\"wp-block-post-featured-image\"><a href=\"https:\/\/romeushipping.com\/pt-pt\/unidades-de-negocio\/cruzeiros\/\" target=\"_self\"  style=\"height:208px\"><img decoding=\"async\" width=\"495\" height=\"329\" src=\"https:\/\/romeushipping.com\/wp-content\/uploads\/2024\/07\/pexels-matthew-barra-813011.jpg\" class=\"attachment-post-thumbnail size-post-thumbnail wp-post-image\" alt=\"Cruises\" style=\"height:208px;object-fit:cover;\" srcset=\"https:\/\/romeushipping.com\/wp-content\/uploads\/2024\/07\/pexels-matthew-barra-813011.jpg 495w, https:\/\/romeushipping.com\/wp-content\/uploads\/2024\/07\/pexels-matthew-barra-813011-300x199.jpg 300w\" sizes=\"(max-width: 495px) 100vw, 495px\" \/><\/a><\/figure>\n\n<h3 style=\"margin-top:0px;margin-bottom:0px;margin-left:0px;margin-right:0px;\" class=\"has-text-align-center pos-abs-res pos-bot-0 wp-block-post-title\"><a href=\"https:\/\/romeushipping.com\/pt-pt\/unidades-de-negocio\/cruzeiros\/\" target=\"_self\" >Cruises<\/a><\/h3>\n<\/li><li class=\"wp-block-post post-1372 unidades-de-negocio type-unidades-de-negocio status-publish has-post-thumbnail hentry\">\n<figure style=\"height:208px; margin-bottom:0px;\" class=\"wp-block-post-featured-image\"><a href=\"https:\/\/romeushipping.com\/pt-pt\/unidades-de-negocio\/offshore-plataformas\/\" target=\"_self\"  style=\"height:208px\"><img decoding=\"async\" width=\"704\" height=\"335\" src=\"https:\/\/romeushipping.com\/wp-content\/uploads\/2024\/07\/bu-card-1.jpg\" class=\"attachment-post-thumbnail size-post-thumbnail wp-post-image\" alt=\"Offshore and platforms\" style=\"height:208px;object-fit:cover;\" srcset=\"https:\/\/romeushipping.com\/wp-content\/uploads\/2024\/07\/bu-card-1.jpg 704w, https:\/\/romeushipping.com\/wp-content\/uploads\/2024\/07\/bu-card-1-300x143.jpg 300w\" sizes=\"(max-width: 704px) 100vw, 704px\" \/><\/a><\/figure>\n\n<h3 style=\"margin-top:0px;margin-bottom:0px;margin-left:0px;margin-right:0px;\" class=\"has-text-align-center pos-abs-res pos-bot-0 wp-block-post-title\"><a href=\"https:\/\/romeushipping.com\/pt-pt\/unidades-de-negocio\/offshore-plataformas\/\" target=\"_self\" >Offshore and platforms<\/a><\/h3>\n<\/li><li class=\"wp-block-post post-1384 unidades-de-negocio type-unidades-de-negocio status-publish has-post-thumbnail hentry\">\n<figure style=\"height:208px; margin-bottom:0px;\" class=\"wp-block-post-featured-image\"><a href=\"https:\/\/romeushipping.com\/pt-pt\/unidades-de-negocio\/estiva-e-terminais-portuarios\/\" target=\"_self\"  style=\"height:208px\"><img decoding=\"async\" width=\"704\" height=\"335\" src=\"https:\/\/romeushipping.com\/wp-content\/uploads\/2024\/07\/estiva.jpg\" class=\"attachment-post-thumbnail size-post-thumbnail wp-post-image\" alt=\"Stevedoring  Port Terminals\" style=\"height:208px;object-fit:cover;\" srcset=\"https:\/\/romeushipping.com\/wp-content\/uploads\/2024\/07\/estiva.jpg 704w, https:\/\/romeushipping.com\/wp-content\/uploads\/2024\/07\/estiva-300x143.jpg 300w\" sizes=\"(max-width: 704px) 100vw, 704px\" \/><\/a><\/figure>\n\n<h3 style=\"margin-top:0px;margin-bottom:0px;margin-left:0px;margin-right:0px;\" class=\"has-text-align-center pos-abs-res pos-bot-0 wp-block-post-title\"><a href=\"https:\/\/romeushipping.com\/pt-pt\/unidades-de-negocio\/estiva-e-terminais-portuarios\/\" target=\"_self\" >Stevedoring  Port Terminals<\/a><\/h3>\n<\/li><li class=\"wp-block-post post-1393 unidades-de-negocio type-unidades-de-negocio status-publish has-post-thumbnail hentry\">\n<figure style=\"height:208px; margin-bottom:0px;\" class=\"wp-block-post-featured-image\"><a href=\"https:\/\/romeushipping.com\/pt-pt\/unidades-de-negocio\/gsa\/\" target=\"_self\"  style=\"height:208px\"><img decoding=\"async\" width=\"704\" height=\"469\" src=\"https:\/\/romeushipping.com\/wp-content\/uploads\/2024\/07\/GSA-scaled-1.jpg\" class=\"attachment-post-thumbnail size-post-thumbnail wp-post-image\" alt=\"GSA\" style=\"height:208px;object-fit:cover;\" srcset=\"https:\/\/romeushipping.com\/wp-content\/uploads\/2024\/07\/GSA-scaled-1.jpg 704w, https:\/\/romeushipping.com\/wp-content\/uploads\/2024\/07\/GSA-scaled-1-300x200.jpg 300w\" sizes=\"(max-width: 704px) 100vw, 704px\" \/><\/a><\/figure>\n\n<h3 style=\"margin-top:0px;margin-bottom:0px;margin-left:0px;margin-right:0px;\" class=\"has-text-align-center pos-abs-res pos-bot-0 wp-block-post-title\"><a href=\"https:\/\/romeushipping.com\/pt-pt\/unidades-de-negocio\/gsa\/\" target=\"_self\" >GSA<\/a><\/h3>\n<\/li><li class=\"wp-block-post post-1408 unidades-de-negocio type-unidades-de-negocio status-publish has-post-thumbnail hentry\">\n<figure style=\"height:208px; margin-bottom:0px;\" class=\"wp-block-post-featured-image\"><a href=\"https:\/\/romeushipping.com\/pt-pt\/unidades-de-negocio\/transitarios\/\" target=\"_self\"  style=\"height:208px\"><img decoding=\"async\" width=\"704\" height=\"396\" src=\"https:\/\/romeushipping.com\/wp-content\/uploads\/2024\/07\/FORWARDING-scaled-1.jpg\" class=\"attachment-post-thumbnail size-post-thumbnail wp-post-image\" alt=\"Forwarding\" style=\"height:208px;object-fit:cover;\" srcset=\"https:\/\/romeushipping.com\/wp-content\/uploads\/2024\/07\/FORWARDING-scaled-1.jpg 704w, https:\/\/romeushipping.com\/wp-content\/uploads\/2024\/07\/FORWARDING-scaled-1-300x169.jpg 300w\" sizes=\"(max-width: 704px) 100vw, 704px\" \/><\/a><\/figure>\n\n<h3 style=\"margin-top:0px;margin-bottom:0px;margin-left:0px;margin-right:0px;\" class=\"has-text-align-center pos-abs-res pos-bot-0 wp-block-post-title\"><a href=\"https:\/\/romeushipping.com\/pt-pt\/unidades-de-negocio\/transitarios\/\" target=\"_self\" >Forwarding<\/a><\/h3>\n<\/li><li class=\"wp-block-post post-1423 unidades-de-negocio type-unidades-de-negocio status-publish has-post-thumbnail hentry\">\n<figure style=\"height:208px; margin-bottom:0px;\" class=\"wp-block-post-featured-image\"><a href=\"https:\/\/romeushipping.com\/pt-pt\/unidades-de-negocio\/carga-de-projeto\/\" target=\"_self\"  style=\"height:208px\"><img decoding=\"async\" width=\"704\" height=\"395\" src=\"https:\/\/romeushipping.com\/wp-content\/uploads\/2024\/07\/PROJECT-CARGO-scaled-1.jpg\" class=\"attachment-post-thumbnail size-post-thumbnail wp-post-image\" alt=\"Project cargo\" style=\"height:208px;object-fit:cover;\" srcset=\"https:\/\/romeushipping.com\/wp-content\/uploads\/2024\/07\/PROJECT-CARGO-scaled-1.jpg 704w, https:\/\/romeushipping.com\/wp-content\/uploads\/2024\/07\/PROJECT-CARGO-scaled-1-300x168.jpg 300w\" sizes=\"(max-width: 704px) 100vw, 704px\" \/><\/a><\/figure>\n\n<h3 style=\"margin-top:0px;margin-bottom:0px;margin-left:0px;margin-right:0px;\" class=\"has-text-align-center pos-abs-res pos-bot-0 wp-block-post-title\"><a href=\"https:\/\/romeushipping.com\/pt-pt\/unidades-de-negocio\/carga-de-projeto\/\" target=\"_self\" >Project cargo<\/a><\/h3>\n<\/li><li class=\"wp-block-post post-1683 unidades-de-negocio type-unidades-de-negocio status-publish has-post-thumbnail hentry\">\n<figure style=\"height:208px; margin-bottom:0px;\" class=\"wp-block-post-featured-image\"><a href=\"https:\/\/romeushipping.com\/pt-pt\/unidades-de-negocio\/warehouse\/\" target=\"_self\"  style=\"height:208px\"><img decoding=\"async\" width=\"704\" height=\"528\" src=\"https:\/\/romeushipping.com\/wp-content\/uploads\/2024\/07\/ALMACENES-1.jpg\" class=\"attachment-post-thumbnail size-post-thumbnail wp-post-image\" alt=\"Warehouse\" style=\"height:208px;object-fit:cover;\" srcset=\"https:\/\/romeushipping.com\/wp-content\/uploads\/2024\/07\/ALMACENES-1.jpg 704w, https:\/\/romeushipping.com\/wp-content\/uploads\/2024\/07\/ALMACENES-1-300x225.jpg 300w\" sizes=\"(max-width: 704px) 100vw, 704px\" \/><\/a><\/figure>\n\n<h3 style=\"margin-top:0px;margin-bottom:0px;margin-left:0px;margin-right:0px;\" class=\"has-text-align-center pos-abs-res pos-bot-0 wp-block-post-title\"><a href=\"https:\/\/romeushipping.com\/pt-pt\/unidades-de-negocio\/warehouse\/\" target=\"_self\" >Warehouse<\/a><\/h3>\n<\/li><\/ul>\n\n<\/div>\n<\/div>\n<\/div>\n\n<h2 class=\"wp-block-heading has-text-align-center\"><strong>QUALIDADE<\/strong><\/h2>\n\n<p><strong>Qualidade e conformidade em todos os nossos processos<\/strong><\/p>\n\n<p>Trabalhamos ativamente para melhorar as formas e os processos da nossa organiza\u00e7\u00e3o: obtivemos as seguintes certifica\u00e7\u00f5es:<\/p>\n\n<ul class=\"wp-block-list\">\n<li>ISO 9001 pelo Bureau Veritas<\/li>\n\n\n\n<li>ISO 14001 pelo Bureau Veritas<\/li>\n\n\n\n<li>ISO 45001 pelo Bureau Veritas<\/li>\n<\/ul>\n\n<div style=\"height:100px\" aria-hidden=\"true\" class=\"wp-block-spacer\"><\/div>\n","protected":false},"excerpt":{"rendered":"<p>Global Container Agency Na Global Container Agency somos um agente mar\u00edtimo de renome internacional, especializado no transporte contentorizado de mercadorias, que nasceu como resultado da expans\u00e3o do Grupo ROMEU. Destacamo-nos por oferecer servi\u00e7os eficientes e de elevada qualidade aos nossos clientes, facilitando ao com\u00e9rcio internacional solu\u00e7\u00f5es log\u00edsticas adaptadas \u00e0s suas necessidades. Operamos de e para [&hellip;]<\/p>\n","protected":false},"author":11,"featured_media":0,"parent":1045,"menu_order":0,"comment_status":"closed","ping_status":"closed","template":"","meta":{"inline_featured_image":false,"footnotes":""},"class_list":["post-1032","page","type-page","status-publish","hentry"],"_links":{"self":[{"href":"https:\/\/romeushipping.com\/pt-pt\/wp-json\/wp\/v2\/pages\/1032","targetHints":{"allow":["GET"]}}],"collection":[{"href":"https:\/\/romeushipping.com\/pt-pt\/wp-json\/wp\/v2\/pages"}],"about":[{"href":"https:\/\/romeushipping.com\/pt-pt\/wp-json\/wp\/v2\/types\/page"}],"author":[{"embeddable":true,"href":"https:\/\/romeushipping.com\/pt-pt\/wp-json\/wp\/v2\/users\/11"}],"replies":[{"embeddable":true,"href":"https:\/\/romeushipping.com\/pt-pt\/wp-json\/wp\/v2\/comments?post=1032"}],"version-history":[{"count":4,"href":"https:\/\/romeushipping.com\/pt-pt\/wp-json\/wp\/v2\/pages\/1032\/revisions"}],"predecessor-version":[{"id":2242,"href":"https:\/\/romeushipping.com\/pt-pt\/wp-json\/wp\/v2\/pages\/1032\/revisions\/2242"}],"up":[{"embeddable":true,"href":"https:\/\/romeushipping.com\/pt-pt\/wp-json\/wp\/v2\/pages\/1045"}],"wp:attachment":[{"href":"https:\/\/romeushipping.com\/pt-pt\/wp-json\/wp\/v2\/media?parent=1032"}],"curies":[{"name":"wp","href":"https:\/\/api.w.org\/{rel}","templated":true}]}}