{"id":1022,"date":"2024-07-29T08:26:45","date_gmt":"2024-07-29T06:26:45","guid":{"rendered":"https:\/\/romeushipping.com\/unimed-shipping\/"},"modified":"2026-02-10T13:37:12","modified_gmt":"2026-02-10T12:37:12","slug":"unimed-shipping","status":"publish","type":"page","link":"https:\/\/romeushipping.com\/pt-pt\/marcas\/unimed-shipping\/","title":{"rendered":"Unimed shipping"},"content":{"rendered":"\n<div class=\"wp-block-group has-global-padding is-layout-constrained wp-block-group-is-layout-constrained\" style=\"padding-top:24px;padding-bottom:48px\">\n<h1 class=\"wp-block-heading has-text-align-center\">UNIMED Shipping<\/h1>\n<\/div>\n\n\n\n<div class=\"wp-block-group has-global-padding is-layout-constrained wp-block-group-is-layout-constrained\" style=\"margin-top:48px;margin-bottom:48px\">\n<div class=\"wp-block-columns is-layout-flex wp-container-core-columns-is-layout-e0dca8c8 wp-block-columns-is-layout-flex\">\n<div class=\"wp-block-column is-layout-flow wp-block-column-is-layout-flow\">\n<p>A UNIMED \u00e9 o resultado do crescimento e expans\u00e3o da Romeu y C\u00eda. A nossa miss\u00e3o \u00e9 prestar servi\u00e7os de transporte mar\u00edtimo internacional da mais alta qualidade, abrangendo uma vasta gama de embarca\u00e7\u00f5es e tipos de carga.<\/p>\n\n\n\n<p>Com uma importante atividade transitaria e como agentes mar\u00edtimos em porto, oferecemos solu\u00e7\u00f5es abrangentes para as necessidades log\u00edsticas e operacionais de nossos clientes. Somos especializados no manuseamento de todo o tipo de embarca\u00e7\u00f5es, desde porta-contentores e navios de carga geral e at\u00e9 navios Ro-Ro e navios-tanque. A nossa experi\u00eancia permite-nos gerir eficientemente diversas cargas, incluindo cereais, cimento, a\u00e7o, minerais, petr\u00f3leo bruto, GPL e produtos qu\u00edmicos.<\/p>\n\n\n\n<p>Na UNIMED, temos o compromisso de prestar servi\u00e7os de excel\u00eancia, apoiados pela nossa experi\u00eancia e dedica\u00e7\u00e3o ao setor mar\u00edtimo. O nosso objetivo \u00e9 ser um parceiro fi\u00e1vel e eficiente para os nossos clientes, facilitando as suas opera\u00e7\u00f5es e contribuindo para o seu sucesso no din\u00e2mico mercado do Norte de \u00c1frica.<\/p>\n<\/div>\n\n\n\n<div class=\"wp-block-column is-vertically-aligned-center is-layout-flow wp-block-column-is-layout-flow\">\n<div class=\"wp-block-group is-content-justification-center is-layout-flex wp-container-core-group-is-layout-cd8b3b78 wp-block-group-is-layout-flex\">\n<figure class=\"wp-block-image size-full is-resized\"><img decoding=\"async\" width=\"381\" height=\"366\" src=\"https:\/\/romeushipping.com\/wp-content\/uploads\/2024\/07\/unimed.png\" alt=\"\" class=\"wp-image-780\" style=\"width:359px;height:auto\" srcset=\"https:\/\/romeushipping.com\/wp-content\/uploads\/2024\/07\/unimed.png 381w, https:\/\/romeushipping.com\/wp-content\/uploads\/2024\/07\/unimed-300x288.png 300w\" sizes=\"(max-width: 381px) 100vw, 381px\" \/><\/figure>\n<\/div>\n<\/div>\n<\/div>\n<\/div>\n\n\n\n<div class=\"wp-block-group alignfull has-global-padding is-layout-constrained wp-block-group-is-layout-constrained\" style=\"padding-top:48px;padding-bottom:48px\"><\/div>\n\n\n\n<div class=\"wp-block-group alignfull home-un-grp has-background has-global-padding is-layout-constrained wp-block-group-is-layout-constrained\" style=\"background-color:#f5f5f5;margin-top:48px;margin-bottom:0px;padding-top:48px;padding-bottom:48px\">\n<h2 class=\"wp-block-heading has-text-align-center\">as nossas unidades de neg\u00f3cio<\/h2>\n\n\n\n<div class=\"wp-block-group has-global-padding is-layout-constrained wp-container-core-group-is-layout-416e704a wp-block-group-is-layout-constrained\">\n<div class=\"wp-block-query is-layout-flow wp-block-query-is-layout-flow\"><ul class=\"columns-4 wp-block-post-template is-layout-grid wp-container-core-post-template-is-layout-c22d562e wp-block-post-template-is-layout-grid\"><li class=\"wp-block-post post-1281 unidades-de-negocio type-unidades-de-negocio status-publish has-post-thumbnail hentry\">\n<figure style=\"height:208px; margin-bottom:0px;\" class=\"wp-block-post-featured-image\"><a href=\"https:\/\/romeushipping.com\/pt-pt\/unidades-de-negocio\/transporte-maritimos\/\" target=\"_self\"  style=\"height:208px\"><img decoding=\"async\" width=\"704\" height=\"335\" src=\"https:\/\/romeushipping.com\/wp-content\/uploads\/2024\/07\/Harbour-img-2.jpg\" class=\"attachment-post-thumbnail size-post-thumbnail wp-post-image\" alt=\"NVOCC\" style=\"height:208px;object-fit:cover;\" srcset=\"https:\/\/romeushipping.com\/wp-content\/uploads\/2024\/07\/Harbour-img-2.jpg 704w, https:\/\/romeushipping.com\/wp-content\/uploads\/2024\/07\/Harbour-img-2-300x143.jpg 300w\" sizes=\"(max-width: 704px) 100vw, 704px\" \/><\/a><\/figure>\n\n<h3 style=\"margin-top:0px;margin-bottom:0px;margin-left:0px;margin-right:0px;\" class=\"has-text-align-center pos-abs pos-bot-0 wp-block-post-title\"><a href=\"https:\/\/romeushipping.com\/pt-pt\/unidades-de-negocio\/transporte-maritimos\/\" target=\"_self\" >NVOCC<\/a><\/h3>\n<\/li><li class=\"wp-block-post post-1300 unidades-de-negocio type-unidades-de-negocio status-publish has-post-thumbnail hentry\">\n<figure style=\"height:208px; margin-bottom:0px;\" class=\"wp-block-post-featured-image\"><a href=\"https:\/\/romeushipping.com\/pt-pt\/unidades-de-negocio\/agentes-de-navegacao-maritima\/\" target=\"_self\"  style=\"height:208px\"><img decoding=\"async\" width=\"704\" height=\"335\" src=\"https:\/\/romeushipping.com\/wp-content\/uploads\/2024\/07\/image-2.jpg\" class=\"attachment-post-thumbnail size-post-thumbnail wp-post-image\" alt=\"Liner container agency\" style=\"height:208px;object-fit:cover;\" srcset=\"https:\/\/romeushipping.com\/wp-content\/uploads\/2024\/07\/image-2.jpg 704w, https:\/\/romeushipping.com\/wp-content\/uploads\/2024\/07\/image-2-300x143.jpg 300w\" sizes=\"(max-width: 704px) 100vw, 704px\" \/><\/a><\/figure>\n\n<h3 style=\"margin-top:0px;margin-bottom:0px;margin-left:0px;margin-right:0px;\" class=\"has-text-align-center pos-abs pos-bot-0 wp-block-post-title\"><a href=\"https:\/\/romeushipping.com\/pt-pt\/unidades-de-negocio\/agentes-de-navegacao-maritima\/\" target=\"_self\" >Liner container agency<\/a><\/h3>\n<\/li><li class=\"wp-block-post post-1323 unidades-de-negocio type-unidades-de-negocio status-publish has-post-thumbnail hentry\">\n<figure style=\"height:208px; margin-bottom:0px;\" class=\"wp-block-post-featured-image\"><a href=\"https:\/\/romeushipping.com\/pt-pt\/unidades-de-negocio\/navios-sericos-portuarios\/\" target=\"_self\"  style=\"height:208px\"><img decoding=\"async\" width=\"556\" height=\"483\" src=\"https:\/\/romeushipping.com\/wp-content\/uploads\/2024\/07\/Rectangle-189-1.jpg\" class=\"attachment-post-thumbnail size-post-thumbnail wp-post-image\" alt=\"Vessel  Port Services\" style=\"height:208px;object-fit:cover;\" srcset=\"https:\/\/romeushipping.com\/wp-content\/uploads\/2024\/07\/Rectangle-189-1.jpg 556w, https:\/\/romeushipping.com\/wp-content\/uploads\/2024\/07\/Rectangle-189-1-300x261.jpg 300w\" sizes=\"(max-width: 556px) 100vw, 556px\" \/><\/a><\/figure>\n\n<h3 style=\"margin-top:0px;margin-bottom:0px;margin-left:0px;margin-right:0px;\" class=\"has-text-align-center pos-abs pos-bot-0 wp-block-post-title\"><a href=\"https:\/\/romeushipping.com\/pt-pt\/unidades-de-negocio\/navios-sericos-portuarios\/\" target=\"_self\" >Vessel  Port Services<\/a><\/h3>\n<\/li><li class=\"wp-block-post post-1338 unidades-de-negocio type-unidades-de-negocio status-publish has-post-thumbnail hentry\">\n<figure style=\"height:208px; margin-bottom:0px;\" class=\"wp-block-post-featured-image\"><a href=\"https:\/\/romeushipping.com\/pt-pt\/unidades-de-negocio\/carga-geral-em-transporte-convencional\/\" target=\"_self\"  style=\"height:208px\"><img decoding=\"async\" width=\"704\" height=\"528\" src=\"https:\/\/romeushipping.com\/wp-content\/uploads\/2024\/07\/CONVENCIONAL-scaled-1.jpg\" class=\"attachment-post-thumbnail size-post-thumbnail wp-post-image\" alt=\"Break-Bulk\" style=\"height:208px;object-fit:cover;\" srcset=\"https:\/\/romeushipping.com\/wp-content\/uploads\/2024\/07\/CONVENCIONAL-scaled-1.jpg 704w, https:\/\/romeushipping.com\/wp-content\/uploads\/2024\/07\/CONVENCIONAL-scaled-1-300x225.jpg 300w\" sizes=\"(max-width: 704px) 100vw, 704px\" \/><\/a><\/figure>\n\n<h3 style=\"margin-top:0px;margin-bottom:0px;margin-left:0px;margin-right:0px;\" class=\"has-text-align-center pos-abs pos-bot-0 wp-block-post-title\"><a href=\"https:\/\/romeushipping.com\/pt-pt\/unidades-de-negocio\/carga-geral-em-transporte-convencional\/\" target=\"_self\" >Break-Bulk<\/a><\/h3>\n<\/li><li class=\"wp-block-post post-1347 unidades-de-negocio type-unidades-de-negocio status-publish has-post-thumbnail hentry\">\n<figure style=\"height:208px; margin-bottom:0px;\" class=\"wp-block-post-featured-image\"><a href=\"https:\/\/romeushipping.com\/pt-pt\/unidades-de-negocio\/navios-ro-ro\/\" target=\"_self\"  style=\"height:208px\"><img decoding=\"async\" width=\"704\" height=\"528\" src=\"https:\/\/romeushipping.com\/wp-content\/uploads\/2024\/07\/RO-RO-scaled-1.jpg\" class=\"attachment-post-thumbnail size-post-thumbnail wp-post-image\" alt=\"Navios RO-RO\" style=\"height:208px;object-fit:cover;\" srcset=\"https:\/\/romeushipping.com\/wp-content\/uploads\/2024\/07\/RO-RO-scaled-1.jpg 704w, https:\/\/romeushipping.com\/wp-content\/uploads\/2024\/07\/RO-RO-scaled-1-300x225.jpg 300w\" sizes=\"(max-width: 704px) 100vw, 704px\" \/><\/a><\/figure>\n\n<h3 style=\"margin-top:0px;margin-bottom:0px;margin-left:0px;margin-right:0px;\" class=\"has-text-align-center pos-abs pos-bot-0 wp-block-post-title\"><a href=\"https:\/\/romeushipping.com\/pt-pt\/unidades-de-negocio\/navios-ro-ro\/\" target=\"_self\" >Navios RO-RO<\/a><\/h3>\n<\/li><li class=\"wp-block-post post-1356 unidades-de-negocio type-unidades-de-negocio status-publish has-post-thumbnail hentry\">\n<figure style=\"height:208px; margin-bottom:0px;\" class=\"wp-block-post-featured-image\"><a href=\"https:\/\/romeushipping.com\/pt-pt\/unidades-de-negocio\/cruzeiros\/\" target=\"_self\"  style=\"height:208px\"><img decoding=\"async\" width=\"495\" height=\"329\" src=\"https:\/\/romeushipping.com\/wp-content\/uploads\/2024\/07\/pexels-matthew-barra-813011.jpg\" class=\"attachment-post-thumbnail size-post-thumbnail wp-post-image\" alt=\"Cruises\" style=\"height:208px;object-fit:cover;\" srcset=\"https:\/\/romeushipping.com\/wp-content\/uploads\/2024\/07\/pexels-matthew-barra-813011.jpg 495w, https:\/\/romeushipping.com\/wp-content\/uploads\/2024\/07\/pexels-matthew-barra-813011-300x199.jpg 300w\" sizes=\"(max-width: 495px) 100vw, 495px\" \/><\/a><\/figure>\n\n<h3 style=\"margin-top:0px;margin-bottom:0px;margin-left:0px;margin-right:0px;\" class=\"has-text-align-center pos-abs pos-bot-0 wp-block-post-title\"><a href=\"https:\/\/romeushipping.com\/pt-pt\/unidades-de-negocio\/cruzeiros\/\" target=\"_self\" >Cruises<\/a><\/h3>\n<\/li><li class=\"wp-block-post post-1372 unidades-de-negocio type-unidades-de-negocio status-publish has-post-thumbnail hentry\">\n<figure style=\"height:208px; margin-bottom:0px;\" class=\"wp-block-post-featured-image\"><a href=\"https:\/\/romeushipping.com\/pt-pt\/unidades-de-negocio\/offshore-plataformas\/\" target=\"_self\"  style=\"height:208px\"><img decoding=\"async\" width=\"704\" height=\"335\" src=\"https:\/\/romeushipping.com\/wp-content\/uploads\/2024\/07\/bu-card-1.jpg\" class=\"attachment-post-thumbnail size-post-thumbnail wp-post-image\" alt=\"Offshore and platforms\" style=\"height:208px;object-fit:cover;\" srcset=\"https:\/\/romeushipping.com\/wp-content\/uploads\/2024\/07\/bu-card-1.jpg 704w, https:\/\/romeushipping.com\/wp-content\/uploads\/2024\/07\/bu-card-1-300x143.jpg 300w\" sizes=\"(max-width: 704px) 100vw, 704px\" \/><\/a><\/figure>\n\n<h3 style=\"margin-top:0px;margin-bottom:0px;margin-left:0px;margin-right:0px;\" class=\"has-text-align-center pos-abs pos-bot-0 wp-block-post-title\"><a href=\"https:\/\/romeushipping.com\/pt-pt\/unidades-de-negocio\/offshore-plataformas\/\" target=\"_self\" >Offshore and platforms<\/a><\/h3>\n<\/li><li class=\"wp-block-post post-1384 unidades-de-negocio type-unidades-de-negocio status-publish has-post-thumbnail hentry\">\n<figure style=\"height:208px; margin-bottom:0px;\" class=\"wp-block-post-featured-image\"><a href=\"https:\/\/romeushipping.com\/pt-pt\/unidades-de-negocio\/estiva-e-terminais-portuarios\/\" target=\"_self\"  style=\"height:208px\"><img decoding=\"async\" width=\"704\" height=\"335\" src=\"https:\/\/romeushipping.com\/wp-content\/uploads\/2024\/07\/estiva.jpg\" class=\"attachment-post-thumbnail size-post-thumbnail wp-post-image\" alt=\"Stevedoring  Port Terminals\" style=\"height:208px;object-fit:cover;\" srcset=\"https:\/\/romeushipping.com\/wp-content\/uploads\/2024\/07\/estiva.jpg 704w, https:\/\/romeushipping.com\/wp-content\/uploads\/2024\/07\/estiva-300x143.jpg 300w\" sizes=\"(max-width: 704px) 100vw, 704px\" \/><\/a><\/figure>\n\n<h3 style=\"margin-top:0px;margin-bottom:0px;margin-left:0px;margin-right:0px;\" class=\"has-text-align-center pos-abs pos-bot-0 wp-block-post-title\"><a href=\"https:\/\/romeushipping.com\/pt-pt\/unidades-de-negocio\/estiva-e-terminais-portuarios\/\" target=\"_self\" >Stevedoring  Port Terminals<\/a><\/h3>\n<\/li><li class=\"wp-block-post post-1393 unidades-de-negocio type-unidades-de-negocio status-publish has-post-thumbnail hentry\">\n<figure style=\"height:208px; margin-bottom:0px;\" class=\"wp-block-post-featured-image\"><a href=\"https:\/\/romeushipping.com\/pt-pt\/unidades-de-negocio\/gsa\/\" target=\"_self\"  style=\"height:208px\"><img decoding=\"async\" width=\"704\" height=\"469\" src=\"https:\/\/romeushipping.com\/wp-content\/uploads\/2024\/07\/GSA-scaled-1.jpg\" class=\"attachment-post-thumbnail size-post-thumbnail wp-post-image\" alt=\"GSA\" style=\"height:208px;object-fit:cover;\" srcset=\"https:\/\/romeushipping.com\/wp-content\/uploads\/2024\/07\/GSA-scaled-1.jpg 704w, https:\/\/romeushipping.com\/wp-content\/uploads\/2024\/07\/GSA-scaled-1-300x200.jpg 300w\" sizes=\"(max-width: 704px) 100vw, 704px\" \/><\/a><\/figure>\n\n<h3 style=\"margin-top:0px;margin-bottom:0px;margin-left:0px;margin-right:0px;\" class=\"has-text-align-center pos-abs pos-bot-0 wp-block-post-title\"><a href=\"https:\/\/romeushipping.com\/pt-pt\/unidades-de-negocio\/gsa\/\" target=\"_self\" >GSA<\/a><\/h3>\n<\/li><li class=\"wp-block-post post-1408 unidades-de-negocio type-unidades-de-negocio status-publish has-post-thumbnail hentry\">\n<figure style=\"height:208px; margin-bottom:0px;\" class=\"wp-block-post-featured-image\"><a href=\"https:\/\/romeushipping.com\/pt-pt\/unidades-de-negocio\/transitarios\/\" target=\"_self\"  style=\"height:208px\"><img decoding=\"async\" width=\"704\" height=\"396\" src=\"https:\/\/romeushipping.com\/wp-content\/uploads\/2024\/07\/FORWARDING-scaled-1.jpg\" class=\"attachment-post-thumbnail size-post-thumbnail wp-post-image\" alt=\"Forwarding\" style=\"height:208px;object-fit:cover;\" srcset=\"https:\/\/romeushipping.com\/wp-content\/uploads\/2024\/07\/FORWARDING-scaled-1.jpg 704w, https:\/\/romeushipping.com\/wp-content\/uploads\/2024\/07\/FORWARDING-scaled-1-300x169.jpg 300w\" sizes=\"(max-width: 704px) 100vw, 704px\" \/><\/a><\/figure>\n\n<h3 style=\"margin-top:0px;margin-bottom:0px;margin-left:0px;margin-right:0px;\" class=\"has-text-align-center pos-abs pos-bot-0 wp-block-post-title\"><a href=\"https:\/\/romeushipping.com\/pt-pt\/unidades-de-negocio\/transitarios\/\" target=\"_self\" >Forwarding<\/a><\/h3>\n<\/li><li class=\"wp-block-post post-1423 unidades-de-negocio type-unidades-de-negocio status-publish has-post-thumbnail hentry\">\n<figure style=\"height:208px; margin-bottom:0px;\" class=\"wp-block-post-featured-image\"><a href=\"https:\/\/romeushipping.com\/pt-pt\/unidades-de-negocio\/carga-de-projeto\/\" target=\"_self\"  style=\"height:208px\"><img decoding=\"async\" width=\"704\" height=\"395\" src=\"https:\/\/romeushipping.com\/wp-content\/uploads\/2024\/07\/PROJECT-CARGO-scaled-1.jpg\" class=\"attachment-post-thumbnail size-post-thumbnail wp-post-image\" alt=\"Project cargo\" style=\"height:208px;object-fit:cover;\" srcset=\"https:\/\/romeushipping.com\/wp-content\/uploads\/2024\/07\/PROJECT-CARGO-scaled-1.jpg 704w, https:\/\/romeushipping.com\/wp-content\/uploads\/2024\/07\/PROJECT-CARGO-scaled-1-300x168.jpg 300w\" sizes=\"(max-width: 704px) 100vw, 704px\" \/><\/a><\/figure>\n\n<h3 style=\"margin-top:0px;margin-bottom:0px;margin-left:0px;margin-right:0px;\" class=\"has-text-align-center pos-abs pos-bot-0 wp-block-post-title\"><a href=\"https:\/\/romeushipping.com\/pt-pt\/unidades-de-negocio\/carga-de-projeto\/\" target=\"_self\" >Project cargo<\/a><\/h3>\n<\/li><li class=\"wp-block-post post-1683 unidades-de-negocio type-unidades-de-negocio status-publish has-post-thumbnail hentry\">\n<figure style=\"height:208px; margin-bottom:0px;\" class=\"wp-block-post-featured-image\"><a href=\"https:\/\/romeushipping.com\/pt-pt\/unidades-de-negocio\/warehouse\/\" target=\"_self\"  style=\"height:208px\"><img decoding=\"async\" width=\"704\" height=\"528\" src=\"https:\/\/romeushipping.com\/wp-content\/uploads\/2024\/07\/ALMACENES-1.jpg\" class=\"attachment-post-thumbnail size-post-thumbnail wp-post-image\" alt=\"Warehouse\" style=\"height:208px;object-fit:cover;\" srcset=\"https:\/\/romeushipping.com\/wp-content\/uploads\/2024\/07\/ALMACENES-1.jpg 704w, https:\/\/romeushipping.com\/wp-content\/uploads\/2024\/07\/ALMACENES-1-300x225.jpg 300w\" sizes=\"(max-width: 704px) 100vw, 704px\" \/><\/a><\/figure>\n\n<h3 style=\"margin-top:0px;margin-bottom:0px;margin-left:0px;margin-right:0px;\" class=\"has-text-align-center pos-abs pos-bot-0 wp-block-post-title\"><a href=\"https:\/\/romeushipping.com\/pt-pt\/unidades-de-negocio\/warehouse\/\" target=\"_self\" >Warehouse<\/a><\/h3>\n<\/li><\/ul>\n\n<\/div>\n<\/div>\n<\/div>\n","protected":false},"excerpt":{"rendered":"<p>UNIMED Shipping A UNIMED \u00e9 o resultado do crescimento e expans\u00e3o da Romeu y C\u00eda. A nossa miss\u00e3o \u00e9 prestar servi\u00e7os de transporte mar\u00edtimo internacional da mais alta qualidade, abrangendo uma vasta gama de embarca\u00e7\u00f5es e tipos de carga. Com uma importante atividade transitaria e como agentes mar\u00edtimos em porto, oferecemos solu\u00e7\u00f5es abrangentes para as [&hellip;]<\/p>\n","protected":false},"author":11,"featured_media":0,"parent":1045,"menu_order":0,"comment_status":"closed","ping_status":"closed","template":"","meta":{"inline_featured_image":false,"footnotes":""},"class_list":["post-1022","page","type-page","status-publish","hentry"],"_links":{"self":[{"href":"https:\/\/romeushipping.com\/pt-pt\/wp-json\/wp\/v2\/pages\/1022","targetHints":{"allow":["GET"]}}],"collection":[{"href":"https:\/\/romeushipping.com\/pt-pt\/wp-json\/wp\/v2\/pages"}],"about":[{"href":"https:\/\/romeushipping.com\/pt-pt\/wp-json\/wp\/v2\/types\/page"}],"author":[{"embeddable":true,"href":"https:\/\/romeushipping.com\/pt-pt\/wp-json\/wp\/v2\/users\/11"}],"replies":[{"embeddable":true,"href":"https:\/\/romeushipping.com\/pt-pt\/wp-json\/wp\/v2\/comments?post=1022"}],"version-history":[{"count":2,"href":"https:\/\/romeushipping.com\/pt-pt\/wp-json\/wp\/v2\/pages\/1022\/revisions"}],"predecessor-version":[{"id":1451,"href":"https:\/\/romeushipping.com\/pt-pt\/wp-json\/wp\/v2\/pages\/1022\/revisions\/1451"}],"up":[{"embeddable":true,"href":"https:\/\/romeushipping.com\/pt-pt\/wp-json\/wp\/v2\/pages\/1045"}],"wp:attachment":[{"href":"https:\/\/romeushipping.com\/pt-pt\/wp-json\/wp\/v2\/media?parent=1022"}],"curies":[{"name":"wp","href":"https:\/\/api.w.org\/{rel}","templated":true}]}}