{"id":1005,"date":"2024-07-10T11:35:30","date_gmt":"2024-07-10T09:35:30","guid":{"rendered":"https:\/\/romeushipping.com\/trabalhar-connosco\/"},"modified":"2026-02-10T13:37:25","modified_gmt":"2026-02-10T12:37:25","slug":"trabalhar-connosco","status":"publish","type":"page","link":"https:\/\/romeushipping.com\/pt-pt\/trabalhar-connosco\/","title":{"rendered":"Trabalhar connosco"},"content":{"rendered":"\n<div class=\"wp-block-group alignfull has-global-padding is-layout-constrained wp-container-core-group-is-layout-e23df5b9 wp-block-group-is-layout-constrained\" style=\"margin-top:0px;padding-right:0px;padding-bottom:48px\">\n<div class=\"wp-block-columns alignwide are-vertically-aligned-center is-layout-flex wp-container-core-columns-is-layout-67c09cde wp-block-columns-is-layout-flex\">\n<div class=\"wp-block-column is-vertically-aligned-center is-layout-flow wp-block-column-is-layout-flow\">\n<div class=\"wp-block-group has-global-padding is-content-justification-right is-layout-constrained wp-container-core-group-is-layout-3281dfb3 wp-block-group-is-layout-constrained\">\n<h1 class=\"wp-block-heading\">Trabalhar connosco<\/h1>\n\n\n\n<p>A Romeu \u00e9 uma empresa <strong>din\u00e2mica, internacional e em constante<\/strong> crescimento. Procuramos profissionais <strong>motivados, talentosos, en\u00e9rgicos<\/strong> e que trabalhem com os mais <strong>elevados padr\u00f5es \u00e9ticos.<\/strong> <\/p>\n\n\n\n<p>Na Romeu trabalhamos para que os nossos colaboradores se <strong>desenvolvam profissionalmente<\/strong> e pessoalmente connosco. <strong>Investimos na forma\u00e7\u00e3o<\/strong> e apostamos na <strong>promo\u00e7\u00e3o interna.<\/strong><\/p>\n\n\n\n<div class=\"wp-block-buttons is-layout-flex wp-block-buttons-is-layout-flex\">\n<div class=\"wp-block-button is-style-outline is-style-outline--1\"><a class=\"wp-block-button__link wp-element-button\" href=\"https:\/\/romeu.epreselec.com\/Ofertas\/Ofertas.aspx\" target=\"_blank\" rel=\"noopener\">Ver Ofertas<\/a><\/div>\n<\/div>\n<\/div>\n<\/div>\n\n\n\n<div class=\"wp-block-column is-vertically-aligned-center pos-rel is-layout-flow wp-block-column-is-layout-flow\">\n<figure class=\"wp-block-image size-full\"><img decoding=\"async\" width=\"704\" height=\"335\" src=\"https:\/\/romeushipping.com\/wp-content\/uploads\/2024\/07\/bu-card.jpg\" alt=\"\" class=\"wp-image-205\" srcset=\"https:\/\/romeushipping.com\/wp-content\/uploads\/2024\/07\/bu-card.jpg 704w, https:\/\/romeushipping.com\/wp-content\/uploads\/2024\/07\/bu-card-300x143.jpg 300w\" sizes=\"(max-width: 704px) 100vw, 704px\" \/><\/figure>\n<\/div>\n<\/div>\n<\/div>\n","protected":false},"excerpt":{"rendered":"<p>Trabalhar connosco A Romeu \u00e9 uma empresa din\u00e2mica, internacional e em constante crescimento. Procuramos profissionais motivados, talentosos, en\u00e9rgicos e que trabalhem com os mais elevados padr\u00f5es \u00e9ticos. Na Romeu trabalhamos para que os nossos colaboradores se desenvolvam profissionalmente e pessoalmente connosco. Investimos na forma\u00e7\u00e3o e apostamos na promo\u00e7\u00e3o interna.<\/p>\n","protected":false},"author":11,"featured_media":0,"parent":0,"menu_order":0,"comment_status":"closed","ping_status":"closed","template":"","meta":{"inline_featured_image":false,"footnotes":""},"class_list":["post-1005","page","type-page","status-publish","hentry"],"_links":{"self":[{"href":"https:\/\/romeushipping.com\/pt-pt\/wp-json\/wp\/v2\/pages\/1005","targetHints":{"allow":["GET"]}}],"collection":[{"href":"https:\/\/romeushipping.com\/pt-pt\/wp-json\/wp\/v2\/pages"}],"about":[{"href":"https:\/\/romeushipping.com\/pt-pt\/wp-json\/wp\/v2\/types\/page"}],"author":[{"embeddable":true,"href":"https:\/\/romeushipping.com\/pt-pt\/wp-json\/wp\/v2\/users\/11"}],"replies":[{"embeddable":true,"href":"https:\/\/romeushipping.com\/pt-pt\/wp-json\/wp\/v2\/comments?post=1005"}],"version-history":[{"count":2,"href":"https:\/\/romeushipping.com\/pt-pt\/wp-json\/wp\/v2\/pages\/1005\/revisions"}],"predecessor-version":[{"id":2157,"href":"https:\/\/romeushipping.com\/pt-pt\/wp-json\/wp\/v2\/pages\/1005\/revisions\/2157"}],"wp:attachment":[{"href":"https:\/\/romeushipping.com\/pt-pt\/wp-json\/wp\/v2\/media?parent=1005"}],"curies":[{"name":"wp","href":"https:\/\/api.w.org\/{rel}","templated":true}]}}