{"id":977,"date":"2024-07-09T11:00:53","date_gmt":"2024-07-09T09:00:53","guid":{"rendered":"https:\/\/romeushipping.com\/romeu-y-cia\/"},"modified":"2026-02-10T13:37:14","modified_gmt":"2026-02-10T12:37:14","slug":"romeu-y-cia","status":"publish","type":"page","link":"https:\/\/romeushipping.com\/fr\/marcas\/romeu-y-cia\/","title":{"rendered":"Romeu &amp; CIA"},"content":{"rendered":"\n<div class=\"wp-block-group has-global-padding is-layout-constrained wp-block-group-is-layout-constrained\" style=\"padding-top:24px;padding-bottom:48px\">\n<h1 class=\"wp-block-heading has-text-align-center\">Romeu &amp; CIA<\/h1>\n<\/div>\n\n<div class=\"wp-block-group has-global-padding is-layout-constrained wp-block-group-is-layout-constrained\" style=\"margin-top:48px;margin-bottom:48px\">\n<div class=\"wp-block-columns is-layout-flex wp-container-core-columns-is-layout-e0dca8c8 wp-block-columns-is-layout-flex\">\n<div class=\"wp-block-column order-2-res is-layout-flow wp-block-column-is-layout-flow\">\n<p>Romeu  Cia est originaire de Tarragone, au si\u00e8cle XIXe\nependant, c\u2019est en 1939 que les fr\u00e8res Manuel et Ernesto Romeu Escandell prennent le contr\u00f4le de l\u2019entreprise, marquant le d\u00e9but d\u2019un nouveau chapitre de progr\u00e8s et d\u2019expansion. <\/p>\n\n\n\n<p>Sous la direction visionnaire des fr\u00e8res Romeu, la soci\u00e9t\u00e9 a connu une croissance significative et r\u00e9ussie.\nCela a permis sa diversification et la cr\u00e9ation du Groupe Romeu, avec une pr\u00e9sence dans divers ports espagnols et un r\u00e9seau de bureaux qui s\u2019\u00e9tend\nactuellement en Europe, en Afrique et en Am\u00e9rique  <\/p>\n\n\n\n<p>Romeu  C\u00eda. Est le r\u00e9sultat d\u2019un si\u00e8cle d\u2019exp\u00e9rience et d\u2019une \u00e9quipe de sp\u00e9cialistes en transport, commerce ext\u00e9rieur et affaires\ngr\u00e2ce \u00e0 cela, nous sommes en mesure de proposer des solutions efficaces et adapt\u00e9es pour r\u00e9pondre aux besoins actuels et futurs de l&rsquo;industrie maritime. <\/p>\n<\/div>\n\n\n\n<div class=\"wp-block-column is-vertically-aligned-center is-layout-flow wp-block-column-is-layout-flow\">\n<div class=\"wp-block-group is-content-justification-center is-layout-flex wp-container-core-group-is-layout-cd8b3b78 wp-block-group-is-layout-flex\">\n<figure class=\"wp-block-image size-full is-resized\"><img decoding=\"async\" width=\"220\" height=\"212\" src=\"https:\/\/romeushipping.com\/wp-content\/uploads\/2024\/07\/Untitled-3.svg\" alt=\"Untitled-3\" class=\"wp-image-238\" style=\"width:220px\"\/><\/figure>\n\n\n\n<figure class=\"wp-block-image size-full is-resized\"><img decoding=\"async\" width=\"214\" height=\"162\" src=\"https:\/\/romeushipping.com\/wp-content\/uploads\/2024\/07\/Untitled-4.svg\" alt=\"Untitled-4\" class=\"wp-image-240\" style=\"width:220px\"\/><\/figure>\n<\/div>\n<\/div>\n<\/div>\n<\/div>\n\n<div class=\"wp-block-group alignfull has-global-padding is-layout-constrained wp-container-core-group-is-layout-127c39d4 wp-block-group-is-layout-constrained\" style=\"padding-top:48px;padding-bottom:48px;padding-left:0px\">\n<div class=\"wp-block-columns alignwide are-vertically-aligned-top is-layout-flex wp-container-core-columns-is-layout-67c09cde wp-block-columns-is-layout-flex\">\n<div class=\"wp-block-column is-vertically-aligned-top pos-rel is-layout-flow wp-block-column-is-layout-flow\">\n<figure class=\"wp-block-image size-full\"><img decoding=\"async\" width=\"704\" height=\"436\" src=\"https:\/\/romeushipping.com\/wp-content\/uploads\/2024\/07\/cover__img-1-1.jpg\" alt=\"\" class=\"wp-image-699\" srcset=\"https:\/\/romeushipping.com\/wp-content\/uploads\/2024\/07\/cover__img-1-1.jpg 704w, https:\/\/romeushipping.com\/wp-content\/uploads\/2024\/07\/cover__img-1-1-300x186.jpg 300w\" sizes=\"(max-width: 704px) 100vw, 704px\" \/><\/figure>\n<\/div>\n\n\n\n<div class=\"wp-block-column is-vertically-aligned-top is-layout-flow wp-block-column-is-layout-flow\">\n<div class=\"wp-block-group has-global-padding is-content-justification-left is-layout-constrained wp-container-core-group-is-layout-f33ad708 wp-block-group-is-layout-constrained\">\n<div class=\"wp-block-group has-global-padding is-content-justification-right is-layout-constrained wp-container-core-group-is-layout-b2362b4c wp-block-group-is-layout-constrained\">\n<p>Au cours de notre parcours, nous avons fait la repr\u00e9sentation de diverses compagnies maritimes en Espagne, au Portugal, au Maroc, en Tunisie, en Alg\u00e9rie, en C\u00f4te d\u2019Ivoire, au S\u00e9n\u00e9gal et au Mexique.\nEn plus de nos services r\u00e9guliers, nous avons une pr\u00e9sence importante dans l\u2019activit\u00e9 de tramp, car ferries et, en particulier, sur les navires et les plates-formes p\u00e9troli\u00e8re Oil  Gas.\nDans Romeu  Cie. nous servons les navires au port, agissant en tant que repr\u00e9sentants de l\u2019armateur aupr\u00e8s de l\u2019autorit\u00e9 maritime et d\u2019autres entit\u00e9s li\u00e9es au secteur maritime-portuaire.  <\/p>\n\n\n\n<p>Nous offrons une assistance compl\u00e8te \u00e0 la r\u00e9ception et \u00e0 l\u2019exp\u00e9dition des navires; gestion documentaire des marchandises d\u2019importation, d\u2019exportation et de transbordement; contr\u00f4le et tra\u00e7age des conteneurs; coordination du pilotage des canaux et collecte de fonds\nEn outre, nous couvrons tous les besoins des navires qui accostent dans nos ports : changement d\u2019\u00e9quipage, r\u00e9parations, mat\u00e9riel, provisions, eau, peinture, inspections, etc. <\/p>\n<\/div>\n<\/div>\n<\/div>\n<\/div>\n<\/div>\n\n<div class=\"wp-block-group alignfull home-un-grp has-background has-global-padding is-layout-constrained wp-block-group-is-layout-constrained\" style=\"background-color:#f5f5f5;margin-top:48px;margin-bottom:0px;padding-top:48px;padding-bottom:48px\">\n<h2 class=\"wp-block-heading has-text-align-center\">nos unit\u00e9s op\u00e9rationnelles<\/h2>\n\n\n\n<div class=\"wp-block-group has-global-padding is-layout-constrained wp-container-core-group-is-layout-416e704a wp-block-group-is-layout-constrained\">\n<div class=\"wp-block-query is-layout-flow wp-block-query-is-layout-flow\"><ul class=\"columns-4 wp-block-post-template is-layout-grid wp-container-core-post-template-is-layout-c22d562e wp-block-post-template-is-layout-grid\"><li class=\"wp-block-post post-1276 unidades-de-negocio type-unidades-de-negocio status-publish has-post-thumbnail hentry\">\n<figure style=\"height:208px; margin-bottom:0px;\" class=\"wp-block-post-featured-image\"><a href=\"https:\/\/romeushipping.com\/fr\/unidades-de-negocio\/ligne-martime-des-conteneurs\/\" target=\"_self\"  style=\"height:208px\"><img decoding=\"async\" width=\"704\" height=\"335\" src=\"https:\/\/romeushipping.com\/wp-content\/uploads\/2024\/07\/Harbour-img-2.jpg\" class=\"attachment-post-thumbnail size-post-thumbnail wp-post-image\" alt=\"NVOCC\" style=\"height:208px;object-fit:cover;\" srcset=\"https:\/\/romeushipping.com\/wp-content\/uploads\/2024\/07\/Harbour-img-2.jpg 704w, https:\/\/romeushipping.com\/wp-content\/uploads\/2024\/07\/Harbour-img-2-300x143.jpg 300w\" sizes=\"(max-width: 704px) 100vw, 704px\" \/><\/a><\/figure>\n\n<h3 style=\"margin-top:0px;margin-bottom:0px;margin-left:0px;margin-right:0px;\" class=\"has-text-align-center pos-abs-res pos-bot-0 wp-block-post-title\"><a href=\"https:\/\/romeushipping.com\/fr\/unidades-de-negocio\/ligne-martime-des-conteneurs\/\" target=\"_self\" >NVOCC<\/a><\/h3>\n<\/li><li class=\"wp-block-post post-1288 unidades-de-negocio type-unidades-de-negocio status-publish has-post-thumbnail hentry\">\n<figure style=\"height:208px; margin-bottom:0px;\" class=\"wp-block-post-featured-image\"><a href=\"https:\/\/romeushipping.com\/fr\/unidades-de-negocio\/liner-container-agency\/\" target=\"_self\"  style=\"height:208px\"><img decoding=\"async\" width=\"704\" height=\"335\" src=\"https:\/\/romeushipping.com\/wp-content\/uploads\/2024\/07\/image-2.jpg\" class=\"attachment-post-thumbnail size-post-thumbnail wp-post-image\" alt=\"Liner container agency\" style=\"height:208px;object-fit:cover;\" srcset=\"https:\/\/romeushipping.com\/wp-content\/uploads\/2024\/07\/image-2.jpg 704w, https:\/\/romeushipping.com\/wp-content\/uploads\/2024\/07\/image-2-300x143.jpg 300w\" sizes=\"(max-width: 704px) 100vw, 704px\" \/><\/a><\/figure>\n\n<h3 style=\"margin-top:0px;margin-bottom:0px;margin-left:0px;margin-right:0px;\" class=\"has-text-align-center pos-abs-res pos-bot-0 wp-block-post-title\"><a href=\"https:\/\/romeushipping.com\/fr\/unidades-de-negocio\/liner-container-agency\/\" target=\"_self\" >Liner container agency<\/a><\/h3>\n<\/li><li class=\"wp-block-post post-1314 unidades-de-negocio type-unidades-de-negocio status-publish has-post-thumbnail hentry\">\n<figure style=\"height:208px; margin-bottom:0px;\" class=\"wp-block-post-featured-image\"><a href=\"https:\/\/romeushipping.com\/fr\/unidades-de-negocio\/vessel-port-services\/\" target=\"_self\"  style=\"height:208px\"><img decoding=\"async\" width=\"556\" height=\"483\" src=\"https:\/\/romeushipping.com\/wp-content\/uploads\/2024\/07\/Rectangle-189-1.jpg\" class=\"attachment-post-thumbnail size-post-thumbnail wp-post-image\" alt=\"Vessel and Port Services\" style=\"height:208px;object-fit:cover;\" srcset=\"https:\/\/romeushipping.com\/wp-content\/uploads\/2024\/07\/Rectangle-189-1.jpg 556w, https:\/\/romeushipping.com\/wp-content\/uploads\/2024\/07\/Rectangle-189-1-300x261.jpg 300w\" sizes=\"(max-width: 556px) 100vw, 556px\" \/><\/a><\/figure>\n\n<h3 style=\"margin-top:0px;margin-bottom:0px;margin-left:0px;margin-right:0px;\" class=\"has-text-align-center pos-abs-res pos-bot-0 wp-block-post-title\"><a href=\"https:\/\/romeushipping.com\/fr\/unidades-de-negocio\/vessel-port-services\/\" target=\"_self\" >Vessel and Port Services<\/a><\/h3>\n<\/li><li class=\"wp-block-post post-1334 unidades-de-negocio type-unidades-de-negocio status-publish has-post-thumbnail hentry\">\n<figure style=\"height:208px; margin-bottom:0px;\" class=\"wp-block-post-featured-image\"><a href=\"https:\/\/romeushipping.com\/fr\/unidades-de-negocio\/marchandises-conventionnelle\/\" target=\"_self\"  style=\"height:208px\"><img decoding=\"async\" width=\"704\" height=\"528\" src=\"https:\/\/romeushipping.com\/wp-content\/uploads\/2024\/07\/CONVENCIONAL-scaled-1.jpg\" class=\"attachment-post-thumbnail size-post-thumbnail wp-post-image\" alt=\"Break-Bulk\" style=\"height:208px;object-fit:cover;\" srcset=\"https:\/\/romeushipping.com\/wp-content\/uploads\/2024\/07\/CONVENCIONAL-scaled-1.jpg 704w, https:\/\/romeushipping.com\/wp-content\/uploads\/2024\/07\/CONVENCIONAL-scaled-1-300x225.jpg 300w\" sizes=\"(max-width: 704px) 100vw, 704px\" \/><\/a><\/figure>\n\n<h3 style=\"margin-top:0px;margin-bottom:0px;margin-left:0px;margin-right:0px;\" class=\"has-text-align-center pos-abs-res pos-bot-0 wp-block-post-title\"><a href=\"https:\/\/romeushipping.com\/fr\/unidades-de-negocio\/marchandises-conventionnelle\/\" target=\"_self\" >Break-Bulk<\/a><\/h3>\n<\/li><li class=\"wp-block-post post-1344 unidades-de-negocio type-unidades-de-negocio status-publish has-post-thumbnail hentry\">\n<figure style=\"height:208px; margin-bottom:0px;\" class=\"wp-block-post-featured-image\"><a href=\"https:\/\/romeushipping.com\/fr\/unidades-de-negocio\/liner-ro-ro-agency\/\" target=\"_self\"  style=\"height:208px\"><img decoding=\"async\" width=\"704\" height=\"528\" src=\"https:\/\/romeushipping.com\/wp-content\/uploads\/2024\/07\/RO-RO-scaled-1.jpg\" class=\"attachment-post-thumbnail size-post-thumbnail wp-post-image\" alt=\"Liner RO-RO agency\" style=\"height:208px;object-fit:cover;\" srcset=\"https:\/\/romeushipping.com\/wp-content\/uploads\/2024\/07\/RO-RO-scaled-1.jpg 704w, https:\/\/romeushipping.com\/wp-content\/uploads\/2024\/07\/RO-RO-scaled-1-300x225.jpg 300w\" sizes=\"(max-width: 704px) 100vw, 704px\" \/><\/a><\/figure>\n\n<h3 style=\"margin-top:0px;margin-bottom:0px;margin-left:0px;margin-right:0px;\" class=\"has-text-align-center pos-abs-res pos-bot-0 wp-block-post-title\"><a href=\"https:\/\/romeushipping.com\/fr\/unidades-de-negocio\/liner-ro-ro-agency\/\" target=\"_self\" >Liner RO-RO agency<\/a><\/h3>\n<\/li><li class=\"wp-block-post post-1352 unidades-de-negocio type-unidades-de-negocio status-publish has-post-thumbnail hentry\">\n<figure style=\"height:208px; margin-bottom:0px;\" class=\"wp-block-post-featured-image\"><a href=\"https:\/\/romeushipping.com\/fr\/unidades-de-negocio\/croisiere\/\" target=\"_self\"  style=\"height:208px\"><img decoding=\"async\" width=\"495\" height=\"329\" src=\"https:\/\/romeushipping.com\/wp-content\/uploads\/2024\/07\/pexels-matthew-barra-813011.jpg\" class=\"attachment-post-thumbnail size-post-thumbnail wp-post-image\" alt=\"Cruises\" style=\"height:208px;object-fit:cover;\" srcset=\"https:\/\/romeushipping.com\/wp-content\/uploads\/2024\/07\/pexels-matthew-barra-813011.jpg 495w, https:\/\/romeushipping.com\/wp-content\/uploads\/2024\/07\/pexels-matthew-barra-813011-300x199.jpg 300w\" sizes=\"(max-width: 495px) 100vw, 495px\" \/><\/a><\/figure>\n\n<h3 style=\"margin-top:0px;margin-bottom:0px;margin-left:0px;margin-right:0px;\" class=\"has-text-align-center pos-abs-res pos-bot-0 wp-block-post-title\"><a href=\"https:\/\/romeushipping.com\/fr\/unidades-de-negocio\/croisiere\/\" target=\"_self\" >Cruises<\/a><\/h3>\n<\/li><li class=\"wp-block-post post-1365 unidades-de-negocio type-unidades-de-negocio status-publish has-post-thumbnail hentry\">\n<figure style=\"height:208px; margin-bottom:0px;\" class=\"wp-block-post-featured-image\"><a href=\"https:\/\/romeushipping.com\/fr\/unidades-de-negocio\/offshore-plates-formes\/\" target=\"_self\"  style=\"height:208px\"><img decoding=\"async\" width=\"704\" height=\"335\" src=\"https:\/\/romeushipping.com\/wp-content\/uploads\/2024\/07\/bu-card-1.jpg\" class=\"attachment-post-thumbnail size-post-thumbnail wp-post-image\" alt=\"Offshore and platforms\" style=\"height:208px;object-fit:cover;\" srcset=\"https:\/\/romeushipping.com\/wp-content\/uploads\/2024\/07\/bu-card-1.jpg 704w, https:\/\/romeushipping.com\/wp-content\/uploads\/2024\/07\/bu-card-1-300x143.jpg 300w\" sizes=\"(max-width: 704px) 100vw, 704px\" \/><\/a><\/figure>\n\n<h3 style=\"margin-top:0px;margin-bottom:0px;margin-left:0px;margin-right:0px;\" class=\"has-text-align-center pos-abs-res pos-bot-0 wp-block-post-title\"><a href=\"https:\/\/romeushipping.com\/fr\/unidades-de-negocio\/offshore-plates-formes\/\" target=\"_self\" >Offshore and platforms<\/a><\/h3>\n<\/li><li class=\"wp-block-post post-1381 unidades-de-negocio type-unidades-de-negocio status-publish has-post-thumbnail hentry\">\n<figure style=\"height:208px; margin-bottom:0px;\" class=\"wp-block-post-featured-image\"><a href=\"https:\/\/romeushipping.com\/fr\/unidades-de-negocio\/arrimage-et-terminaux-portuaries\/\" target=\"_self\"  style=\"height:208px\"><img decoding=\"async\" width=\"704\" height=\"335\" src=\"https:\/\/romeushipping.com\/wp-content\/uploads\/2024\/07\/estiva.jpg\" class=\"attachment-post-thumbnail size-post-thumbnail wp-post-image\" alt=\"Stevedoring and Port Terminals\" style=\"height:208px;object-fit:cover;\" srcset=\"https:\/\/romeushipping.com\/wp-content\/uploads\/2024\/07\/estiva.jpg 704w, https:\/\/romeushipping.com\/wp-content\/uploads\/2024\/07\/estiva-300x143.jpg 300w\" sizes=\"(max-width: 704px) 100vw, 704px\" \/><\/a><\/figure>\n\n<h3 style=\"margin-top:0px;margin-bottom:0px;margin-left:0px;margin-right:0px;\" class=\"has-text-align-center pos-abs-res pos-bot-0 wp-block-post-title\"><a href=\"https:\/\/romeushipping.com\/fr\/unidades-de-negocio\/arrimage-et-terminaux-portuaries\/\" target=\"_self\" >Stevedoring and Port Terminals<\/a><\/h3>\n<\/li><li class=\"wp-block-post post-1389 unidades-de-negocio type-unidades-de-negocio status-publish has-post-thumbnail hentry\">\n<figure style=\"height:208px; margin-bottom:0px;\" class=\"wp-block-post-featured-image\"><a href=\"https:\/\/romeushipping.com\/fr\/unidades-de-negocio\/gsa\/\" target=\"_self\"  style=\"height:208px\"><img decoding=\"async\" width=\"704\" height=\"469\" src=\"https:\/\/romeushipping.com\/wp-content\/uploads\/2024\/07\/GSA-scaled-1.jpg\" class=\"attachment-post-thumbnail size-post-thumbnail wp-post-image\" alt=\"GSA\" style=\"height:208px;object-fit:cover;\" srcset=\"https:\/\/romeushipping.com\/wp-content\/uploads\/2024\/07\/GSA-scaled-1.jpg 704w, https:\/\/romeushipping.com\/wp-content\/uploads\/2024\/07\/GSA-scaled-1-300x200.jpg 300w\" sizes=\"(max-width: 704px) 100vw, 704px\" \/><\/a><\/figure>\n\n<h3 style=\"margin-top:0px;margin-bottom:0px;margin-left:0px;margin-right:0px;\" class=\"has-text-align-center pos-abs-res pos-bot-0 wp-block-post-title\"><a href=\"https:\/\/romeushipping.com\/fr\/unidades-de-negocio\/gsa\/\" target=\"_self\" >GSA<\/a><\/h3>\n<\/li><li class=\"wp-block-post post-1399 unidades-de-negocio type-unidades-de-negocio status-publish has-post-thumbnail hentry\">\n<figure style=\"height:208px; margin-bottom:0px;\" class=\"wp-block-post-featured-image\"><a href=\"https:\/\/romeushipping.com\/fr\/unidades-de-negocio\/forwarding\/\" target=\"_self\"  style=\"height:208px\"><img decoding=\"async\" width=\"704\" height=\"396\" src=\"https:\/\/romeushipping.com\/wp-content\/uploads\/2024\/07\/FORWARDING-scaled-1.jpg\" class=\"attachment-post-thumbnail size-post-thumbnail wp-post-image\" alt=\"Forwarding\" style=\"height:208px;object-fit:cover;\" srcset=\"https:\/\/romeushipping.com\/wp-content\/uploads\/2024\/07\/FORWARDING-scaled-1.jpg 704w, https:\/\/romeushipping.com\/wp-content\/uploads\/2024\/07\/FORWARDING-scaled-1-300x169.jpg 300w\" sizes=\"(max-width: 704px) 100vw, 704px\" \/><\/a><\/figure>\n\n<h3 style=\"margin-top:0px;margin-bottom:0px;margin-left:0px;margin-right:0px;\" class=\"has-text-align-center pos-abs-res pos-bot-0 wp-block-post-title\"><a href=\"https:\/\/romeushipping.com\/fr\/unidades-de-negocio\/forwarding\/\" target=\"_self\" >Forwarding<\/a><\/h3>\n<\/li><li class=\"wp-block-post post-1419 unidades-de-negocio type-unidades-de-negocio status-publish has-post-thumbnail hentry\">\n<figure style=\"height:208px; margin-bottom:0px;\" class=\"wp-block-post-featured-image\"><a href=\"https:\/\/romeushipping.com\/fr\/unidades-de-negocio\/project-cargo\/\" target=\"_self\"  style=\"height:208px\"><img decoding=\"async\" width=\"704\" height=\"395\" src=\"https:\/\/romeushipping.com\/wp-content\/uploads\/2024\/07\/PROJECT-CARGO-scaled-1.jpg\" class=\"attachment-post-thumbnail size-post-thumbnail wp-post-image\" alt=\"Project cargo\" style=\"height:208px;object-fit:cover;\" srcset=\"https:\/\/romeushipping.com\/wp-content\/uploads\/2024\/07\/PROJECT-CARGO-scaled-1.jpg 704w, https:\/\/romeushipping.com\/wp-content\/uploads\/2024\/07\/PROJECT-CARGO-scaled-1-300x168.jpg 300w\" sizes=\"(max-width: 704px) 100vw, 704px\" \/><\/a><\/figure>\n\n<h3 style=\"margin-top:0px;margin-bottom:0px;margin-left:0px;margin-right:0px;\" class=\"has-text-align-center pos-abs-res pos-bot-0 wp-block-post-title\"><a href=\"https:\/\/romeushipping.com\/fr\/unidades-de-negocio\/project-cargo\/\" target=\"_self\" >Project cargo<\/a><\/h3>\n<\/li><li class=\"wp-block-post post-1681 unidades-de-negocio type-unidades-de-negocio status-publish has-post-thumbnail hentry\">\n<figure style=\"height:208px; margin-bottom:0px;\" class=\"wp-block-post-featured-image\"><a href=\"https:\/\/romeushipping.com\/fr\/unidades-de-negocio\/warehouse\/\" target=\"_self\"  style=\"height:208px\"><img decoding=\"async\" width=\"704\" height=\"528\" src=\"https:\/\/romeushipping.com\/wp-content\/uploads\/2024\/07\/ALMACENES-1.jpg\" class=\"attachment-post-thumbnail size-post-thumbnail wp-post-image\" alt=\"Warehouse\" style=\"height:208px;object-fit:cover;\" srcset=\"https:\/\/romeushipping.com\/wp-content\/uploads\/2024\/07\/ALMACENES-1.jpg 704w, https:\/\/romeushipping.com\/wp-content\/uploads\/2024\/07\/ALMACENES-1-300x225.jpg 300w\" sizes=\"(max-width: 704px) 100vw, 704px\" \/><\/a><\/figure>\n\n<h3 style=\"margin-top:0px;margin-bottom:0px;margin-left:0px;margin-right:0px;\" class=\"has-text-align-center pos-abs-res pos-bot-0 wp-block-post-title\"><a href=\"https:\/\/romeushipping.com\/fr\/unidades-de-negocio\/warehouse\/\" target=\"_self\" >Warehouse<\/a><\/h3>\n<\/li><\/ul>\n\n<\/div>\n<\/div>\n<\/div>\n\n<h2 class=\"wp-block-heading has-text-align-center\"><strong>QUALIT\u00c9<\/strong><\/h2>\n\n<p><strong>Qualit\u00e9 et conformit\u00e9 dans tous nos processus<\/strong><\/p>\n\n<p>Nous travaillons activement \u00e0 l&rsquo;am\u00e9lioration des m\u00e9thodes et des processus de notre organisation : nous avons obtenu la certification ISO 9001 du Bureau Veritas.<\/p>\n\n<figure class=\"wp-block-image aligncenter size-medium\"><a href=\"https:\/\/romeushipping.com\/wp-content\/uploads\/2025\/01\/politicas-de-gestion-romeu-y-cia.pdf\" target=\"_blank\" rel=\" noreferrer noopener nofollow\"><img decoding=\"async\" width=\"300\" height=\"145\" src=\"https:\/\/romeushipping.com\/wp-content\/uploads\/2025\/01\/iso-9001-bureau-veritas-certification-300x145.jpg\" alt=\"\" class=\"wp-image-2208\" srcset=\"https:\/\/romeushipping.com\/wp-content\/uploads\/2025\/01\/iso-9001-bureau-veritas-certification-300x145.jpg 300w, https:\/\/romeushipping.com\/wp-content\/uploads\/2025\/01\/iso-9001-bureau-veritas-certification-1024x496.jpg 1024w, https:\/\/romeushipping.com\/wp-content\/uploads\/2025\/01\/iso-9001-bureau-veritas-certification-768x372.jpg 768w, https:\/\/romeushipping.com\/wp-content\/uploads\/2025\/01\/iso-9001-bureau-veritas-certification.jpg 1300w\" sizes=\"(max-width: 300px) 100vw, 300px\" \/><\/a><\/figure>\n\n<p>Vous pouvez consulter notre politique de qualit\u00e9 en cliquant <a href=\"https:\/\/romeushipping.com\/wp-content\/uploads\/2025\/01\/politicas-de-gestion-romeu-y-cia.pdf\" target=\"_blank\" rel=\"noreferrer noopener nofollow\">ici.<\/a><\/p>\n\n<div style=\"height:100px\" aria-hidden=\"true\" class=\"wp-block-spacer\"><\/div>\n","protected":false},"excerpt":{"rendered":"<p>Romeu &amp; CIA Romeu Cia est originaire de Tarragone, au si\u00e8cle XIXe ependant, c\u2019est en 1939 que les fr\u00e8res Manuel et Ernesto Romeu Escandell prennent le contr\u00f4le de l\u2019entreprise, marquant le d\u00e9but d\u2019un nouveau chapitre de progr\u00e8s et d\u2019expansion. Sous la direction visionnaire des fr\u00e8res Romeu, la soci\u00e9t\u00e9 a connu une croissance significative et r\u00e9ussie. [&hellip;]<\/p>\n","protected":false},"author":11,"featured_media":0,"parent":1043,"menu_order":0,"comment_status":"closed","ping_status":"closed","template":"","meta":{"inline_featured_image":false,"footnotes":""},"class_list":["post-977","page","type-page","status-publish","hentry"],"_links":{"self":[{"href":"https:\/\/romeushipping.com\/fr\/wp-json\/wp\/v2\/pages\/977","targetHints":{"allow":["GET"]}}],"collection":[{"href":"https:\/\/romeushipping.com\/fr\/wp-json\/wp\/v2\/pages"}],"about":[{"href":"https:\/\/romeushipping.com\/fr\/wp-json\/wp\/v2\/types\/page"}],"author":[{"embeddable":true,"href":"https:\/\/romeushipping.com\/fr\/wp-json\/wp\/v2\/users\/11"}],"replies":[{"embeddable":true,"href":"https:\/\/romeushipping.com\/fr\/wp-json\/wp\/v2\/comments?post=977"}],"version-history":[{"count":6,"href":"https:\/\/romeushipping.com\/fr\/wp-json\/wp\/v2\/pages\/977\/revisions"}],"predecessor-version":[{"id":2237,"href":"https:\/\/romeushipping.com\/fr\/wp-json\/wp\/v2\/pages\/977\/revisions\/2237"}],"up":[{"embeddable":true,"href":"https:\/\/romeushipping.com\/fr\/wp-json\/wp\/v2\/pages\/1043"}],"wp:attachment":[{"href":"https:\/\/romeushipping.com\/fr\/wp-json\/wp\/v2\/media?parent=977"}],"curies":[{"name":"wp","href":"https:\/\/api.w.org\/{rel}","templated":true}]}}