{"id":1802,"date":"2024-09-03T11:44:07","date_gmt":"2024-09-03T09:44:07","guid":{"rendered":"https:\/\/romeushipping.com\/politique-de-cookies\/"},"modified":"2026-02-10T13:37:23","modified_gmt":"2026-02-10T12:37:23","slug":"politique-de-cookies","status":"publish","type":"page","link":"https:\/\/romeushipping.com\/fr\/politique-de-cookies\/","title":{"rendered":"Politique de cookies"},"content":{"rendered":"\n<h1 class=\"wp-block-heading has-text-align-center\">Politique de cookies<\/h1>\n\n<h2 class=\"wp-block-heading\">Qu&rsquo;est-ce qu&rsquo;un cookie ?<\/h2>\n\n<p>Un cookie est un fichier ou un dispositif t\u00e9l\u00e9charg\u00e9 sur l&rsquo;\u00e9quipement terminal d&rsquo;un utilisateur dans le but de stocker des donn\u00e9es qui peuvent \u00eatre mises \u00e0 jour et r\u00e9cup\u00e9r\u00e9es par l&rsquo;entit\u00e9 responsable de son installation.<\/p>\n\n<h4 class=\"wp-block-heading\">Types de cookies<\/h4>\n\n<p>En fonction de l&rsquo;entit\u00e9 qui les g\u00e8re :<\/p>\n\n<ul class=\"wp-block-list\">\n<li><strong>Cookies propres:<\/strong> ce sont ceux qui sont envoy\u00e9s \u00e0 l&rsquo;\u00e9quipement terminal de l&rsquo;utilisateur \u00e0 partir d&rsquo;un ordinateur ou d&rsquo;un domaine g\u00e9r\u00e9 par l&rsquo;\u00e9diteur lui-m\u00eame et \u00e0 partir duquel le service demand\u00e9 par l&rsquo;utilisateur est fourni.<\/li>\n\n\n\n<li><strong>Cookies de tiers:<\/strong> ce sont ceux qui sont envoy\u00e9s \u00e0 l&rsquo;\u00e9quipement terminal de l&rsquo;utilisateur \u00e0 partir d&rsquo;un ordinateur ou d&rsquo;un domaine qui n&rsquo;est pas g\u00e9r\u00e9 par l&rsquo;\u00e9diteur, mais par une autre entit\u00e9 qui traite les donn\u00e9es obtenues par le biais des cookies.<\/li>\n<\/ul>\n\n<p>En fonction de la dur\u00e9e de leur activation:<\/p>\n\n<ul class=\"wp-block-list\">\n<li><strong>Cookies de session:<\/strong> il s&rsquo;agit d&rsquo;un type de cookie con\u00e7u pour collecter et stocker des donn\u00e9es pendant que l&rsquo;utilisateur acc\u00e8de \u00e0 un site web. Ils sont g\u00e9n\u00e9ralement utilis\u00e9s pour stocker des informations qui ne doivent \u00eatre conserv\u00e9es que pour la fourniture du service demand\u00e9 par l&rsquo;utilisateur \u00e0 une seule occasion (par exemple, une liste de produits achet\u00e9s). <\/li>\n\n\n\n<li><strong>Cookies persistants:<\/strong> Il s&rsquo;agit d&rsquo;un type de cookie dans lequel les donn\u00e9es restent stock\u00e9es dans le terminal et peuvent \u00eatre consult\u00e9es et trait\u00e9es pendant une p\u00e9riode d\u00e9finie par le responsable du cookie, qui peut aller de quelques minutes \u00e0 plusieurs ann\u00e9es.<\/li>\n<\/ul>\n\n<p>En fonction de leur objectif:<\/p>\n\n<ul class=\"wp-block-list\">\n<li><strong>Cookies techniques:<\/strong> Ils permettent \u00e0 l&rsquo;utilisateur de naviguer sur un site web, une plateforme ou une application et d&rsquo;utiliser les diff\u00e9rentes options ou services qui y sont propos\u00e9s, comme, par exemple, le contr\u00f4le du trafic et de la communication des donn\u00e9es, l&rsquo;identification de la session, l&rsquo;acc\u00e8s aux zones r\u00e9serv\u00e9es, la m\u00e9morisation des \u00e9l\u00e9ments qui composent une commande, l&rsquo;ex\u00e9cution du processus d&rsquo;achat d&rsquo;une commande, la demande d&rsquo;inscription ou la participation \u00e0 un \u00e9v\u00e9nement, l&rsquo;utilisation d&rsquo;\u00e9l\u00e9ments de s\u00e9curit\u00e9 lors de la navigation, le stockage de contenus pour la diffusion de vid\u00e9os ou de sons ou le partage de contenus sur les r\u00e9seaux sociaux.<\/li>\n\n\n\n<li><strong>Cookies de personnalisation:<\/strong> Ces cookies permettent \u00e0 l&rsquo;utilisateur d&rsquo;acc\u00e9der au service avec certaines caract\u00e9ristiques g\u00e9n\u00e9rales pr\u00e9d\u00e9finies en fonction d&rsquo;une s\u00e9rie de crit\u00e8res pr\u00e9sents dans le terminal de l&rsquo;utilisateur, tels que la langue, le type de navigateur utilis\u00e9 pour acc\u00e9der au service, la configuration r\u00e9gionale \u00e0 partir de laquelle on acc\u00e8de au service, etc.<\/li>\n\n\n\n<li><strong>Cookies d&rsquo;analyse:<\/strong> Ces cookies permettent au responsable de surveiller et d&rsquo;analyser le comportement des utilisateurs des sites web auxquels ils sont li\u00e9s. Les informations collect\u00e9es par ce type de cookies sont utilis\u00e9es pour mesurer l&rsquo;activit\u00e9 des sites web, de l&rsquo;application ou de la plateforme et pour l&rsquo;\u00e9laboration de profils de navigation des utilisateurs de ces sites, applications et plateformes, afin d&rsquo;introduire des am\u00e9liorations bas\u00e9es sur l&rsquo;analyse des donn\u00e9es relatives \u00e0 l&rsquo;utilisation faite par les utilisateurs du service. <\/li>\n\n\n\n<li><strong>Cookies publicitaires:<\/strong> Ce sont ceux qui permettent de g\u00e9rer, de la mani\u00e8re la plus efficace possible, les espaces publicitaires que, le cas \u00e9ch\u00e9ant, l&rsquo;\u00e9diteur a inclus sur un site web, une application ou une plateforme \u00e0 partir de laquelle le service demand\u00e9 est fourni, sur la base de crit\u00e8res tels que le contenu \u00e9dit\u00e9 ou la fr\u00e9quence \u00e0 laquelle les publicit\u00e9s sont affich\u00e9es.<\/li>\n\n\n\n<li><strong>Cookies de publicit\u00e9 comportementale: <\/strong>Ces cookies permettent de g\u00e9rer, de la mani\u00e8re la plus efficace possible, les espaces publicitaires que, le cas \u00e9ch\u00e9ant, l&rsquo;\u00e9diteur a inclus sur un site web, une application ou une plateforme \u00e0 partir de laquelle le service demand\u00e9 est fourni. Ces cookies stockent des informations sur le comportement des utilisateurs obtenues gr\u00e2ce \u00e0 l&rsquo;observation continue de leurs habitudes de navigation, ce qui permet de d\u00e9velopper un profil sp\u00e9cifique afin d&rsquo;afficher des publicit\u00e9s bas\u00e9es sur ce dernier. <\/li>\n<\/ul>\n\n<h4 class=\"wp-block-heading\">Quels types de cookies ce site web utilise-t-il ?<\/h4>\n\n<p>Les cookies \u00e9mis par www.romeu.com sont les suivants:<\/p>\n\n<figure class=\"wp-block-table\"><table class=\"has-fixed-layout\"><tbody><tr><td><strong>NOM<\/strong><\/td><td><strong>ID<\/strong><\/td><td><strong>TYPE<\/strong><\/td><td><strong>OBJECTIF<\/strong><\/td><td><strong>PLUS D&rsquo;INFORMATIONS<\/strong><\/td><td><strong>PROPRI\u00c9TAIRE DU COOKIE<\/strong><\/td><\/tr><tr><td> _ga, _gat, _gid<\/td><td>  1<\/td><td> Analytics<\/td><td> \u00c9laboration de statistiques<\/td><td>Ces cookies sont mis en place par Google Analytic pour suivre l&rsquo;utilisation du site web. Ces cookies ne sont pas activ\u00e9s si vous d\u00e9sactivez les cookies pour ce site web. <\/td><td> Google<\/td><\/tr><tr><td> _icl_current_language<\/td><td>  2<\/td><td> Langue<\/td><td>Identifie la langue de l&rsquo;utilisateur<\/td><td>Identifie et enregistre la langue de navigation de l&rsquo;utilisateur sur la page pour afficher les articles de blog en anglais ou en espagnol.<\/td><td>WPML WordPress<\/td><\/tr><\/tbody><\/table><\/figure>\n\n<div class=\"cky-audit-table-element\"><\/div>\n\n<h3 class=\"wp-block-heading\">Pour supprimer les cookies de votre navigateur:<\/h3>\n\n<p>Vous pouvez g\u00e9rer l&rsquo;utilisation des cookies via le navigateur install\u00e9 sur votre ordinateur. Les liens suivants vous permettront de savoir quels types de cookies ont \u00e9t\u00e9 install\u00e9s, ainsi que la proc\u00e9dure \u00e0 suivre pour les bloquer ou les supprimer de votre ordinateur. En fonction du navigateur utilis\u00e9, vous pouvez utiliser l&rsquo;un des liens suivants:  <\/p>\n\n<ul class=\"wp-block-list\">\n<li>Firefox: <a href=\"https:\/\/support.mozilla.org\/es\/kb\/Borrar%20cookies\" target=\"_blank\" rel=\"noreferrer noopener\">https:\/\/support.mozilla.org\/es\/kb\/Borrar%20cookies<\/a><\/li>\n\n\n\n<li>Chrome: <a href=\"https:\/\/support.google.com\/chrome\/bin\/answer.py?hl=es&amp;answer=95647\" target=\"_blank\" rel=\"noreferrer noopener\">https:\/\/support.google.com\/chrome\/bin\/answer.py?hl=esanswer=95647<\/a><\/li>\n\n\n\n<li>Safari: <a href=\"https:\/\/support.apple.com\/kb\/PH19214?locale=es_ES&amp;viewlocale=es_ES\" target=\"_blank\" rel=\"noreferrer noopener\">https:\/\/support.apple.com\/kb\/PH19214?locale=es_ESviewlocale=es_ES<\/a><\/li>\n\n\n\n<li>Explorer: <a href=\"https:\/\/windows.microsoft.com\/es-es\/windows7\/how-to-manage-cookies-in-internet-explorer-9\" target=\"_blank\" rel=\"noreferrer noopener\">https:\/\/windows.microsoft.com\/es-es\/windows7\/how-to-manage-cookies-in-internet-explorer-9<\/a><\/li>\n\n\n\n<li>Opera: <a href=\"https:\/\/help.opera.com\/Windows\/11.50\/es-ES\/cookies.html\" target=\"_blank\" rel=\"noreferrer noopener\">https:\/\/help.opera.com\/Windows\/11.50\/es-ES\/cookies.html<\/a><\/li>\n<\/ul>\n\n<div style=\"height:40px\" aria-hidden=\"true\" class=\"wp-block-spacer\"><\/div>\n","protected":false},"excerpt":{"rendered":"<p>Politique de cookies Qu&rsquo;est-ce qu&rsquo;un cookie ? Un cookie est un fichier ou un dispositif t\u00e9l\u00e9charg\u00e9 sur l&rsquo;\u00e9quipement terminal d&rsquo;un utilisateur dans le but de stocker des donn\u00e9es qui peuvent \u00eatre mises \u00e0 jour et r\u00e9cup\u00e9r\u00e9es par l&rsquo;entit\u00e9 responsable de son installation. Types de cookies En fonction de l&rsquo;entit\u00e9 qui les g\u00e8re : En fonction [&hellip;]<\/p>\n","protected":false},"author":11,"featured_media":0,"parent":0,"menu_order":0,"comment_status":"closed","ping_status":"closed","template":"","meta":{"inline_featured_image":false,"footnotes":""},"class_list":["post-1802","page","type-page","status-publish","hentry"],"_links":{"self":[{"href":"https:\/\/romeushipping.com\/fr\/wp-json\/wp\/v2\/pages\/1802","targetHints":{"allow":["GET"]}}],"collection":[{"href":"https:\/\/romeushipping.com\/fr\/wp-json\/wp\/v2\/pages"}],"about":[{"href":"https:\/\/romeushipping.com\/fr\/wp-json\/wp\/v2\/types\/page"}],"author":[{"embeddable":true,"href":"https:\/\/romeushipping.com\/fr\/wp-json\/wp\/v2\/users\/11"}],"replies":[{"embeddable":true,"href":"https:\/\/romeushipping.com\/fr\/wp-json\/wp\/v2\/comments?post=1802"}],"version-history":[{"count":1,"href":"https:\/\/romeushipping.com\/fr\/wp-json\/wp\/v2\/pages\/1802\/revisions"}],"predecessor-version":[{"id":1803,"href":"https:\/\/romeushipping.com\/fr\/wp-json\/wp\/v2\/pages\/1802\/revisions\/1803"}],"wp:attachment":[{"href":"https:\/\/romeushipping.com\/fr\/wp-json\/wp\/v2\/media?parent=1802"}],"curies":[{"name":"wp","href":"https:\/\/api.w.org\/{rel}","templated":true}]}}