{"id":1668,"date":"2024-09-11T12:08:03","date_gmt":"2024-09-11T10:08:03","guid":{"rendered":"https:\/\/romeushipping.com\/canal-ethique-et-de-conformite\/"},"modified":"2026-02-10T13:36:52","modified_gmt":"2026-02-10T12:36:52","slug":"canal-ethique-et-de-conformite","status":"publish","type":"page","link":"https:\/\/romeushipping.com\/fr\/canal-ethique-et-de-conformite\/","title":{"rendered":"Canal \u00c9thique et de Conformit\u00e9"},"content":{"rendered":"\n<div class=\"wp-block-group alignfull has-global-padding is-layout-constrained wp-container-core-group-is-layout-e23df5b9 wp-block-group-is-layout-constrained\" style=\"margin-top:0px;padding-right:0px;padding-bottom:48px\">\n<div class=\"wp-block-columns alignwide are-vertically-aligned-center is-layout-flex wp-container-core-columns-is-layout-67c09cde wp-block-columns-is-layout-flex\">\n<div class=\"wp-block-column is-vertically-aligned-center is-layout-flow wp-block-column-is-layout-flow\">\n<div class=\"wp-block-group has-global-padding is-content-justification-right is-layout-constrained wp-container-core-group-is-layout-3281dfb3 wp-block-group-is-layout-constrained\">\n<h1 class=\"wp-block-heading\">Canal \u00c9thique et de Conformit\u00e9<\/h1>\n<\/div>\n<\/div>\n\n\n\n<div class=\"wp-block-column is-vertically-aligned-center pos-rel is-layout-flow wp-block-column-is-layout-flow\">\n<figure class=\"wp-block-image size-full\"><img decoding=\"async\" width=\"704\" height=\"335\" src=\"https:\/\/romeushipping.com\/wp-content\/uploads\/2024\/07\/bu-card.jpg\" alt=\"\" class=\"wp-image-205\" srcset=\"https:\/\/romeushipping.com\/wp-content\/uploads\/2024\/07\/bu-card.jpg 704w, https:\/\/romeushipping.com\/wp-content\/uploads\/2024\/07\/bu-card-300x143.jpg 300w\" sizes=\"(max-width: 704px) 100vw, 704px\" \/><\/figure>\n<\/div>\n<\/div>\n<\/div>\n\n<div class=\"wp-block-group alignfull has-global-padding is-layout-constrained wp-container-core-group-is-layout-e10df66b wp-block-group-is-layout-constrained\" style=\"margin-top:0px;padding-top:0px;padding-bottom:0px\">\n<p style=\"margin-top:48px;margin-bottom:48px\">A fin de prevenir, descubrir, y sancionar los incumplimientos o infracciones del C\u00f3digo \u00c9tico o, en general, del Programa de Cumplimiento de Romeu Shipping Division\u00a0u otras irregularidades o infracciones de la legislaci\u00f3n aplicable que puedan producirse por parte de miembros o de terceros con los que se relaciona o vincula profesionalmente Romeu Shipping Division, as\u00ed como para plantear dudas o consultas, se habilita el presente Canal \u00c9tico y de Cumplimiento, que permite a qui\u00e9n haya tenido conocimiento de dichas infracciones poner tal circunstancia en conocimiento del Responsable del Canal \u00c9tico de Romeu Shipping Division, incluso\u00a0an\u00f3nimamente.<\/p>\n<\/div>\n\n<div class=\"wp-block-group alignfull has-background has-global-padding is-layout-constrained wp-container-core-group-is-layout-b5a2d89d wp-block-group-is-layout-constrained\" style=\"background-color:#f5f5f5;padding-top:48px;padding-right:32px;padding-bottom:48px;padding-left:32px\">\n<h2 class=\"wp-block-heading has-text-align-center\">Que peut-on communiquer par le biais du canal \u00e9thique et de la conformit\u00e9 ?<\/h2>\n\n\n\n<div class=\"wp-block-columns cols-br-16 is-layout-flex wp-container-core-columns-is-layout-ac9d9d3e wp-block-columns-is-layout-flex\" style=\"margin-top:40px\">\n<div class=\"wp-block-column has-base-background-color has-background is-layout-flow wp-block-column-is-layout-flow\">\n<div class=\"wp-block-group has-global-padding is-layout-constrained wp-container-core-group-is-layout-41ddcc81 wp-block-group-is-layout-constrained\" style=\"border-radius:16px;min-height:202px;padding-top:32px;padding-right:32px;padding-bottom:32px;padding-left:32px\">\n<figure class=\"wp-block-image size-large\"><img decoding=\"async\" width=\"48\" height=\"48\" src=\"https:\/\/romeushipping.com\/wp-content\/uploads\/2024\/07\/Group-7.svg\" alt=\"Groupe\" class=\"wp-image-181\"\/><\/figure>\n\n\n\n<p>Toute violation ou non-respect du Programme de conformit\u00e9 et autres r\u00e8glements internes de ROMEU Shipping division, des valeurs, directives d&rsquo;intervention ou r\u00e8gles de conduite qui y figurent.<\/p>\n<\/div>\n<\/div>\n\n\n\n<div class=\"wp-block-column has-base-background-color has-background is-layout-flow wp-block-column-is-layout-flow\">\n<div class=\"wp-block-group has-global-padding is-layout-constrained wp-container-core-group-is-layout-41ddcc81 wp-block-group-is-layout-constrained\" style=\"border-radius:16px;min-height:202px;padding-top:32px;padding-right:32px;padding-bottom:32px;padding-left:32px\">\n<figure class=\"wp-block-image size-large\"><img decoding=\"async\" width=\"48\" height=\"48\" src=\"https:\/\/romeushipping.com\/wp-content\/uploads\/2024\/07\/contenedor.svg\" alt=\"\" class=\"wp-image-522\"\/><\/figure>\n\n\n\n<p>Toute violation de la l\u00e9gislation en vigueur.<\/p>\n<\/div>\n<\/div>\n\n\n\n<div class=\"wp-block-column has-base-background-color has-background is-layout-flow wp-block-column-is-layout-flow\">\n<div class=\"wp-block-group has-global-padding is-layout-constrained wp-container-core-group-is-layout-41ddcc81 wp-block-group-is-layout-constrained\" style=\"border-radius:16px;min-height:202px;padding-top:32px;padding-right:32px;padding-bottom:32px;padding-left:32px\">\n<figure class=\"wp-block-image size-large\"><img decoding=\"async\" width=\"48\" height=\"48\" src=\"https:\/\/romeushipping.com\/wp-content\/uploads\/2024\/07\/Comercial-dashboard-icons-5.svg\" alt=\"Ic&#xF4;nes de tableau de bord commercial\" class=\"wp-image-629\"\/><\/figure>\n\n\n\n<p>Toute situation de harc\u00e8lement ou de discrimination fond\u00e9e sur le sexe, l&rsquo;orientation sexuelle, la religion ou toute autre circonstance personnelle.<\/p>\n<\/div>\n<\/div>\n\n\n\n<div class=\"wp-block-column has-base-background-color has-background is-layout-flow wp-block-column-is-layout-flow\">\n<div class=\"wp-block-group has-global-padding is-layout-constrained wp-container-core-group-is-layout-41ddcc81 wp-block-group-is-layout-constrained\" style=\"border-radius:16px;min-height:202px;padding-top:32px;padding-right:32px;padding-bottom:32px;padding-left:32px\">\n<figure class=\"wp-block-image size-large\"><img decoding=\"async\" width=\"48\" height=\"48\" src=\"https:\/\/romeushipping.com\/wp-content\/uploads\/2024\/07\/gestion.svg\" alt=\"\" class=\"wp-image-524\"\/><\/figure>\n\n\n\n<p>Cualquier contingencia que pueda suponer un riesgo para la reputaci\u00f3n de Romeu Shipping Division.<\/p>\n<\/div>\n<\/div>\n\n\n\n<div class=\"wp-block-column has-base-background-color has-background is-layout-flow wp-block-column-is-layout-flow\">\n<div class=\"wp-block-group has-global-padding is-layout-constrained wp-container-core-group-is-layout-41ddcc81 wp-block-group-is-layout-constrained\" style=\"border-radius:16px;min-height:202px;padding-top:32px;padding-right:32px;padding-bottom:32px;padding-left:32px\">\n<figure class=\"wp-block-image size-large\"><img decoding=\"async\" width=\"48\" height=\"48\" src=\"https:\/\/romeushipping.com\/wp-content\/uploads\/2024\/07\/ventas.svg\" alt=\"\" class=\"wp-image-526\"\/><\/figure>\n\n\n\n<p>Questions ou demandes de renseignements concernant la mise en \u0153uvre du Programme de Conformit\u00e9.<\/p>\n<\/div>\n<\/div>\n<\/div>\n<\/div>\n\n<div class=\"wp-block-group alignfull has-global-padding is-layout-constrained wp-container-core-group-is-layout-53955990 wp-block-group-is-layout-constrained\" style=\"margin-top:0px;margin-bottom:0px;padding-top:48px;padding-bottom:48px\">\n<p style=\"margin-bottom:0px\">En todo caso, el contenido de la comunicaci\u00f3n debe estar relacionado con conductas o hechos cometidos por parte de los miembros y terceros con los que se relaciona o vincula profesionalmente Romeu Shipping Division\u00a0o sobre dudas acerca del Programa de Cumplimiento.<\/p>\n\n\n\n<p>Vous ne devez pas utiliser le Canal \u00c9thique et de Conformit\u00e9 pour accuser faussement d&rsquo;autres personnes et vous ne devez pas fournir de fausses informations. De m\u00eame, toutes sortes de repr\u00e9sailles contre les personnes qui r\u00e9alisent une communication actes de bonne foi sont express\u00e9ment interdites. L&rsquo;interdiction touche \u00e9galement les membres de la famille, les employ\u00e9s et les autres personnes associ\u00e9es \u00e0 la personne qui r\u00e9alise la communication.  <\/p>\n\n\n\n<p>Toutes les communications seront trait\u00e9es de mani\u00e8re confidentielle.<\/p>\n<\/div>\n\n<div class=\"wp-block-group alignfull has-background has-global-padding is-layout-constrained wp-container-core-group-is-layout-b5a2d89d wp-block-group-is-layout-constrained\" style=\"background-color:#f5f5f5;padding-top:48px;padding-right:32px;padding-bottom:48px;padding-left:32px\">\n<h2 class=\"wp-block-heading has-text-align-center\">Qui peut r\u00e9aliser une communication ?<\/h2>\n\n\n\n<div class=\"wp-block-columns cols-br-16 is-layout-flex wp-container-core-columns-is-layout-ac9d9d3e wp-block-columns-is-layout-flex\" style=\"margin-top:40px\">\n<div class=\"wp-block-column has-base-background-color has-background is-layout-flow wp-block-column-is-layout-flow\">\n<div class=\"wp-block-group has-global-padding is-layout-constrained wp-container-core-group-is-layout-41ddcc81 wp-block-group-is-layout-constrained\" style=\"border-radius:16px;min-height:202px;padding-top:32px;padding-right:32px;padding-bottom:32px;padding-left:32px\">\n<figure class=\"wp-block-image size-large\"><img decoding=\"async\" width=\"48\" height=\"48\" src=\"https:\/\/romeushipping.com\/wp-content\/uploads\/2024\/07\/Group-7.svg\" alt=\"Groupe\" class=\"wp-image-181\"\/><\/figure>\n\n\n\n<p>Todos los miembros de Romeu Shipping Division, incluidos becarios, voluntarios, empleados en periodo de formaci\u00f3n, ex-empleados y candidatos en un proceso de selecci\u00f3n o negociaci\u00f3n.<\/p>\n<\/div>\n<\/div>\n\n\n\n<div class=\"wp-block-column has-base-background-color has-background is-layout-flow wp-block-column-is-layout-flow\">\n<div class=\"wp-block-group has-global-padding is-layout-constrained wp-container-core-group-is-layout-41ddcc81 wp-block-group-is-layout-constrained\" style=\"border-radius:16px;min-height:202px;padding-top:32px;padding-right:32px;padding-bottom:32px;padding-left:32px\">\n<figure class=\"wp-block-image size-large\"><img decoding=\"async\" width=\"48\" height=\"48\" src=\"https:\/\/romeushipping.com\/wp-content\/uploads\/2024\/07\/contenedor.svg\" alt=\"\" class=\"wp-image-522\"\/><\/figure>\n\n\n\n<p>Les actionnaires, les parties prenantes et les personnes appartenant \u00e0 l&rsquo;organe d\u2019administration, de direction ou de surveillance d&rsquo;une entreprise, y compris les membres non ex\u00e9cutifs.<\/p>\n<\/div>\n<\/div>\n\n\n\n<div class=\"wp-block-column has-base-background-color has-background is-layout-flow wp-block-column-is-layout-flow\">\n<div class=\"wp-block-group has-global-padding is-layout-constrained wp-container-core-group-is-layout-41ddcc81 wp-block-group-is-layout-constrained\" style=\"border-radius:16px;min-height:202px;padding-top:32px;padding-right:32px;padding-bottom:32px;padding-left:32px\">\n<figure class=\"wp-block-image size-large\"><img decoding=\"async\" width=\"48\" height=\"48\" src=\"https:\/\/romeushipping.com\/wp-content\/uploads\/2024\/07\/gestion.svg\" alt=\"\" class=\"wp-image-524\"\/><\/figure>\n\n\n\n<p>Les entrepreneurs, les sous-traitants et les fournisseurs, ainsi que les personnes qui travaillent pour eux.<\/p>\n<\/div>\n<\/div>\n<\/div>\n<\/div>\n\n<div class=\"wp-block-group alignfull has-global-padding is-layout-constrained wp-container-core-group-is-layout-1723dff9 wp-block-group-is-layout-constrained\" style=\"margin-top:0px;margin-bottom:48px;padding-top:48px;padding-bottom:48px\">\n<p style=\"margin-bottom:0px\">Nous vous informons que ROMINVEST S.L., en tant que responsable du traitement, traitera vos donn\u00e9es afin de r\u00e9pondre \u00e0 votre demande et de g\u00e9rer la plainte soumise par ce canal, dont la base juridique du traitement est le respect d&rsquo;une obligation l\u00e9gale impos\u00e9e par la loi 2\/2023, du 20 f\u00e9vrier, r\u00e9glementant la protection des personnes qui signalent des infractions r\u00e9glementaires et la lutte contre la corruption. <\/p>\n\n\n\n<p style=\"margin-bottom:0px\">Pour plus d&rsquo;informations sur la cha\u00eene \u00e9thique et le traitement de vos donn\u00e9es, veuillez consulter le site suivant<\/p>\n\n\n\n<p>Vous pouvez exercer vos droits \u00e0 l&rsquo;adresse suivante <a href=\"mailto:dpo@romeu.com\"> dpo@romeu.com<\/a> <\/p>\n\n\n\n<p>Pour plus d&rsquo;informations sur la cha\u00eene \u00e9thique et le traitement de vos donn\u00e9es, cliquez <a href=\"#\">ici<\/a>.<\/p>\n<\/div>\n\n<div class=\"wp-block-group alignfull pos-rel has-global-padding is-layout-constrained wp-block-group-is-layout-constrained\">\n<h2 class=\"wp-block-heading has-text-align-center\">Code d&rsquo;\u00e9thique et de conformit\u00e9<\/h2>\n\n\n\n<div class=\"wp-block-group is-content-justification-center is-layout-flex wp-container-core-group-is-layout-6fb47b82 wp-block-group-is-layout-flex\" style=\"margin-top:40px;margin-bottom:48px\">\n<div class=\"wp-block-group has-border-color has-global-padding is-layout-constrained wp-container-core-group-is-layout-f38a20ec wp-block-group-is-layout-constrained\" style=\"border-color:#cccccc;border-width:1px;border-radius:16px;min-height:257px;padding-top:32px;padding-right:32px;padding-bottom:32px;padding-left:32px\">\n<div class=\"wp-block-group is-vertical is-content-justification-stretch is-layout-flex wp-container-core-group-is-layout-353c4f5a wp-block-group-is-layout-flex\">\n<div class=\"wp-block-group has-global-padding is-layout-constrained wp-block-group-is-layout-constrained\">\n<h3 class=\"wp-block-heading has-text-align-left\">Clause d&rsquo;information sur le canal \u00e9thique<\/h3>\n\n\n\n<p>09 janvier 2024<\/p>\n<\/div>\n\n\n\n<div class=\"wp-block-buttons is-layout-flex wp-block-buttons-is-layout-flex\">\n<div class=\"wp-block-button is-style-outline is-style-outline--1\"><a class=\"wp-block-button__link wp-element-button\">Voir<\/a><\/div>\n<\/div>\n<\/div>\n<\/div>\n\n\n\n<div class=\"wp-block-group has-border-color has-global-padding is-layout-constrained wp-container-core-group-is-layout-f38a20ec wp-block-group-is-layout-constrained\" style=\"border-color:#cccccc;border-width:1px;border-radius:16px;min-height:257px;padding-top:32px;padding-right:32px;padding-bottom:32px;padding-left:32px\">\n<div class=\"wp-block-group is-vertical is-content-justification-stretch is-layout-flex wp-container-core-group-is-layout-353c4f5a wp-block-group-is-layout-flex\">\n<div class=\"wp-block-group has-global-padding is-layout-constrained wp-block-group-is-layout-constrained\">\n<h3 class=\"wp-block-heading has-text-align-left\">Clause d&rsquo;information sur le canal \u00e9thique<\/h3>\n\n\n\n<p>09 janvier 2024<\/p>\n<\/div>\n\n\n\n<div class=\"wp-block-buttons is-layout-flex wp-block-buttons-is-layout-flex\">\n<div class=\"wp-block-button is-style-outline is-style-outline--2\"><a class=\"wp-block-button__link wp-element-button\">Voir<\/a><\/div>\n<\/div>\n<\/div>\n<\/div>\n\n\n\n<div class=\"wp-block-group has-border-color has-global-padding is-layout-constrained wp-container-core-group-is-layout-f38a20ec wp-block-group-is-layout-constrained\" style=\"border-color:#cccccc;border-width:1px;border-radius:16px;min-height:257px;padding-top:32px;padding-right:32px;padding-bottom:32px;padding-left:32px\">\n<div class=\"wp-block-group is-vertical is-content-justification-stretch is-layout-flex wp-container-core-group-is-layout-353c4f5a wp-block-group-is-layout-flex\">\n<div class=\"wp-block-group has-global-padding is-layout-constrained wp-block-group-is-layout-constrained\">\n<h3 class=\"wp-block-heading has-text-align-left\">Clause d&rsquo;information sur le canal \u00e9thique<\/h3>\n\n\n\n<p>09 janvier 2024<\/p>\n<\/div>\n\n\n\n<div class=\"wp-block-buttons is-layout-flex wp-block-buttons-is-layout-flex\">\n<div class=\"wp-block-button is-style-outline is-style-outline--3\"><a class=\"wp-block-button__link wp-element-button\">Voir<\/a><\/div>\n<\/div>\n<\/div>\n<\/div>\n<\/div>\n<\/div>\n\n<p><\/p>\n","protected":false},"excerpt":{"rendered":"<p>Canal \u00c9thique et de Conformit\u00e9 A fin de prevenir, descubrir, y sancionar los incumplimientos o infracciones del C\u00f3digo \u00c9tico o, en general, del Programa de Cumplimiento de Romeu Shipping Division\u00a0u otras irregularidades o infracciones de la legislaci\u00f3n aplicable que puedan producirse por parte de miembros o de terceros con los que se relaciona o vincula [&hellip;]<\/p>\n","protected":false},"author":11,"featured_media":0,"parent":0,"menu_order":0,"comment_status":"closed","ping_status":"closed","template":"","meta":{"inline_featured_image":false,"footnotes":""},"class_list":["post-1668","page","type-page","status-publish","hentry"],"_links":{"self":[{"href":"https:\/\/romeushipping.com\/fr\/wp-json\/wp\/v2\/pages\/1668","targetHints":{"allow":["GET"]}}],"collection":[{"href":"https:\/\/romeushipping.com\/fr\/wp-json\/wp\/v2\/pages"}],"about":[{"href":"https:\/\/romeushipping.com\/fr\/wp-json\/wp\/v2\/types\/page"}],"author":[{"embeddable":true,"href":"https:\/\/romeushipping.com\/fr\/wp-json\/wp\/v2\/users\/11"}],"replies":[{"embeddable":true,"href":"https:\/\/romeushipping.com\/fr\/wp-json\/wp\/v2\/comments?post=1668"}],"version-history":[{"count":1,"href":"https:\/\/romeushipping.com\/fr\/wp-json\/wp\/v2\/pages\/1668\/revisions"}],"predecessor-version":[{"id":1669,"href":"https:\/\/romeushipping.com\/fr\/wp-json\/wp\/v2\/pages\/1668\/revisions\/1669"}],"wp:attachment":[{"href":"https:\/\/romeushipping.com\/fr\/wp-json\/wp\/v2\/media?parent=1668"}],"curies":[{"name":"wp","href":"https:\/\/api.w.org\/{rel}","templated":true}]}}