{"id":1142,"date":"2024-07-08T08:59:08","date_gmt":"2024-07-08T06:59:08","guid":{"rendered":"https:\/\/romeushipping.com\/conformite\/"},"modified":"2026-02-10T13:36:56","modified_gmt":"2026-02-10T12:36:56","slug":"conformite","status":"publish","type":"page","link":"https:\/\/romeushipping.com\/fr\/conformite\/","title":{"rendered":"Conformit\u00e9"},"content":{"rendered":"\n<div id=\"nosotros\" class=\"wp-block-group has-global-padding is-layout-constrained wp-block-group-is-layout-constrained\" style=\"padding-top:24px;padding-bottom:48px\">\n<h1 class=\"wp-block-heading has-text-align-center\">Programme de conformit\u00e9 Romeu<\/h1>\n<\/div>\n\n<div class=\"wp-block-group alignfull margin-auto-res has-global-padding is-layout-constrained wp-container-core-group-is-layout-7c660b90 wp-block-group-is-layout-constrained\" style=\"margin-top:0px;padding-top:48px;padding-right:0px;padding-bottom:48px\">\n<div class=\"wp-block-columns alignwide are-vertically-aligned-center is-layout-flex wp-container-core-columns-is-layout-67c09cde wp-block-columns-is-layout-flex\">\n<div class=\"wp-block-column is-vertically-aligned-center is-layout-flow wp-block-column-is-layout-flow\">\n<div class=\"wp-block-group has-global-padding is-content-justification-right is-layout-constrained wp-container-core-group-is-layout-56f5bac7 wp-block-group-is-layout-constrained\">\n<div class=\"wp-block-group has-global-padding is-content-justification-left is-layout-constrained wp-container-core-group-is-layout-a0c39f06 wp-block-group-is-layout-constrained\">\n<p>Le travail quotidien de ROMEU Shipping Division se situe entre les douanes, le transport et la logistique, le forwarding, le NVOCC, le shipping, les ports et les bureaux dans de nombreuses parties du monde, mais, tout comme nous savons que l&rsquo;effort et la pers\u00e9v\u00e9rance nous ont amen\u00e9s \u00e0 ce qui est aujourd&rsquo;hui ROMEU Shipping Division, nous sommes \u00e9galement conscients de l&rsquo;importance de d\u00e9velopper notre activit\u00e9 en accord avec des valeurs \u00e9thiques.<br\/>Traduit avec DeepL.com (version gratuite)<\/p>\n\n\n\n<p>Nous vous invitons \u00e0 lire notre <strong>code d&rsquo;\u00e9thique et de conduite<\/strong>, afin de vous int\u00e9grer \u00e0 notre culture et \u00e0 nos valeurs.<\/p>\n\n\n\n<p>En outre, avec l&rsquo;objectif clair de pouvoir conna\u00eetre et d\u00e9tecter tout \u00e9l\u00e9ment qui entrave l&rsquo;efficacit\u00e9 de notre programme de conformit\u00e9, nous avons mis en place un <strong>canal d&rsquo;\u00e9thique et de conformit\u00e9<\/strong> \u00e0 travers lequel les membres de la ROMEU Shipping Division peuvent signaler toute conduite irr\u00e9guli\u00e8re possible qui pourrait avoir \u00e9t\u00e9 commise dans le d\u00e9veloppement de notre activit\u00e9.<\/p>\n\n\n\n<p>Nous disposons \u00e9galement d&rsquo;un ensemble de politiques et de protocoles qui d\u00e9veloppent les principes et les valeurs proclam\u00e9s dans le code d&rsquo;\u00e9thique et de conduite, comme la politique de lutte contre la corruption ou la politique de pr\u00e9vention du blanchiment d&rsquo;argent. Dans le m\u00eame ordre d&rsquo;id\u00e9es, il y a aussi le Chief Compliance Officer, qui est la personne charg\u00e9e de superviser le bon fonctionnement du programme de conformit\u00e9. <\/p>\n<\/div>\n<\/div>\n<\/div>\n\n\n\n<div class=\"wp-block-column is-vertically-aligned-center pos-rel is-layout-flow wp-block-column-is-layout-flow\">\n<figure class=\"wp-block-image size-full\"><img decoding=\"async\" width=\"703\" height=\"590\" src=\"https:\/\/romeushipping.com\/wp-content\/uploads\/2024\/09\/cover__compliance.png\" alt=\"\" class=\"wp-image-1641\" srcset=\"https:\/\/romeushipping.com\/wp-content\/uploads\/2024\/09\/cover__compliance.png 703w, https:\/\/romeushipping.com\/wp-content\/uploads\/2024\/09\/cover__compliance-300x252.png 300w\" sizes=\"(max-width: 703px) 100vw, 703px\" \/><\/figure>\n<\/div>\n<\/div>\n<\/div>\n","protected":false},"excerpt":{"rendered":"<p>Programme de conformit\u00e9 Romeu Le travail quotidien de ROMEU Shipping Division se situe entre les douanes, le transport et la logistique, le forwarding, le NVOCC, le shipping, les ports et les bureaux dans de nombreuses parties du monde, mais, tout comme nous savons que l&rsquo;effort et la pers\u00e9v\u00e9rance nous ont amen\u00e9s \u00e0 ce qui est [&hellip;]<\/p>\n","protected":false},"author":11,"featured_media":0,"parent":0,"menu_order":0,"comment_status":"closed","ping_status":"closed","template":"","meta":{"inline_featured_image":false,"footnotes":""},"class_list":["post-1142","page","type-page","status-publish","hentry"],"_links":{"self":[{"href":"https:\/\/romeushipping.com\/fr\/wp-json\/wp\/v2\/pages\/1142","targetHints":{"allow":["GET"]}}],"collection":[{"href":"https:\/\/romeushipping.com\/fr\/wp-json\/wp\/v2\/pages"}],"about":[{"href":"https:\/\/romeushipping.com\/fr\/wp-json\/wp\/v2\/types\/page"}],"author":[{"embeddable":true,"href":"https:\/\/romeushipping.com\/fr\/wp-json\/wp\/v2\/users\/11"}],"replies":[{"embeddable":true,"href":"https:\/\/romeushipping.com\/fr\/wp-json\/wp\/v2\/comments?post=1142"}],"version-history":[{"count":3,"href":"https:\/\/romeushipping.com\/fr\/wp-json\/wp\/v2\/pages\/1142\/revisions"}],"predecessor-version":[{"id":1653,"href":"https:\/\/romeushipping.com\/fr\/wp-json\/wp\/v2\/pages\/1142\/revisions\/1653"}],"wp:attachment":[{"href":"https:\/\/romeushipping.com\/fr\/wp-json\/wp\/v2\/media?parent=1142"}],"curies":[{"name":"wp","href":"https:\/\/api.w.org\/{rel}","templated":true}]}}