{"id":1140,"date":"2024-07-16T12:00:09","date_gmt":"2024-07-16T10:00:09","guid":{"rendered":"https:\/\/romeushipping.com\/avis-juridique\/"},"modified":"2026-02-10T13:36:43","modified_gmt":"2026-02-10T12:36:43","slug":"avis-juridique","status":"publish","type":"page","link":"https:\/\/romeushipping.com\/fr\/avis-juridique\/","title":{"rendered":"Avis juridique"},"content":{"rendered":"\n<div class=\"wp-block-group has-global-padding is-layout-constrained wp-container-core-group-is-layout-188761d7 wp-block-group-is-layout-constrained\" style=\"padding-bottom:48px\">\n<h1 class=\"wp-block-heading has-text-align-center\">Avis juridique<\/h1>\n\n\n\n<h2 class=\"wp-block-heading\">Donn\u00e9es d&rsquo;identification du prestataire de services de la soci\u00e9t\u00e9 de l&rsquo;information<\/h2>\n\n\n\n<p>Conform\u00e9ment \u00e0 l&rsquo;article 10 de la loi 34\/2002 sur les services de la soci\u00e9t\u00e9 de l&rsquo;information et le commerce \u00e9lectronique, nous vous informons que le propri\u00e9taire du site web est : ROMINVEST, S.L. Avda. Diagonal 403, 08008 BARCELONA CIF B46013827 Inscrit au registre du commerce de Barcelone, volume 32.568, folio 36, feuille num\u00e9ro B-215.715 E-mail : dpo@gruporomeu.com <\/p>\n\n\n\n<h3 class=\"wp-block-heading\">1. introduction<\/h3>\n\n\n\n<p>Le pr\u00e9sent avis l\u00e9gal r\u00e9git l&rsquo;utilisation de la page web https:\/\/www.romeu.com (ci-apr\u00e8s, la page web ou le site web), propri\u00e9t\u00e9 de ROMINVEST, S.L., (ci-apr\u00e8s ROMINVEST ou le titulaire), avec le code d&rsquo;identification fiscale B46013827 et dont le si\u00e8ge social est situ\u00e9 Avda. Diagonal 403, 08008 BARCELONE. L&rsquo;acc\u00e8s \u00e0 la page web est gratuit, \u00e0 l&rsquo;exception du co\u00fbt de la connexion \u00e0 travers le r\u00e9seau de t\u00e9l\u00e9communications fourni par le fournisseur d&rsquo;acc\u00e8s contract\u00e9 par les utilisateurs.  <\/p>\n\n\n\n<h3 class=\"wp-block-heading\">2. Acceptation<\/h3>\n\n\n\n<p>L&rsquo;utilisation du site web conf\u00e8re la condition d&rsquo;utilisateur et implique l&rsquo;acceptation de toutes les conditions et modalit\u00e9s d&rsquo;utilisation incluses dans le pr\u00e9sent avis juridique. Il est recommand\u00e9 aux utilisateurs de lire attentivement et p\u00e9riodiquement le pr\u00e9sent avis juridique, \u00e9tant donn\u00e9 que les conditions d&rsquo;utilisation de ce dernier, contenues dans l&rsquo;avis susmentionn\u00e9, peuvent faire l&rsquo;objet de modifications. ROMINVEST se r\u00e9serve le droit de modifier unilat\u00e9ralement les conditions d&rsquo;utilisation de cette page. Ces modifications seront publi\u00e9es de mani\u00e8re visible sur le site web, en indiquant la date de la derni\u00e8re mise \u00e0 jour en haut du document. Si vous continuez \u00e0 utiliser les services fournis sur le site Web, une fois que les conditions d&rsquo;utilisation ont \u00e9t\u00e9 modifi\u00e9es, il sera entendu que vous acceptez les modifications apport\u00e9es \u00e0 ces derni\u00e8res.    <\/p>\n\n\n\n<h3 class=\"wp-block-heading\">3. Navigation, acc\u00e8s et s\u00e9curit\u00e9<\/h3>\n\n\n\n<p>L&rsquo;acc\u00e8s et la navigation sur ce site impliquent l&rsquo;acceptation et la connaissance des avertissements l\u00e9gaux, des conditions et des termes d&rsquo;utilisation qu&rsquo;il contient. ROMINVEST, met tout en \u0153uvre pour que la navigation se d\u00e9roule dans les meilleures conditions et pour \u00e9viter les dommages de toute nature qui pourraient \u00eatre caus\u00e9s pendant la navigation. Le propri\u00e9taire n&rsquo;est pas responsable des dommages de toute nature qui pourraient \u00eatre caus\u00e9s aux utilisateurs par l&rsquo;utilisation d&rsquo;autres navigateurs ou de versions diff\u00e9rentes des navigateurs pour lesquels le site Web a \u00e9t\u00e9 con\u00e7u.  <\/p>\n\n\n\n<h3 class=\"wp-block-heading\">4. Obligations de l&rsquo;utilisateur<\/h3>\n\n\n\n<h4 class=\"wp-block-heading\">4.1 Obligation d&rsquo;utiliser correctement le site web<\/h4>\n\n\n\n<p>Les conditions d&rsquo;acc\u00e8s et d&rsquo;utilisation de ce site Web sont soumises \u00e0 la l\u00e9gislation en vigueur et aux principes de bonne foi et d&rsquo;utilisation licite de la part de l&rsquo;utilisateur, \u00e9tant interdit, en g\u00e9n\u00e9ral, tout type d&rsquo;action au d\u00e9triment de ROMINVEST, et contraire au pr\u00e9sent Avis L\u00e9gal. L&rsquo;Utilisateur s&rsquo;engage \u00e0 utiliser ce service sans r\u00e9aliser d&rsquo;activit\u00e9s pouvant \u00eatre consid\u00e9r\u00e9es comme illicites ou ill\u00e9gales, portant atteinte aux droits de ROMINVEST ou de tiers, ou susceptibles d&rsquo;endommager, de rendre inutilisable, de surcharger ou de d\u00e9t\u00e9riorer le Site Web ou d&#8217;emp\u00eacher l&rsquo;utilisation normale de celui-ci par d&rsquo;autres Utilisateurs. <\/p>\n\n\n\n<h4 class=\"wp-block-heading\">4.2 Interdictions<\/h4>\n\n\n\n<p>L&rsquo;utilisation de ce site web \u00e0 des fins ill\u00e9gales ou non autoris\u00e9es est interdite, en particulier et sans limitation : 1) Toute forme de violation des droits de tiers (droit \u00e0 la vie priv\u00e9e, droit \u00e0 l&rsquo;image, droits de propri\u00e9t\u00e9 intellectuelle et industrielle, etc.) 2) Utiliser les contenus de ce site web pour r\u00e9aliser tout type de publicit\u00e9, comme l&rsquo;envoi de courriers \u00e9lectroniques non sollicit\u00e9s (spam) ou d&rsquo;autres communications similaires. 3) Introduire des virus informatiques, des fichiers d\u00e9fectueux ou tout autre logiciel ou programme informatique susceptible de causer des dommages ou des alt\u00e9rations non autoris\u00e9es des contenus ou des syst\u00e8mes accessibles par le biais de ce site web.   <\/p>\n\n\n\n<h3 class=\"wp-block-heading\">5. Actualit\u00e9s<\/h3>\n\n\n\n<p>Les informations figurant sur ce site web sont \u00e0 jour \u00e0 la date de leur derni\u00e8re mise \u00e0 jour. Le propri\u00e9taire se r\u00e9serve le droit de mettre \u00e0 jour, de modifier ou de supprimer des informations sur ce site web. <\/p>\n\n\n\n<h3 class=\"wp-block-heading\">6. Propri\u00e9t\u00e9 intellectuelle<\/h3>\n\n\n\n<p>Toute l&rsquo;information contenue dans cette page web, ainsi que sa conception graphique et les codes utilis\u00e9s, sont prot\u00e9g\u00e9s par le droit d&rsquo;auteur ou d&rsquo;autres droits de protection inclus dans le d\u00e9cret royal l\u00e9gislatif 1\/1996, du 12 avril, qui approuve le texte r\u00e9vis\u00e9 de la loi sur la propri\u00e9t\u00e9 intellectuelle. Ces droits appartiennent exclusivement \u00e0 ROMINVEST ou \u00e0 ses conc\u00e9dants de licence. Par cons\u00e9quent, tout acte de reproduction, de distribution, de transformation ou de communication publique, ainsi que tout type de transfert, de tout ou partie du contenu de ce site et, en g\u00e9n\u00e9ral, de tout objet qui, conform\u00e9ment \u00e0 la l\u00e9gislation en vigueur, est prot\u00e9g\u00e9 par la r\u00e9glementation sur la propri\u00e9t\u00e9 intellectuelle, est express\u00e9ment exclu. Tout le contenu du site web et tout le contenu disponible \u00e0 travers les produits et services du Titulaire, y compris les dessins, textes, graphiques, images, vid\u00e9os, informations, applications, logiciels, musiques, sons et autres fichiers, ainsi que leur s\u00e9lection et leur disposition (le \u00ab Contenu \u00bb) sont la propri\u00e9t\u00e9 exclusive du Titulaire ou de ses conc\u00e9dants de licence, tous droits r\u00e9serv\u00e9s. Aucune partie du contenu Web ne peut \u00eatre modifi\u00e9e, copi\u00e9e, distribu\u00e9e, encadr\u00e9e, reproduite, republi\u00e9e, t\u00e9l\u00e9charg\u00e9e, extraite, affich\u00e9e, post\u00e9e, transmise ou vendue sous quelque forme ou par quelque moyen que ce soit, en tout ou en partie, sans l&rsquo;accord \u00e9crit pr\u00e9alable du propri\u00e9taire. Aucun contenu Web ne peut \u00eatre t\u00e9l\u00e9charg\u00e9 ou republi\u00e9 sur un site Internet, Intranet ou Extranet ou int\u00e9gr\u00e9 dans une base de donn\u00e9es ou une compilation. Toute autre utilisation du contenu Web est strictement interdite. Le contenu de ce site ne doit pas \u00eatre utilis\u00e9 pour une diffusion publique ou \u00e0 des fins commerciales, et ne doit pas \u00eatre modifi\u00e9 sans l&rsquo;accord \u00e9crit pr\u00e9alable du propri\u00e9taire.      <\/p>\n\n\n\n<h3 class=\"wp-block-heading\">7. Marques d\u00e9pos\u00e9es<\/h3>\n\n\n\n<p>Toutes les marques, logos et anagrammes figurant sur ce site sont la propri\u00e9t\u00e9 de ROMINVEST, ou de soci\u00e9t\u00e9s tierces. Il est express\u00e9ment interdit d&rsquo;utiliser, sans autorisation pr\u00e9alable, tout \u00e9l\u00e9ment de ce site Web faisant l&rsquo;objet d&rsquo;une protection conform\u00e9ment \u00e0 la l\u00e9gislation en vigueur en mati\u00e8re de propri\u00e9t\u00e9 industrielle. En particulier, il est interdit d&rsquo;utiliser des marques, des noms commerciaux, des enseignes, des noms, des logos, des slogans ou tout autre type de signe distinctif appartenant au propri\u00e9taire.  <\/p>\n\n\n\n<h3 class=\"wp-block-heading\">8. Politique de confidentialit\u00e9<\/h3>\n\n\n\n<p>La finalit\u00e9 de la collecte et du traitement des donn\u00e9es personnelles par ROMINVEST, r\u00e9pond, selon le cas, \u00e0 la gestion et \u00e0 la r\u00e9ponse aux demandes des Utilisateurs. En ce qui concerne la p\u00e9riode de conservation, les donn\u00e9es personnelles fournies seront conserv\u00e9es pendant la p\u00e9riode de temps correspondante pour respecter les obligations l\u00e9gales, ou si la partie int\u00e9ress\u00e9e demande leur suppression et est l\u00e9gitim\u00e9e \u00e0 le faire. ROMINVEST a le droit de traiter les donn\u00e9es personnelles sur la base du consentement donn\u00e9 par la personne concern\u00e9e pour une ou plusieurs finalit\u00e9s sp\u00e9cifiques, conform\u00e9ment \u00e0 l&rsquo;article 6.1. a) du R\u00e8glement g\u00e9n\u00e9ral sur la protection des donn\u00e9es personnelles. D&rsquo;autre part, afin de garantir que les donn\u00e9es contenues dans nos fichiers informatiques et\/ou papier correspondent toujours \u00e0 la r\u00e9alit\u00e9, nous nous efforcerons de les mettre \u00e0 jour. Par cons\u00e9quent, \u00e0 cette fin, l&rsquo;utilisateur doit effectuer les modifications directement, lorsque cela est possible, ou en communiquant, par des moyens fiables, \u00e0 la zone ou au d\u00e9partement correspondant de ROMINVEST. Les donn\u00e9es personnelles collect\u00e9es sur ce site, propri\u00e9t\u00e9 du responsable du traitement, ne seront pas c\u00e9d\u00e9es ou communiqu\u00e9es \u00e0 des tiers, sauf dans les cas n\u00e9cessaires au d\u00e9veloppement, au contr\u00f4le et \u00e0 l&rsquo;accomplissement des finalit\u00e9s exprim\u00e9es, dans les cas pr\u00e9vus par la loi, ainsi que dans les cas sp\u00e9cifiques dont l&rsquo;utilisateur est express\u00e9ment inform\u00e9. Vos donn\u00e9es peuvent \u00eatre communiqu\u00e9es \u00e0 une soci\u00e9t\u00e9 situ\u00e9e en dehors de l&rsquo;Union europ\u00e9enne, auquel cas elles feront l&rsquo;objet d&rsquo;un transfert international de donn\u00e9es vers un pays dont le niveau de protection n&rsquo;est pas comparable \u00e0 celui de l&rsquo;Union europ\u00e9enne. Toutefois, la personne concern\u00e9e peut en tout \u00e9tat de cause exercer les droits qui lui sont reconnus par le RGPD, \u00e0 savoir :        <\/p>\n\n\n\n<ul class=\"wp-block-list\">\n<li>Droit de demander l&rsquo;acc\u00e8s aux donn\u00e9es personnelles concernant la personne concern\u00e9e.<\/li>\n\n\n\n<li>Le droit de demander sa rectification ou son effacement.<\/li>\n\n\n\n<li>Le droit de demander la limitation du traitement.<\/li>\n\n\n\n<li>Droit d&rsquo;opposition au traitement.<\/li>\n\n\n\n<li>Droit \u00e0 la portabilit\u00e9 des donn\u00e9es.<\/li>\n<\/ul>\n\n\n\n<p>L&rsquo;int\u00e9ress\u00e9 pourra exercer ces droits par le biais d&rsquo;une demande accompagn\u00e9e d&rsquo;une photocopie de sa pi\u00e8ce d&rsquo;identit\u00e9 nationale, en pr\u00e9cisant lequel de ces droits il souhaite voir satisfait, envoy\u00e9e \u00e0 l&rsquo;adresse suivante : ROMINVEST, dont le si\u00e8ge social est situ\u00e9 Avda. Diagonal 403, 08008 BARCELONE. Enfin, ROMINVEST adoptera les mesures techniques et organisationnelles l\u00e9galement requises dans son syst\u00e8me d&rsquo;information afin de garantir la s\u00e9curit\u00e9 et la confidentialit\u00e9 des donn\u00e9es stock\u00e9es, \u00e9vitant ainsi leur alt\u00e9ration, perte, traitement ou acc\u00e8s non autoris\u00e9 ; en tenant compte de l&rsquo;\u00e9tat de la technique, des co\u00fbts d&rsquo;application, de la nature, de la port\u00e9e, du contexte et des finalit\u00e9s du traitement, ainsi que des risques de probabilit\u00e9 et de gravit\u00e9 variables associ\u00e9s \u00e0 chacune des op\u00e9rations de traitement. Si vous avez des questions concernant la pr\u00e9sente politique de confidentialit\u00e9, veuillez nous contacter en envoyant un courriel \u00e0 dpo@gruporomeu.com.   <\/p>\n\n\n\n<h3 class=\"wp-block-heading\">9. Cookies<\/h3>\n\n\n\n<p>Cualquier informaci\u00f3n relativa a las cookies empleadas en este website, as\u00ed como las opciones para su modificaci\u00f3n o desinstalaci\u00f3n est\u00e1n disponibles a trav\u00e9s del canal Pol\u00edtica de Cookies https:\/\/www.romeu.com\/politica-cookies ROMINVEST podr\u00e1 utilizar cookies durante el acceso a esta p\u00e1gina web. Las cookies son procedimientos autom\u00e1ticos de recogida de informaci\u00f3n relativa a las preferencias determinadas por un usuario durante su visita a una determinada p\u00e1gina web. Esta informaci\u00f3n se registra en peque\u00f1os archivos que son guardados en los equipos inform\u00e1ticos del usuario correspondiente de forma imperceptible. Chaque fois que l&rsquo;utilisateur acc\u00e8de \u00e0 nouveau \u00e0 la page web en question, ces fichiers sont automatiquement activ\u00e9s afin que la page soit configur\u00e9e avec les pr\u00e9f\u00e9rences indiqu\u00e9es lors des visites pr\u00e9c\u00e9dentes. En r\u00e9sum\u00e9, les cookies sont des fichiers physiques contenant des informations personnelles stock\u00e9es dans le terminal de l&rsquo;utilisateur et associ\u00e9es sans \u00e9quivoque \u00e0 ce terminal. Les cookies ne peuvent pas lire les fichiers cookies cr\u00e9\u00e9s par d&rsquo;autres sites web. L&rsquo;utilisateur peut configurer son navigateur pour emp\u00eacher la cr\u00e9ation de fichiers cookies ou pour l&rsquo;avertir lorsque cela se produit. Le site est accessible sans qu&rsquo;il soit n\u00e9cessaire d&rsquo;activer les options relatives aux fichiers de cookies, bien que cela puisse emp\u00eacher le bon fonctionnement des m\u00e9canismes de s\u00e9curit\u00e9 des services exclusifs ou de certains services qui requi\u00e8rent une plus grande s\u00e9curit\u00e9. En r\u00e8gle g\u00e9n\u00e9rale, les fichiers cookies du site ont pour but de faciliter la navigation de l&rsquo;utilisateur.        <\/p>\n\n\n\n<h3 class=\"wp-block-heading\">10 Hyperliens<\/h3>\n\n\n\n<p>Les utilisateurs qui souhaitent ins\u00e9rer des liens depuis leurs propres pages web vers la page web de ROMINVEST doivent respecter les conditions d\u00e9taill\u00e9es ci-dessous, dont l&rsquo;ignorance n&#8217;emp\u00eache pas les responsabilit\u00e9s d\u00e9riv\u00e9es de la loi : 1) Le lien renverra \u00e0 n&rsquo;importe quelle page de https:\/\/www.romeu.com mais ne pourra la reproduire d&rsquo;aucune mani\u00e8re (liens en ligne, copie des textes, graphiques, etc.). 2) Il est interdit dans tous les cas, conform\u00e9ment \u00e0 la l\u00e9gislation applicable en vigueur \u00e0 tout moment, d&rsquo;\u00e9tablir des cadres de quelque nature que ce soit qui entourent cette page ou qui permettent de visualiser les contenus \u00e0 travers des adresses Internet autres que celles de la m\u00eame page et, dans tous les cas, lorsqu&rsquo;ils sont visualis\u00e9s avec des contenus ext\u00e9rieurs \u00e0 la m\u00eame page de telle sorte que : (I) cela produise ou puisse produire une erreur, une confusion ou une tromperie chez les utilisateurs quant \u00e0 l&rsquo;origine r\u00e9elle du service ou des contenus ; (II) cela implique un acte de comparaison d\u00e9loyale ou d&rsquo;imitation; (III) sert \u00e0 tirer profit de la r\u00e9putation et du prestige de la marque ROMINVEST ou (IV) est autrement interdit par la l\u00e9gislation en vigueur. 3) La page qui introduit le lien ne doit pas faire de d\u00e9clarations fausses, inexactes ou incorrectes sur ROMINVEST, ses employ\u00e9s ou les activit\u00e9s qu&rsquo;elle m\u00e8ne. 4) En aucun cas il ne sera indiqu\u00e9 sur la page o\u00f9 le lien est plac\u00e9 que ROMINVEST a donn\u00e9 son accord pour l&rsquo;insertion du lien ou qu&rsquo;elle sponsorise, collabore, v\u00e9rifie ou supervise les services de l&rsquo;exp\u00e9diteur. 5) L&rsquo;utilisation de toute marque verbale, graphique ou mixte de ROMINVEST ou de toute autre marque distinctive de ROMINVEST dans la page web de l&rsquo;exp\u00e9diteur est interdite, sauf dans les cas permis par la loi ou express\u00e9ment autoris\u00e9s par ROMINVEST, et \u00e0 condition que, dans ces cas, un lien direct vers la page web de ROMINVEST soit autoris\u00e9, comme \u00e9tabli dans la pr\u00e9sente clause. 6) La page qui \u00e9tablit le lien doit respecter fid\u00e8lement la Loi et ne peut en aucun cas fournir ou \u00e9tablir un lien vers son propre contenu ou celui de tiers qui : (i) est illicite, nuisible ou contraire \u00e0 la morale et aux bonnes m\u0153urs (pornographique, violent, raciste, etc.) ; (ii) induit ou peut induire l&rsquo;Utilisateur \u00e0 croire faussement que ROMINVEST, souscrit, approuve, soutient, adh\u00e8re ou soutient de quelque mani\u00e8re que ce soit des id\u00e9es, d\u00e9clarations ou expressions, lyriques ou autres, de quelque nature que ce soit, de quelque nature que ce soit. ) ; (ii) induisent ou pourraient induire chez l&rsquo;Utilisateur la fausse id\u00e9e que ROMINVEST souscrit, approuve, adh\u00e8re ou soutient de quelque mani\u00e8re que ce soit les id\u00e9es, d\u00e9clarations ou expressions, l\u00e9gales ou ill\u00e9gales, de l&rsquo;exp\u00e9diteur ; (iii) sont inappropri\u00e9s ou sans rapport avec l&rsquo;activit\u00e9 de ROMINVEST, compte tenu du lieu, du contenu et de l&rsquo;objet du Site Web de l&rsquo;exp\u00e9diteur. En tout \u00e9tat de cause, ROMINVEST se r\u00e9serve le droit d&rsquo;interdire les liens vers son site Web et d&rsquo;exiger leur suppression lorsqu&rsquo;ils ne respectent pas les conditions requises dans la pr\u00e9sente section.             <\/p>\n\n\n\n<h3 class=\"wp-block-heading\">11 Responsabilit\u00e9<\/h3>\n\n\n\n<p>L&rsquo;utilisateur est le seul responsable des infractions qui peuvent \u00eatre commises ou des dommages qui peuvent \u00eatre caus\u00e9s \u00e0 des tiers par l&rsquo;utilisation impropre ou ill\u00e9gitime du site Web. ROMINVEST n&rsquo;est pas responsable des \u00e9ventuels dommages pouvant d\u00e9couler d&rsquo;interf\u00e9rences, d&rsquo;omissions, d&rsquo;interruptions, de virus informatiques, de pannes t\u00e9l\u00e9phoniques ou de d\u00e9connexions dans le fonctionnement des syst\u00e8mes \u00e9lectroniques ou informatiques, pour des raisons ind\u00e9pendantes de sa volont\u00e9, de retards ou de blocages dans l&rsquo;utilisation desdits syst\u00e8mes caus\u00e9s par des d\u00e9ficiences ou des surcharges des lignes t\u00e9l\u00e9phoniques, des surcharges dans le syst\u00e8me Internet ou dans d&rsquo;autres syst\u00e8mes \u00e9lectroniques. ROMINVEST ne garantit pas la v\u00e9racit\u00e9 et n&rsquo;est pas responsable des cons\u00e9quences pouvant d\u00e9couler d&rsquo;erreurs dans les contenus fournis par des tiers qui peuvent appara\u00eetre sur ce site web. De m\u00eame, ROMINVEST n&rsquo;est pas responsable des contenus, produits ou services pouvant \u00eatre affich\u00e9s par le biais de liens \u00e9lectroniques, directement ou indirectement, \u00e0 travers le site Web, sauf dans les cas pr\u00e9vus \u00e0 l&rsquo;article 17 de la Loi 34\/2002, du 12 juillet 2002, sur les services de la soci\u00e9t\u00e9 de l&rsquo;information et le commerce \u00e9lectronique (LSSI). Si un utilisateur consid\u00e8re qu&rsquo;il existe un site li\u00e9 dont le contenu est ill\u00e9gal ou inappropri\u00e9, il doit en informer ROMINVEST, en suivant la proc\u00e9dure \u00e9tablie \u00e0 l&rsquo;article 9 du pr\u00e9sent avis juridique. Les liens ne repr\u00e9sentent pas n\u00e9cessairement l&rsquo;existence d&rsquo;une relation entre ROMINVEST et les personnes et entit\u00e9s propri\u00e9taires des pages auxquelles ils donnent acc\u00e8s, ni une recommandation, promotion ou identification de ROMINVEST, avec les d\u00e9clarations, contenus ou services fournis \u00e0 travers eux. ROMINVEST se r\u00e9serve le droit de supprimer unilat\u00e9ralement, \u00e0 tout moment, les liens qui apparaissent sur son site web. ROMINVEST n&rsquo;a aucune connaissance des contenus et services des sites li\u00e9s et, par cons\u00e9quent, n&rsquo;est pas responsable des dommages caus\u00e9s par leur ill\u00e9galit\u00e9, qualit\u00e9, obsolescence, indisponibilit\u00e9, erreur ou inutilit\u00e9, ou de tout autre dommage qui n&rsquo;est pas directement imputable \u00e0 ROMINVEST. ROMINVEST n&rsquo;est pas responsable des cookies que des tiers peuvent installer sur le disque dur de l&rsquo;ordinateur de l&rsquo;Utilisateur.        <\/p>\n\n\n\n<h3 class=\"wp-block-heading\">12 Communications<\/h3>\n\n\n\n<p>Pour toute communication n\u00e9cessaire, veuillez envoyer un courriel \u00e0 dpo@gruporomeu.com ou une communication \u00e9crite \u00e0 ROMINVEST Avda. Diagonal 403, 08008 BARCELONA. <\/p>\n\n\n\n<h3 class=\"wp-block-heading\">13 Comp\u00e9tence et l\u00e9gislation<\/h3>\n\n\n\n<p>Les termes et conditions r\u00e9gissant ce site web et toutes les relations qui peuvent en d\u00e9couler sont r\u00e9gis par la loi espagnole. Tout litige pouvant d\u00e9couler de l&rsquo;acc\u00e8s ou de l&rsquo;utilisation de ce site Web sera soumis \u00e0 la juridiction des tribunaux de Barcelone. ROMINVEST, S.L. \u00a9Tous droits r\u00e9serv\u00e9s.  <\/p>\n<\/div>\n","protected":false},"excerpt":{"rendered":"<p>Avis juridique Donn\u00e9es d&rsquo;identification du prestataire de services de la soci\u00e9t\u00e9 de l&rsquo;information Conform\u00e9ment \u00e0 l&rsquo;article 10 de la loi 34\/2002 sur les services de la soci\u00e9t\u00e9 de l&rsquo;information et le commerce \u00e9lectronique, nous vous informons que le propri\u00e9taire du site web est : ROMINVEST, S.L. Avda. Diagonal 403, 08008 BARCELONA CIF B46013827 Inscrit au [&hellip;]<\/p>\n","protected":false},"author":11,"featured_media":0,"parent":0,"menu_order":0,"comment_status":"closed","ping_status":"closed","template":"","meta":{"inline_featured_image":false,"footnotes":""},"class_list":["post-1140","page","type-page","status-publish","hentry"],"_links":{"self":[{"href":"https:\/\/romeushipping.com\/fr\/wp-json\/wp\/v2\/pages\/1140","targetHints":{"allow":["GET"]}}],"collection":[{"href":"https:\/\/romeushipping.com\/fr\/wp-json\/wp\/v2\/pages"}],"about":[{"href":"https:\/\/romeushipping.com\/fr\/wp-json\/wp\/v2\/types\/page"}],"author":[{"embeddable":true,"href":"https:\/\/romeushipping.com\/fr\/wp-json\/wp\/v2\/users\/11"}],"replies":[{"embeddable":true,"href":"https:\/\/romeushipping.com\/fr\/wp-json\/wp\/v2\/comments?post=1140"}],"version-history":[{"count":1,"href":"https:\/\/romeushipping.com\/fr\/wp-json\/wp\/v2\/pages\/1140\/revisions"}],"predecessor-version":[{"id":1141,"href":"https:\/\/romeushipping.com\/fr\/wp-json\/wp\/v2\/pages\/1140\/revisions\/1141"}],"wp:attachment":[{"href":"https:\/\/romeushipping.com\/fr\/wp-json\/wp\/v2\/media?parent=1140"}],"curies":[{"name":"wp","href":"https:\/\/api.w.org\/{rel}","templated":true}]}}