{"id":1039,"date":"2024-07-01T07:11:55","date_gmt":"2024-07-01T05:11:55","guid":{"rendered":"https:\/\/romeushipping.com\/?page_id=1039"},"modified":"2026-02-10T13:37:22","modified_gmt":"2026-02-10T12:37:22","slug":"politique-de-confidentialite","status":"publish","type":"page","link":"https:\/\/romeushipping.com\/fr\/politique-de-confidentialite\/","title":{"rendered":"Politique de confidentialit\u00e9"},"content":{"rendered":"\n<h1 class=\"wp-block-heading has-text-align-center\">Politique de confidentialit\u00e9<\/h1>\n\n<h2 class=\"wp-block-heading\">Formulaire de contact et devis<\/h2>\n\n<p>Vos donn\u00e9es seront trait\u00e9es par ROMINVEST S.L., afin de g\u00e9rer votre requ\u00eate, question ou demande de devis et de pouvoir vous envoyer des informations qui vous int\u00e9ressent par le biais de communications commerciales. Vos donn\u00e9es sont trait\u00e9es sur la base du consentement que vous avez donn\u00e9 en envoyant ce formulaire. Vos donn\u00e9es peuvent \u00eatre communiqu\u00e9es \u00e0 une soci\u00e9t\u00e9 situ\u00e9e en dehors de l&rsquo;Union europ\u00e9enne pour stocker ces donn\u00e9es, auquel cas elles feront l&rsquo;objet d&rsquo;un transfert international de donn\u00e9es vers un pays dont le niveau de protection n&rsquo;est pas comparable \u00e0 celui de l&rsquo;Union europ\u00e9enne. En outre, elles pourront \u00eatre transf\u00e9r\u00e9es \u00e0 d&rsquo;autres soci\u00e9t\u00e9s du groupe afin de traiter votre demande et de pouvoir vous envoyer p\u00e9riodiquement des informations susceptibles de vous int\u00e9resser par le biais de communications commerciales \u00e9lectroniques, \u00e0 condition que vous l&rsquo;autorisiez en cochant la case pr\u00e9vue \u00e0 cet effet. Les utilisateurs dont les donn\u00e9es sont trait\u00e9es peuvent exercer gratuitement leurs droits d&rsquo;acc\u00e8s et d&rsquo;information, de rectification, de portabilit\u00e9, d&rsquo;effacement et, le cas \u00e9ch\u00e9ant, d&rsquo;opposition \u00e0 leurs donn\u00e9es, dans les conditions pr\u00e9vues par le r\u00e8glement g\u00e9n\u00e9ral sur la protection des donn\u00e9es \u00e0 caract\u00e8re personnel, conform\u00e9ment \u00e0 la proc\u00e9dure l\u00e9galement \u00e9tablie. Ces droits peuvent \u00eatre exerc\u00e9s en envoyant une communication \u00e9crite, d\u00fbment sign\u00e9e, accompagn\u00e9e d&rsquo;une photocopie de votre carte d&rsquo;identit\u00e9, \u00e0 ROMINVEST S.L., Avda. Diagonal, 403, 08008 BARCELONA. Si vous avez des questions concernant cette politique de confidentialit\u00e9, vous pouvez contacter notre d\u00e9l\u00e9gu\u00e9 \u00e0 la protection des donn\u00e9es en envoyant un courrier \u00e9lectronique \u00e0 <a href=\"mailto:dpo@gruporomeu.com\" target=\"_blank\" rel=\"noreferrer noopener\">dpo@gruporomeu.com<\/a>. Les donn\u00e9es des utilisateurs dont les donn\u00e9es sont trait\u00e9es peuvent \u00eatre conserv\u00e9es tant qu&rsquo;ils n&rsquo;exercent pas leurs droits de suppression ou d&rsquo;opposition. De m\u00eame, si vous consid\u00e9rez que votre droit \u00e0 la protection des donn\u00e9es personnelles a \u00e9t\u00e9 viol\u00e9, vous pouvez d\u00e9poser une plainte aupr\u00e8s de l&rsquo;Agence espagnole de protection des donn\u00e9es (<a href=\"https:\/\/www.gruporomeu.com\/www.agpd.es\" target=\"_blank\" rel=\"noreferrer noopener\">www.agpd.es<\/a>).         <\/p>\n\n<div style=\"height:40px\" aria-hidden=\"true\" class=\"wp-block-spacer\"><\/div>\n","protected":false},"excerpt":{"rendered":"<p>Politique de confidentialit\u00e9 Formulaire de contact et devis Vos donn\u00e9es seront trait\u00e9es par ROMINVEST S.L., afin de g\u00e9rer votre requ\u00eate, question ou demande de devis et de pouvoir vous envoyer des informations qui vous int\u00e9ressent par le biais de communications commerciales. Vos donn\u00e9es sont trait\u00e9es sur la base du consentement que vous avez donn\u00e9 en [&hellip;]<\/p>\n","protected":false},"author":11,"featured_media":0,"parent":0,"menu_order":0,"comment_status":"closed","ping_status":"closed","template":"","meta":{"inline_featured_image":false,"footnotes":""},"class_list":["post-1039","page","type-page","status-publish","hentry"],"_links":{"self":[{"href":"https:\/\/romeushipping.com\/fr\/wp-json\/wp\/v2\/pages\/1039","targetHints":{"allow":["GET"]}}],"collection":[{"href":"https:\/\/romeushipping.com\/fr\/wp-json\/wp\/v2\/pages"}],"about":[{"href":"https:\/\/romeushipping.com\/fr\/wp-json\/wp\/v2\/types\/page"}],"author":[{"embeddable":true,"href":"https:\/\/romeushipping.com\/fr\/wp-json\/wp\/v2\/users\/11"}],"replies":[{"embeddable":true,"href":"https:\/\/romeushipping.com\/fr\/wp-json\/wp\/v2\/comments?post=1039"}],"version-history":[{"count":2,"href":"https:\/\/romeushipping.com\/fr\/wp-json\/wp\/v2\/pages\/1039\/revisions"}],"predecessor-version":[{"id":1797,"href":"https:\/\/romeushipping.com\/fr\/wp-json\/wp\/v2\/pages\/1039\/revisions\/1797"}],"wp:attachment":[{"href":"https:\/\/romeushipping.com\/fr\/wp-json\/wp\/v2\/media?parent=1039"}],"curies":[{"name":"wp","href":"https:\/\/api.w.org\/{rel}","templated":true}]}}