{"id":1029,"date":"2024-07-29T09:09:42","date_gmt":"2024-07-29T07:09:42","guid":{"rendered":"https:\/\/romeushipping.com\/global-container-agency\/"},"modified":"2026-02-10T13:37:14","modified_gmt":"2026-02-10T12:37:14","slug":"global-container-agency","status":"publish","type":"page","link":"https:\/\/romeushipping.com\/fr\/marcas\/global-container-agency\/","title":{"rendered":"Global Container Agency"},"content":{"rendered":"\n<div class=\"wp-block-group has-global-padding is-layout-constrained wp-block-group-is-layout-constrained\" style=\"padding-top:24px;padding-bottom:48px\">\n<h1 class=\"wp-block-heading has-text-align-center\">Global Container Agency<\/h1>\n<\/div>\n\n<div class=\"wp-block-group has-global-padding is-layout-constrained wp-block-group-is-layout-constrained\" style=\"margin-top:48px;margin-bottom:48px\">\n<div class=\"wp-block-columns is-layout-flex wp-container-core-columns-is-layout-e0dca8c8 wp-block-columns-is-layout-flex\">\n<div class=\"wp-block-column order-2-res is-layout-flow wp-block-column-is-layout-flow\">\n<p>Chez Global Container Agency nous sommes un agent maritime de renomm\u00e9e internationale, sp\u00e9cialis\u00e9 dans le transport de marchandises par conteneur, issu du produit de l\u2019expansion du Groupe ROMEU.\nNous sommes connus pour offrir des services efficaces et de haute qualit\u00e9 \u00e0 nos clients, en facilitant le commerce mondial avec des solutions logistiques adapt\u00e9es \u00e0 leurs besoins. <\/p>\n\n\n\n<p>Nous op\u00e9rons vers et depuis les principaux ports mondiaux, couvrant cinq continents et assurant une couverture large et efficace pour tous vos besoins de transport.\nAvec des temps de transit r\u00e9duits, nous assurons que vos marchandises arrivent \u00e0 destination rapidement et efficacement.\nEn outre, nous offrons des tarifs tr\u00e8s attractifs, aidant nos clients \u00e0 optimiser leurs co\u00fbts de transport sans compromettre la qualit\u00e9 du service.\nNous facilitons une communication simple et accessible, en veillant \u00e0 ce que nos clients puissent nous joindre \u00e0 tout moment et en tout endroit.\nNous adoptons une approche commerciale ax\u00e9e sur le client, offrant une attention personnalis\u00e9e et des solutions sp\u00e9cifiques pour r\u00e9pondre \u00e0 vos besoins logistiques.    <\/p>\n\n\n\n<p>Chez Global Container Agency, nous consid\u00e9rons nos ressources humaines comme le moteur de notre d\u00e9veloppement.\nNous nous concentrons sur l\u2019excellence dans les affaires et les ventes, en veillant \u00e0 ce que nos clients re\u00e7oivent le meilleur service possible.\nNotre \u00e9quipe est engag\u00e9e dans la qualit\u00e9 et l\u2019efficacit\u00e9, travaillant sans rel\u00e2che pour surpasser les attentes et offrir des solutions logistiques de premier ordre.  <\/p>\n<\/div>\n\n\n\n<div class=\"wp-block-column is-vertically-aligned-center is-layout-flow wp-block-column-is-layout-flow\">\n<div class=\"wp-block-group is-content-justification-center is-layout-flex wp-container-core-group-is-layout-cd8b3b78 wp-block-group-is-layout-flex\">\n<figure class=\"wp-block-image size-full is-resized\"><img decoding=\"async\" width=\"381\" height=\"366\" src=\"https:\/\/romeushipping.com\/wp-content\/uploads\/2024\/07\/global-shipping.png\" alt=\"\" class=\"wp-image-788\" style=\"width:371px;height:auto\" srcset=\"https:\/\/romeushipping.com\/wp-content\/uploads\/2024\/07\/global-shipping.png 381w, https:\/\/romeushipping.com\/wp-content\/uploads\/2024\/07\/global-shipping-300x288.png 300w\" sizes=\"(max-width: 381px) 100vw, 381px\" \/><\/figure>\n<\/div>\n<\/div>\n<\/div>\n<\/div>\n\n<div class=\"wp-block-group alignfull home-un-grp has-background has-global-padding is-layout-constrained wp-block-group-is-layout-constrained\" style=\"background-color:#f5f5f5;margin-top:48px;margin-bottom:0px;padding-top:48px;padding-bottom:48px\">\n<h2 class=\"wp-block-heading has-text-align-center\">nos unit\u00e9s op\u00e9rationnelles<\/h2>\n\n\n\n<div class=\"wp-block-group has-global-padding is-layout-constrained wp-container-core-group-is-layout-416e704a wp-block-group-is-layout-constrained\">\n<div class=\"wp-block-query is-layout-flow wp-block-query-is-layout-flow\"><ul class=\"columns-4 wp-block-post-template is-layout-grid wp-container-core-post-template-is-layout-c22d562e wp-block-post-template-is-layout-grid\"><li class=\"wp-block-post post-1276 unidades-de-negocio type-unidades-de-negocio status-publish has-post-thumbnail hentry\">\n<figure style=\"height:208px; margin-bottom:0px;\" class=\"wp-block-post-featured-image\"><a href=\"https:\/\/romeushipping.com\/fr\/unidades-de-negocio\/ligne-martime-des-conteneurs\/\" target=\"_self\"  style=\"height:208px\"><img decoding=\"async\" width=\"704\" height=\"335\" src=\"https:\/\/romeushipping.com\/wp-content\/uploads\/2024\/07\/Harbour-img-2.jpg\" class=\"attachment-post-thumbnail size-post-thumbnail wp-post-image\" alt=\"NVOCC\" style=\"height:208px;object-fit:cover;\" srcset=\"https:\/\/romeushipping.com\/wp-content\/uploads\/2024\/07\/Harbour-img-2.jpg 704w, https:\/\/romeushipping.com\/wp-content\/uploads\/2024\/07\/Harbour-img-2-300x143.jpg 300w\" sizes=\"(max-width: 704px) 100vw, 704px\" \/><\/a><\/figure>\n\n<h3 style=\"margin-top:0px;margin-bottom:0px;margin-left:0px;margin-right:0px;\" class=\"has-text-align-center pos-abs-res pos-bot-0 wp-block-post-title\"><a href=\"https:\/\/romeushipping.com\/fr\/unidades-de-negocio\/ligne-martime-des-conteneurs\/\" target=\"_self\" >NVOCC<\/a><\/h3>\n<\/li><li class=\"wp-block-post post-1288 unidades-de-negocio type-unidades-de-negocio status-publish has-post-thumbnail hentry\">\n<figure style=\"height:208px; margin-bottom:0px;\" class=\"wp-block-post-featured-image\"><a href=\"https:\/\/romeushipping.com\/fr\/unidades-de-negocio\/liner-container-agency\/\" target=\"_self\"  style=\"height:208px\"><img decoding=\"async\" width=\"704\" height=\"335\" src=\"https:\/\/romeushipping.com\/wp-content\/uploads\/2024\/07\/image-2.jpg\" class=\"attachment-post-thumbnail size-post-thumbnail wp-post-image\" alt=\"Liner container agency\" style=\"height:208px;object-fit:cover;\" srcset=\"https:\/\/romeushipping.com\/wp-content\/uploads\/2024\/07\/image-2.jpg 704w, https:\/\/romeushipping.com\/wp-content\/uploads\/2024\/07\/image-2-300x143.jpg 300w\" sizes=\"(max-width: 704px) 100vw, 704px\" \/><\/a><\/figure>\n\n<h3 style=\"margin-top:0px;margin-bottom:0px;margin-left:0px;margin-right:0px;\" class=\"has-text-align-center pos-abs-res pos-bot-0 wp-block-post-title\"><a href=\"https:\/\/romeushipping.com\/fr\/unidades-de-negocio\/liner-container-agency\/\" target=\"_self\" >Liner container agency<\/a><\/h3>\n<\/li><li class=\"wp-block-post post-1314 unidades-de-negocio type-unidades-de-negocio status-publish has-post-thumbnail hentry\">\n<figure style=\"height:208px; margin-bottom:0px;\" class=\"wp-block-post-featured-image\"><a href=\"https:\/\/romeushipping.com\/fr\/unidades-de-negocio\/vessel-port-services\/\" target=\"_self\"  style=\"height:208px\"><img decoding=\"async\" width=\"556\" height=\"483\" src=\"https:\/\/romeushipping.com\/wp-content\/uploads\/2024\/07\/Rectangle-189-1.jpg\" class=\"attachment-post-thumbnail size-post-thumbnail wp-post-image\" alt=\"Vessel and Port Services\" style=\"height:208px;object-fit:cover;\" srcset=\"https:\/\/romeushipping.com\/wp-content\/uploads\/2024\/07\/Rectangle-189-1.jpg 556w, https:\/\/romeushipping.com\/wp-content\/uploads\/2024\/07\/Rectangle-189-1-300x261.jpg 300w\" sizes=\"(max-width: 556px) 100vw, 556px\" \/><\/a><\/figure>\n\n<h3 style=\"margin-top:0px;margin-bottom:0px;margin-left:0px;margin-right:0px;\" class=\"has-text-align-center pos-abs-res pos-bot-0 wp-block-post-title\"><a href=\"https:\/\/romeushipping.com\/fr\/unidades-de-negocio\/vessel-port-services\/\" target=\"_self\" >Vessel and Port Services<\/a><\/h3>\n<\/li><li class=\"wp-block-post post-1334 unidades-de-negocio type-unidades-de-negocio status-publish has-post-thumbnail hentry\">\n<figure style=\"height:208px; margin-bottom:0px;\" class=\"wp-block-post-featured-image\"><a href=\"https:\/\/romeushipping.com\/fr\/unidades-de-negocio\/marchandises-conventionnelle\/\" target=\"_self\"  style=\"height:208px\"><img decoding=\"async\" width=\"704\" height=\"528\" src=\"https:\/\/romeushipping.com\/wp-content\/uploads\/2024\/07\/CONVENCIONAL-scaled-1.jpg\" class=\"attachment-post-thumbnail size-post-thumbnail wp-post-image\" alt=\"Break-Bulk\" style=\"height:208px;object-fit:cover;\" srcset=\"https:\/\/romeushipping.com\/wp-content\/uploads\/2024\/07\/CONVENCIONAL-scaled-1.jpg 704w, https:\/\/romeushipping.com\/wp-content\/uploads\/2024\/07\/CONVENCIONAL-scaled-1-300x225.jpg 300w\" sizes=\"(max-width: 704px) 100vw, 704px\" \/><\/a><\/figure>\n\n<h3 style=\"margin-top:0px;margin-bottom:0px;margin-left:0px;margin-right:0px;\" class=\"has-text-align-center pos-abs-res pos-bot-0 wp-block-post-title\"><a href=\"https:\/\/romeushipping.com\/fr\/unidades-de-negocio\/marchandises-conventionnelle\/\" target=\"_self\" >Break-Bulk<\/a><\/h3>\n<\/li><li class=\"wp-block-post post-1344 unidades-de-negocio type-unidades-de-negocio status-publish has-post-thumbnail hentry\">\n<figure style=\"height:208px; margin-bottom:0px;\" class=\"wp-block-post-featured-image\"><a href=\"https:\/\/romeushipping.com\/fr\/unidades-de-negocio\/liner-ro-ro-agency\/\" target=\"_self\"  style=\"height:208px\"><img decoding=\"async\" width=\"704\" height=\"528\" src=\"https:\/\/romeushipping.com\/wp-content\/uploads\/2024\/07\/RO-RO-scaled-1.jpg\" class=\"attachment-post-thumbnail size-post-thumbnail wp-post-image\" alt=\"Liner RO-RO agency\" style=\"height:208px;object-fit:cover;\" srcset=\"https:\/\/romeushipping.com\/wp-content\/uploads\/2024\/07\/RO-RO-scaled-1.jpg 704w, https:\/\/romeushipping.com\/wp-content\/uploads\/2024\/07\/RO-RO-scaled-1-300x225.jpg 300w\" sizes=\"(max-width: 704px) 100vw, 704px\" \/><\/a><\/figure>\n\n<h3 style=\"margin-top:0px;margin-bottom:0px;margin-left:0px;margin-right:0px;\" class=\"has-text-align-center pos-abs-res pos-bot-0 wp-block-post-title\"><a href=\"https:\/\/romeushipping.com\/fr\/unidades-de-negocio\/liner-ro-ro-agency\/\" target=\"_self\" >Liner RO-RO agency<\/a><\/h3>\n<\/li><li class=\"wp-block-post post-1352 unidades-de-negocio type-unidades-de-negocio status-publish has-post-thumbnail hentry\">\n<figure style=\"height:208px; margin-bottom:0px;\" class=\"wp-block-post-featured-image\"><a href=\"https:\/\/romeushipping.com\/fr\/unidades-de-negocio\/croisiere\/\" target=\"_self\"  style=\"height:208px\"><img decoding=\"async\" width=\"495\" height=\"329\" src=\"https:\/\/romeushipping.com\/wp-content\/uploads\/2024\/07\/pexels-matthew-barra-813011.jpg\" class=\"attachment-post-thumbnail size-post-thumbnail wp-post-image\" alt=\"Cruises\" style=\"height:208px;object-fit:cover;\" srcset=\"https:\/\/romeushipping.com\/wp-content\/uploads\/2024\/07\/pexels-matthew-barra-813011.jpg 495w, https:\/\/romeushipping.com\/wp-content\/uploads\/2024\/07\/pexels-matthew-barra-813011-300x199.jpg 300w\" sizes=\"(max-width: 495px) 100vw, 495px\" \/><\/a><\/figure>\n\n<h3 style=\"margin-top:0px;margin-bottom:0px;margin-left:0px;margin-right:0px;\" class=\"has-text-align-center pos-abs-res pos-bot-0 wp-block-post-title\"><a href=\"https:\/\/romeushipping.com\/fr\/unidades-de-negocio\/croisiere\/\" target=\"_self\" >Cruises<\/a><\/h3>\n<\/li><li class=\"wp-block-post post-1365 unidades-de-negocio type-unidades-de-negocio status-publish has-post-thumbnail hentry\">\n<figure style=\"height:208px; margin-bottom:0px;\" class=\"wp-block-post-featured-image\"><a href=\"https:\/\/romeushipping.com\/fr\/unidades-de-negocio\/offshore-plates-formes\/\" target=\"_self\"  style=\"height:208px\"><img decoding=\"async\" width=\"704\" height=\"335\" src=\"https:\/\/romeushipping.com\/wp-content\/uploads\/2024\/07\/bu-card-1.jpg\" class=\"attachment-post-thumbnail size-post-thumbnail wp-post-image\" alt=\"Offshore and platforms\" style=\"height:208px;object-fit:cover;\" srcset=\"https:\/\/romeushipping.com\/wp-content\/uploads\/2024\/07\/bu-card-1.jpg 704w, https:\/\/romeushipping.com\/wp-content\/uploads\/2024\/07\/bu-card-1-300x143.jpg 300w\" sizes=\"(max-width: 704px) 100vw, 704px\" \/><\/a><\/figure>\n\n<h3 style=\"margin-top:0px;margin-bottom:0px;margin-left:0px;margin-right:0px;\" class=\"has-text-align-center pos-abs-res pos-bot-0 wp-block-post-title\"><a href=\"https:\/\/romeushipping.com\/fr\/unidades-de-negocio\/offshore-plates-formes\/\" target=\"_self\" >Offshore and platforms<\/a><\/h3>\n<\/li><li class=\"wp-block-post post-1381 unidades-de-negocio type-unidades-de-negocio status-publish has-post-thumbnail hentry\">\n<figure style=\"height:208px; margin-bottom:0px;\" class=\"wp-block-post-featured-image\"><a href=\"https:\/\/romeushipping.com\/fr\/unidades-de-negocio\/arrimage-et-terminaux-portuaries\/\" target=\"_self\"  style=\"height:208px\"><img decoding=\"async\" width=\"704\" height=\"335\" src=\"https:\/\/romeushipping.com\/wp-content\/uploads\/2024\/07\/estiva.jpg\" class=\"attachment-post-thumbnail size-post-thumbnail wp-post-image\" alt=\"Stevedoring and Port Terminals\" style=\"height:208px;object-fit:cover;\" srcset=\"https:\/\/romeushipping.com\/wp-content\/uploads\/2024\/07\/estiva.jpg 704w, https:\/\/romeushipping.com\/wp-content\/uploads\/2024\/07\/estiva-300x143.jpg 300w\" sizes=\"(max-width: 704px) 100vw, 704px\" \/><\/a><\/figure>\n\n<h3 style=\"margin-top:0px;margin-bottom:0px;margin-left:0px;margin-right:0px;\" class=\"has-text-align-center pos-abs-res pos-bot-0 wp-block-post-title\"><a href=\"https:\/\/romeushipping.com\/fr\/unidades-de-negocio\/arrimage-et-terminaux-portuaries\/\" target=\"_self\" >Stevedoring and Port Terminals<\/a><\/h3>\n<\/li><li class=\"wp-block-post post-1389 unidades-de-negocio type-unidades-de-negocio status-publish has-post-thumbnail hentry\">\n<figure style=\"height:208px; margin-bottom:0px;\" class=\"wp-block-post-featured-image\"><a href=\"https:\/\/romeushipping.com\/fr\/unidades-de-negocio\/gsa\/\" target=\"_self\"  style=\"height:208px\"><img decoding=\"async\" width=\"704\" height=\"469\" src=\"https:\/\/romeushipping.com\/wp-content\/uploads\/2024\/07\/GSA-scaled-1.jpg\" class=\"attachment-post-thumbnail size-post-thumbnail wp-post-image\" alt=\"GSA\" style=\"height:208px;object-fit:cover;\" srcset=\"https:\/\/romeushipping.com\/wp-content\/uploads\/2024\/07\/GSA-scaled-1.jpg 704w, https:\/\/romeushipping.com\/wp-content\/uploads\/2024\/07\/GSA-scaled-1-300x200.jpg 300w\" sizes=\"(max-width: 704px) 100vw, 704px\" \/><\/a><\/figure>\n\n<h3 style=\"margin-top:0px;margin-bottom:0px;margin-left:0px;margin-right:0px;\" class=\"has-text-align-center pos-abs-res pos-bot-0 wp-block-post-title\"><a href=\"https:\/\/romeushipping.com\/fr\/unidades-de-negocio\/gsa\/\" target=\"_self\" >GSA<\/a><\/h3>\n<\/li><li class=\"wp-block-post post-1399 unidades-de-negocio type-unidades-de-negocio status-publish has-post-thumbnail hentry\">\n<figure style=\"height:208px; margin-bottom:0px;\" class=\"wp-block-post-featured-image\"><a href=\"https:\/\/romeushipping.com\/fr\/unidades-de-negocio\/forwarding\/\" target=\"_self\"  style=\"height:208px\"><img decoding=\"async\" width=\"704\" height=\"396\" src=\"https:\/\/romeushipping.com\/wp-content\/uploads\/2024\/07\/FORWARDING-scaled-1.jpg\" class=\"attachment-post-thumbnail size-post-thumbnail wp-post-image\" alt=\"Forwarding\" style=\"height:208px;object-fit:cover;\" srcset=\"https:\/\/romeushipping.com\/wp-content\/uploads\/2024\/07\/FORWARDING-scaled-1.jpg 704w, https:\/\/romeushipping.com\/wp-content\/uploads\/2024\/07\/FORWARDING-scaled-1-300x169.jpg 300w\" sizes=\"(max-width: 704px) 100vw, 704px\" \/><\/a><\/figure>\n\n<h3 style=\"margin-top:0px;margin-bottom:0px;margin-left:0px;margin-right:0px;\" class=\"has-text-align-center pos-abs-res pos-bot-0 wp-block-post-title\"><a href=\"https:\/\/romeushipping.com\/fr\/unidades-de-negocio\/forwarding\/\" target=\"_self\" >Forwarding<\/a><\/h3>\n<\/li><li class=\"wp-block-post post-1419 unidades-de-negocio type-unidades-de-negocio status-publish has-post-thumbnail hentry\">\n<figure style=\"height:208px; margin-bottom:0px;\" class=\"wp-block-post-featured-image\"><a href=\"https:\/\/romeushipping.com\/fr\/unidades-de-negocio\/project-cargo\/\" target=\"_self\"  style=\"height:208px\"><img decoding=\"async\" width=\"704\" height=\"395\" src=\"https:\/\/romeushipping.com\/wp-content\/uploads\/2024\/07\/PROJECT-CARGO-scaled-1.jpg\" class=\"attachment-post-thumbnail size-post-thumbnail wp-post-image\" alt=\"Project cargo\" style=\"height:208px;object-fit:cover;\" srcset=\"https:\/\/romeushipping.com\/wp-content\/uploads\/2024\/07\/PROJECT-CARGO-scaled-1.jpg 704w, https:\/\/romeushipping.com\/wp-content\/uploads\/2024\/07\/PROJECT-CARGO-scaled-1-300x168.jpg 300w\" sizes=\"(max-width: 704px) 100vw, 704px\" \/><\/a><\/figure>\n\n<h3 style=\"margin-top:0px;margin-bottom:0px;margin-left:0px;margin-right:0px;\" class=\"has-text-align-center pos-abs-res pos-bot-0 wp-block-post-title\"><a href=\"https:\/\/romeushipping.com\/fr\/unidades-de-negocio\/project-cargo\/\" target=\"_self\" >Project cargo<\/a><\/h3>\n<\/li><li class=\"wp-block-post post-1681 unidades-de-negocio type-unidades-de-negocio status-publish has-post-thumbnail hentry\">\n<figure style=\"height:208px; margin-bottom:0px;\" class=\"wp-block-post-featured-image\"><a href=\"https:\/\/romeushipping.com\/fr\/unidades-de-negocio\/warehouse\/\" target=\"_self\"  style=\"height:208px\"><img decoding=\"async\" width=\"704\" height=\"528\" src=\"https:\/\/romeushipping.com\/wp-content\/uploads\/2024\/07\/ALMACENES-1.jpg\" class=\"attachment-post-thumbnail size-post-thumbnail wp-post-image\" alt=\"Warehouse\" style=\"height:208px;object-fit:cover;\" srcset=\"https:\/\/romeushipping.com\/wp-content\/uploads\/2024\/07\/ALMACENES-1.jpg 704w, https:\/\/romeushipping.com\/wp-content\/uploads\/2024\/07\/ALMACENES-1-300x225.jpg 300w\" sizes=\"(max-width: 704px) 100vw, 704px\" \/><\/a><\/figure>\n\n<h3 style=\"margin-top:0px;margin-bottom:0px;margin-left:0px;margin-right:0px;\" class=\"has-text-align-center pos-abs-res pos-bot-0 wp-block-post-title\"><a href=\"https:\/\/romeushipping.com\/fr\/unidades-de-negocio\/warehouse\/\" target=\"_self\" >Warehouse<\/a><\/h3>\n<\/li><\/ul>\n\n<\/div>\n<\/div>\n<\/div>\n\n<h2 class=\"wp-block-heading has-text-align-center\"><strong>QUALIT\u00c9<\/strong><\/h2>\n\n<p><strong>Qualit\u00e9 et conformit\u00e9 dans tous nos processus<\/strong><\/p>\n\n<p>Nous travaillons activement \u00e0 l&rsquo;am\u00e9lioration des m\u00e9thodes et des processus de notre organisation : nous avons obtenu les certifications suivantes :<\/p>\n\n<ul class=\"wp-block-list\">\n<li>ISO 9001 par Bureau Veritas<\/li>\n\n\n\n<li>ISO 14001 par Bureau Veritas<\/li>\n\n\n\n<li>ISO 45001 par Bureau Veritas<\/li>\n<\/ul>\n\n<div style=\"height:100px\" aria-hidden=\"true\" class=\"wp-block-spacer\"><\/div>\n","protected":false},"excerpt":{"rendered":"<p>Global Container Agency Chez Global Container Agency nous sommes un agent maritime de renomm\u00e9e internationale, sp\u00e9cialis\u00e9 dans le transport de marchandises par conteneur, issu du produit de l\u2019expansion du Groupe ROMEU. Nous sommes connus pour offrir des services efficaces et de haute qualit\u00e9 \u00e0 nos clients, en facilitant le commerce mondial avec des solutions logistiques [&hellip;]<\/p>\n","protected":false},"author":11,"featured_media":0,"parent":1043,"menu_order":0,"comment_status":"closed","ping_status":"closed","template":"","meta":{"inline_featured_image":false,"footnotes":""},"class_list":["post-1029","page","type-page","status-publish","hentry"],"_links":{"self":[{"href":"https:\/\/romeushipping.com\/fr\/wp-json\/wp\/v2\/pages\/1029","targetHints":{"allow":["GET"]}}],"collection":[{"href":"https:\/\/romeushipping.com\/fr\/wp-json\/wp\/v2\/pages"}],"about":[{"href":"https:\/\/romeushipping.com\/fr\/wp-json\/wp\/v2\/types\/page"}],"author":[{"embeddable":true,"href":"https:\/\/romeushipping.com\/fr\/wp-json\/wp\/v2\/users\/11"}],"replies":[{"embeddable":true,"href":"https:\/\/romeushipping.com\/fr\/wp-json\/wp\/v2\/comments?post=1029"}],"version-history":[{"count":4,"href":"https:\/\/romeushipping.com\/fr\/wp-json\/wp\/v2\/pages\/1029\/revisions"}],"predecessor-version":[{"id":2241,"href":"https:\/\/romeushipping.com\/fr\/wp-json\/wp\/v2\/pages\/1029\/revisions\/2241"}],"up":[{"embeddable":true,"href":"https:\/\/romeushipping.com\/fr\/wp-json\/wp\/v2\/pages\/1043"}],"wp:attachment":[{"href":"https:\/\/romeushipping.com\/fr\/wp-json\/wp\/v2\/media?parent=1029"}],"curies":[{"name":"wp","href":"https:\/\/api.w.org\/{rel}","templated":true}]}}