{"id":1019,"date":"2024-07-29T08:26:45","date_gmt":"2024-07-29T06:26:45","guid":{"rendered":"https:\/\/romeushipping.com\/unimed-shipping\/"},"modified":"2026-02-10T13:37:15","modified_gmt":"2026-02-10T12:37:15","slug":"unimed-shipping","status":"publish","type":"page","link":"https:\/\/romeushipping.com\/fr\/marcas\/unimed-shipping\/","title":{"rendered":"Unimed shipping"},"content":{"rendered":"\n<div class=\"wp-block-group has-global-padding is-layout-constrained wp-block-group-is-layout-constrained\" style=\"padding-top:24px;padding-bottom:48px\">\n<h1 class=\"wp-block-heading has-text-align-center\">UNIMED Shipping<\/h1>\n<\/div>\n\n\n\n<div class=\"wp-block-group has-global-padding is-layout-constrained wp-block-group-is-layout-constrained\" style=\"margin-top:48px;margin-bottom:48px\">\n<div class=\"wp-block-columns is-layout-flex wp-container-core-columns-is-layout-e0dca8c8 wp-block-columns-is-layout-flex\">\n<div class=\"wp-block-column is-layout-flow wp-block-column-is-layout-flow\">\n<p>UNIMED est le r\u00e9sultat de la croissance et de l\u2019expansion de Romeu et C\u00eda. En Tunisie et au Maroc, consolidant notre pr\u00e9sence en Afrique du Nord. Nous nous engageons \u00e0 fournir des services de transport maritime international de la plus haute qualit\u00e9, couvrant une grande vari\u00e9t\u00e9 de bateaux et de types de fret.<\/p>\n\n\n\n<p>Avec une activit\u00e9 significative dans le Forwarding et comme agences desservant les navires au port, nous offrons des solutions compl\u00e8tes pour les besoins logistiques et op\u00e9rationnels de nos clients. Notre domaine d&rsquo;expertise est la gestion de tous les types de navires, qu&rsquo;ils soient des porte-conteneurs, des cargos en vrac ou des navires Ro-Ro, ainsi que des citernes. Notre expertise nous permet de g\u00e9rer efficacement diverses charges, y compris les c\u00e9r\u00e9ales, le ciment, l\u2019acier, les min\u00e9raux, le brut, le GPL et les produits chimiques.<\/p>\n\n\n\n<p>Chez UNIMED, nous nous engageons \u00e0 fournir des services d\u2019excellence, soutenus par notre exp\u00e9rience et notre d\u00e9vouement dans le secteur maritime. Notre objectif est d\u2019\u00eatre un partenaire fiable et efficace pour nos clients, en facilitant leurs op\u00e9rations et en contribuant \u00e0 leur succ\u00e8s sur le march\u00e9 dynamique de l\u2019Afrique du Nord.<\/p>\n<\/div>\n\n\n\n<div class=\"wp-block-column is-vertically-aligned-center is-layout-flow wp-block-column-is-layout-flow\">\n<div class=\"wp-block-group is-content-justification-center is-layout-flex wp-container-core-group-is-layout-cd8b3b78 wp-block-group-is-layout-flex\">\n<figure class=\"wp-block-image size-full is-resized\"><img decoding=\"async\" width=\"381\" height=\"366\" src=\"https:\/\/romeushipping.com\/wp-content\/uploads\/2024\/07\/unimed.png\" alt=\"\" class=\"wp-image-780\" style=\"width:359px;height:auto\" srcset=\"https:\/\/romeushipping.com\/wp-content\/uploads\/2024\/07\/unimed.png 381w, https:\/\/romeushipping.com\/wp-content\/uploads\/2024\/07\/unimed-300x288.png 300w\" sizes=\"(max-width: 381px) 100vw, 381px\" \/><\/figure>\n<\/div>\n<\/div>\n<\/div>\n<\/div>\n\n\n\n<div class=\"wp-block-group alignfull has-global-padding is-layout-constrained wp-block-group-is-layout-constrained\" style=\"padding-top:48px;padding-bottom:48px\"><\/div>\n\n\n\n<div class=\"wp-block-group alignfull home-un-grp has-background has-global-padding is-layout-constrained wp-block-group-is-layout-constrained\" style=\"background-color:#f5f5f5;margin-top:48px;margin-bottom:0px;padding-top:48px;padding-bottom:48px\">\n<h2 class=\"wp-block-heading has-text-align-center\">nos unit\u00e9s op\u00e9rationnelles<\/h2>\n\n\n\n<div class=\"wp-block-group has-global-padding is-layout-constrained wp-container-core-group-is-layout-416e704a wp-block-group-is-layout-constrained\">\n<div class=\"wp-block-query is-layout-flow wp-block-query-is-layout-flow\"><ul class=\"columns-4 wp-block-post-template is-layout-grid wp-container-core-post-template-is-layout-c22d562e wp-block-post-template-is-layout-grid\"><li class=\"wp-block-post post-1276 unidades-de-negocio type-unidades-de-negocio status-publish has-post-thumbnail hentry\">\n<figure style=\"height:208px; margin-bottom:0px;\" class=\"wp-block-post-featured-image\"><a href=\"https:\/\/romeushipping.com\/fr\/unidades-de-negocio\/ligne-martime-des-conteneurs\/\" target=\"_self\"  style=\"height:208px\"><img decoding=\"async\" width=\"704\" height=\"335\" src=\"https:\/\/romeushipping.com\/wp-content\/uploads\/2024\/07\/Harbour-img-2.jpg\" class=\"attachment-post-thumbnail size-post-thumbnail wp-post-image\" alt=\"NVOCC\" style=\"height:208px;object-fit:cover;\" srcset=\"https:\/\/romeushipping.com\/wp-content\/uploads\/2024\/07\/Harbour-img-2.jpg 704w, https:\/\/romeushipping.com\/wp-content\/uploads\/2024\/07\/Harbour-img-2-300x143.jpg 300w\" sizes=\"(max-width: 704px) 100vw, 704px\" \/><\/a><\/figure>\n\n<h3 style=\"margin-top:0px;margin-bottom:0px;margin-left:0px;margin-right:0px;\" class=\"has-text-align-center pos-abs pos-bot-0 wp-block-post-title\"><a href=\"https:\/\/romeushipping.com\/fr\/unidades-de-negocio\/ligne-martime-des-conteneurs\/\" target=\"_self\" >NVOCC<\/a><\/h3>\n<\/li><li class=\"wp-block-post post-1288 unidades-de-negocio type-unidades-de-negocio status-publish has-post-thumbnail hentry\">\n<figure style=\"height:208px; margin-bottom:0px;\" class=\"wp-block-post-featured-image\"><a href=\"https:\/\/romeushipping.com\/fr\/unidades-de-negocio\/liner-container-agency\/\" target=\"_self\"  style=\"height:208px\"><img decoding=\"async\" width=\"704\" height=\"335\" src=\"https:\/\/romeushipping.com\/wp-content\/uploads\/2024\/07\/image-2.jpg\" class=\"attachment-post-thumbnail size-post-thumbnail wp-post-image\" alt=\"Liner container agency\" style=\"height:208px;object-fit:cover;\" srcset=\"https:\/\/romeushipping.com\/wp-content\/uploads\/2024\/07\/image-2.jpg 704w, https:\/\/romeushipping.com\/wp-content\/uploads\/2024\/07\/image-2-300x143.jpg 300w\" sizes=\"(max-width: 704px) 100vw, 704px\" \/><\/a><\/figure>\n\n<h3 style=\"margin-top:0px;margin-bottom:0px;margin-left:0px;margin-right:0px;\" class=\"has-text-align-center pos-abs pos-bot-0 wp-block-post-title\"><a href=\"https:\/\/romeushipping.com\/fr\/unidades-de-negocio\/liner-container-agency\/\" target=\"_self\" >Liner container agency<\/a><\/h3>\n<\/li><li class=\"wp-block-post post-1314 unidades-de-negocio type-unidades-de-negocio status-publish has-post-thumbnail hentry\">\n<figure style=\"height:208px; margin-bottom:0px;\" class=\"wp-block-post-featured-image\"><a href=\"https:\/\/romeushipping.com\/fr\/unidades-de-negocio\/vessel-port-services\/\" target=\"_self\"  style=\"height:208px\"><img decoding=\"async\" width=\"556\" height=\"483\" src=\"https:\/\/romeushipping.com\/wp-content\/uploads\/2024\/07\/Rectangle-189-1.jpg\" class=\"attachment-post-thumbnail size-post-thumbnail wp-post-image\" alt=\"Vessel and Port Services\" style=\"height:208px;object-fit:cover;\" srcset=\"https:\/\/romeushipping.com\/wp-content\/uploads\/2024\/07\/Rectangle-189-1.jpg 556w, https:\/\/romeushipping.com\/wp-content\/uploads\/2024\/07\/Rectangle-189-1-300x261.jpg 300w\" sizes=\"(max-width: 556px) 100vw, 556px\" \/><\/a><\/figure>\n\n<h3 style=\"margin-top:0px;margin-bottom:0px;margin-left:0px;margin-right:0px;\" class=\"has-text-align-center pos-abs pos-bot-0 wp-block-post-title\"><a href=\"https:\/\/romeushipping.com\/fr\/unidades-de-negocio\/vessel-port-services\/\" target=\"_self\" >Vessel and Port Services<\/a><\/h3>\n<\/li><li class=\"wp-block-post post-1334 unidades-de-negocio type-unidades-de-negocio status-publish has-post-thumbnail hentry\">\n<figure style=\"height:208px; margin-bottom:0px;\" class=\"wp-block-post-featured-image\"><a href=\"https:\/\/romeushipping.com\/fr\/unidades-de-negocio\/marchandises-conventionnelle\/\" target=\"_self\"  style=\"height:208px\"><img decoding=\"async\" width=\"704\" height=\"528\" src=\"https:\/\/romeushipping.com\/wp-content\/uploads\/2024\/07\/CONVENCIONAL-scaled-1.jpg\" class=\"attachment-post-thumbnail size-post-thumbnail wp-post-image\" alt=\"Break-Bulk\" style=\"height:208px;object-fit:cover;\" srcset=\"https:\/\/romeushipping.com\/wp-content\/uploads\/2024\/07\/CONVENCIONAL-scaled-1.jpg 704w, https:\/\/romeushipping.com\/wp-content\/uploads\/2024\/07\/CONVENCIONAL-scaled-1-300x225.jpg 300w\" sizes=\"(max-width: 704px) 100vw, 704px\" \/><\/a><\/figure>\n\n<h3 style=\"margin-top:0px;margin-bottom:0px;margin-left:0px;margin-right:0px;\" class=\"has-text-align-center pos-abs pos-bot-0 wp-block-post-title\"><a href=\"https:\/\/romeushipping.com\/fr\/unidades-de-negocio\/marchandises-conventionnelle\/\" target=\"_self\" >Break-Bulk<\/a><\/h3>\n<\/li><li class=\"wp-block-post post-1344 unidades-de-negocio type-unidades-de-negocio status-publish has-post-thumbnail hentry\">\n<figure style=\"height:208px; margin-bottom:0px;\" class=\"wp-block-post-featured-image\"><a href=\"https:\/\/romeushipping.com\/fr\/unidades-de-negocio\/liner-ro-ro-agency\/\" target=\"_self\"  style=\"height:208px\"><img decoding=\"async\" width=\"704\" height=\"528\" src=\"https:\/\/romeushipping.com\/wp-content\/uploads\/2024\/07\/RO-RO-scaled-1.jpg\" class=\"attachment-post-thumbnail size-post-thumbnail wp-post-image\" alt=\"Liner RO-RO agency\" style=\"height:208px;object-fit:cover;\" srcset=\"https:\/\/romeushipping.com\/wp-content\/uploads\/2024\/07\/RO-RO-scaled-1.jpg 704w, https:\/\/romeushipping.com\/wp-content\/uploads\/2024\/07\/RO-RO-scaled-1-300x225.jpg 300w\" sizes=\"(max-width: 704px) 100vw, 704px\" \/><\/a><\/figure>\n\n<h3 style=\"margin-top:0px;margin-bottom:0px;margin-left:0px;margin-right:0px;\" class=\"has-text-align-center pos-abs pos-bot-0 wp-block-post-title\"><a href=\"https:\/\/romeushipping.com\/fr\/unidades-de-negocio\/liner-ro-ro-agency\/\" target=\"_self\" >Liner RO-RO agency<\/a><\/h3>\n<\/li><li class=\"wp-block-post post-1352 unidades-de-negocio type-unidades-de-negocio status-publish has-post-thumbnail hentry\">\n<figure style=\"height:208px; margin-bottom:0px;\" class=\"wp-block-post-featured-image\"><a href=\"https:\/\/romeushipping.com\/fr\/unidades-de-negocio\/croisiere\/\" target=\"_self\"  style=\"height:208px\"><img decoding=\"async\" width=\"495\" height=\"329\" src=\"https:\/\/romeushipping.com\/wp-content\/uploads\/2024\/07\/pexels-matthew-barra-813011.jpg\" class=\"attachment-post-thumbnail size-post-thumbnail wp-post-image\" alt=\"Cruises\" style=\"height:208px;object-fit:cover;\" srcset=\"https:\/\/romeushipping.com\/wp-content\/uploads\/2024\/07\/pexels-matthew-barra-813011.jpg 495w, https:\/\/romeushipping.com\/wp-content\/uploads\/2024\/07\/pexels-matthew-barra-813011-300x199.jpg 300w\" sizes=\"(max-width: 495px) 100vw, 495px\" \/><\/a><\/figure>\n\n<h3 style=\"margin-top:0px;margin-bottom:0px;margin-left:0px;margin-right:0px;\" class=\"has-text-align-center pos-abs pos-bot-0 wp-block-post-title\"><a href=\"https:\/\/romeushipping.com\/fr\/unidades-de-negocio\/croisiere\/\" target=\"_self\" >Cruises<\/a><\/h3>\n<\/li><li class=\"wp-block-post post-1365 unidades-de-negocio type-unidades-de-negocio status-publish has-post-thumbnail hentry\">\n<figure style=\"height:208px; margin-bottom:0px;\" class=\"wp-block-post-featured-image\"><a href=\"https:\/\/romeushipping.com\/fr\/unidades-de-negocio\/offshore-plates-formes\/\" target=\"_self\"  style=\"height:208px\"><img decoding=\"async\" width=\"704\" height=\"335\" src=\"https:\/\/romeushipping.com\/wp-content\/uploads\/2024\/07\/bu-card-1.jpg\" class=\"attachment-post-thumbnail size-post-thumbnail wp-post-image\" alt=\"Offshore and platforms\" style=\"height:208px;object-fit:cover;\" srcset=\"https:\/\/romeushipping.com\/wp-content\/uploads\/2024\/07\/bu-card-1.jpg 704w, https:\/\/romeushipping.com\/wp-content\/uploads\/2024\/07\/bu-card-1-300x143.jpg 300w\" sizes=\"(max-width: 704px) 100vw, 704px\" \/><\/a><\/figure>\n\n<h3 style=\"margin-top:0px;margin-bottom:0px;margin-left:0px;margin-right:0px;\" class=\"has-text-align-center pos-abs pos-bot-0 wp-block-post-title\"><a href=\"https:\/\/romeushipping.com\/fr\/unidades-de-negocio\/offshore-plates-formes\/\" target=\"_self\" >Offshore and platforms<\/a><\/h3>\n<\/li><li class=\"wp-block-post post-1381 unidades-de-negocio type-unidades-de-negocio status-publish has-post-thumbnail hentry\">\n<figure style=\"height:208px; margin-bottom:0px;\" class=\"wp-block-post-featured-image\"><a href=\"https:\/\/romeushipping.com\/fr\/unidades-de-negocio\/arrimage-et-terminaux-portuaries\/\" target=\"_self\"  style=\"height:208px\"><img decoding=\"async\" width=\"704\" height=\"335\" src=\"https:\/\/romeushipping.com\/wp-content\/uploads\/2024\/07\/estiva.jpg\" class=\"attachment-post-thumbnail size-post-thumbnail wp-post-image\" alt=\"Stevedoring and Port Terminals\" style=\"height:208px;object-fit:cover;\" srcset=\"https:\/\/romeushipping.com\/wp-content\/uploads\/2024\/07\/estiva.jpg 704w, https:\/\/romeushipping.com\/wp-content\/uploads\/2024\/07\/estiva-300x143.jpg 300w\" sizes=\"(max-width: 704px) 100vw, 704px\" \/><\/a><\/figure>\n\n<h3 style=\"margin-top:0px;margin-bottom:0px;margin-left:0px;margin-right:0px;\" class=\"has-text-align-center pos-abs pos-bot-0 wp-block-post-title\"><a href=\"https:\/\/romeushipping.com\/fr\/unidades-de-negocio\/arrimage-et-terminaux-portuaries\/\" target=\"_self\" >Stevedoring and Port Terminals<\/a><\/h3>\n<\/li><li class=\"wp-block-post post-1389 unidades-de-negocio type-unidades-de-negocio status-publish has-post-thumbnail hentry\">\n<figure style=\"height:208px; margin-bottom:0px;\" class=\"wp-block-post-featured-image\"><a href=\"https:\/\/romeushipping.com\/fr\/unidades-de-negocio\/gsa\/\" target=\"_self\"  style=\"height:208px\"><img decoding=\"async\" width=\"704\" height=\"469\" src=\"https:\/\/romeushipping.com\/wp-content\/uploads\/2024\/07\/GSA-scaled-1.jpg\" class=\"attachment-post-thumbnail size-post-thumbnail wp-post-image\" alt=\"GSA\" style=\"height:208px;object-fit:cover;\" srcset=\"https:\/\/romeushipping.com\/wp-content\/uploads\/2024\/07\/GSA-scaled-1.jpg 704w, https:\/\/romeushipping.com\/wp-content\/uploads\/2024\/07\/GSA-scaled-1-300x200.jpg 300w\" sizes=\"(max-width: 704px) 100vw, 704px\" \/><\/a><\/figure>\n\n<h3 style=\"margin-top:0px;margin-bottom:0px;margin-left:0px;margin-right:0px;\" class=\"has-text-align-center pos-abs pos-bot-0 wp-block-post-title\"><a href=\"https:\/\/romeushipping.com\/fr\/unidades-de-negocio\/gsa\/\" target=\"_self\" >GSA<\/a><\/h3>\n<\/li><li class=\"wp-block-post post-1399 unidades-de-negocio type-unidades-de-negocio status-publish has-post-thumbnail hentry\">\n<figure style=\"height:208px; margin-bottom:0px;\" class=\"wp-block-post-featured-image\"><a href=\"https:\/\/romeushipping.com\/fr\/unidades-de-negocio\/forwarding\/\" target=\"_self\"  style=\"height:208px\"><img decoding=\"async\" width=\"704\" height=\"396\" src=\"https:\/\/romeushipping.com\/wp-content\/uploads\/2024\/07\/FORWARDING-scaled-1.jpg\" class=\"attachment-post-thumbnail size-post-thumbnail wp-post-image\" alt=\"Forwarding\" style=\"height:208px;object-fit:cover;\" srcset=\"https:\/\/romeushipping.com\/wp-content\/uploads\/2024\/07\/FORWARDING-scaled-1.jpg 704w, https:\/\/romeushipping.com\/wp-content\/uploads\/2024\/07\/FORWARDING-scaled-1-300x169.jpg 300w\" sizes=\"(max-width: 704px) 100vw, 704px\" \/><\/a><\/figure>\n\n<h3 style=\"margin-top:0px;margin-bottom:0px;margin-left:0px;margin-right:0px;\" class=\"has-text-align-center pos-abs pos-bot-0 wp-block-post-title\"><a href=\"https:\/\/romeushipping.com\/fr\/unidades-de-negocio\/forwarding\/\" target=\"_self\" >Forwarding<\/a><\/h3>\n<\/li><li class=\"wp-block-post post-1419 unidades-de-negocio type-unidades-de-negocio status-publish has-post-thumbnail hentry\">\n<figure style=\"height:208px; margin-bottom:0px;\" class=\"wp-block-post-featured-image\"><a href=\"https:\/\/romeushipping.com\/fr\/unidades-de-negocio\/project-cargo\/\" target=\"_self\"  style=\"height:208px\"><img decoding=\"async\" width=\"704\" height=\"395\" src=\"https:\/\/romeushipping.com\/wp-content\/uploads\/2024\/07\/PROJECT-CARGO-scaled-1.jpg\" class=\"attachment-post-thumbnail size-post-thumbnail wp-post-image\" alt=\"Project cargo\" style=\"height:208px;object-fit:cover;\" srcset=\"https:\/\/romeushipping.com\/wp-content\/uploads\/2024\/07\/PROJECT-CARGO-scaled-1.jpg 704w, https:\/\/romeushipping.com\/wp-content\/uploads\/2024\/07\/PROJECT-CARGO-scaled-1-300x168.jpg 300w\" sizes=\"(max-width: 704px) 100vw, 704px\" \/><\/a><\/figure>\n\n<h3 style=\"margin-top:0px;margin-bottom:0px;margin-left:0px;margin-right:0px;\" class=\"has-text-align-center pos-abs pos-bot-0 wp-block-post-title\"><a href=\"https:\/\/romeushipping.com\/fr\/unidades-de-negocio\/project-cargo\/\" target=\"_self\" >Project cargo<\/a><\/h3>\n<\/li><li class=\"wp-block-post post-1681 unidades-de-negocio type-unidades-de-negocio status-publish has-post-thumbnail hentry\">\n<figure style=\"height:208px; margin-bottom:0px;\" class=\"wp-block-post-featured-image\"><a href=\"https:\/\/romeushipping.com\/fr\/unidades-de-negocio\/warehouse\/\" target=\"_self\"  style=\"height:208px\"><img decoding=\"async\" width=\"704\" height=\"528\" src=\"https:\/\/romeushipping.com\/wp-content\/uploads\/2024\/07\/ALMACENES-1.jpg\" class=\"attachment-post-thumbnail size-post-thumbnail wp-post-image\" alt=\"Warehouse\" style=\"height:208px;object-fit:cover;\" srcset=\"https:\/\/romeushipping.com\/wp-content\/uploads\/2024\/07\/ALMACENES-1.jpg 704w, https:\/\/romeushipping.com\/wp-content\/uploads\/2024\/07\/ALMACENES-1-300x225.jpg 300w\" sizes=\"(max-width: 704px) 100vw, 704px\" \/><\/a><\/figure>\n\n<h3 style=\"margin-top:0px;margin-bottom:0px;margin-left:0px;margin-right:0px;\" class=\"has-text-align-center pos-abs pos-bot-0 wp-block-post-title\"><a href=\"https:\/\/romeushipping.com\/fr\/unidades-de-negocio\/warehouse\/\" target=\"_self\" >Warehouse<\/a><\/h3>\n<\/li><\/ul>\n\n<\/div>\n<\/div>\n<\/div>\n","protected":false},"excerpt":{"rendered":"<p>UNIMED Shipping UNIMED est le r\u00e9sultat de la croissance et de l\u2019expansion de Romeu et C\u00eda. En Tunisie et au Maroc, consolidant notre pr\u00e9sence en Afrique du Nord. Nous nous engageons \u00e0 fournir des services de transport maritime international de la plus haute qualit\u00e9, couvrant une grande vari\u00e9t\u00e9 de bateaux et de types de fret. [&hellip;]<\/p>\n","protected":false},"author":11,"featured_media":0,"parent":1043,"menu_order":0,"comment_status":"closed","ping_status":"closed","template":"","meta":{"inline_featured_image":false,"footnotes":""},"class_list":["post-1019","page","type-page","status-publish","hentry"],"_links":{"self":[{"href":"https:\/\/romeushipping.com\/fr\/wp-json\/wp\/v2\/pages\/1019","targetHints":{"allow":["GET"]}}],"collection":[{"href":"https:\/\/romeushipping.com\/fr\/wp-json\/wp\/v2\/pages"}],"about":[{"href":"https:\/\/romeushipping.com\/fr\/wp-json\/wp\/v2\/types\/page"}],"author":[{"embeddable":true,"href":"https:\/\/romeushipping.com\/fr\/wp-json\/wp\/v2\/users\/11"}],"replies":[{"embeddable":true,"href":"https:\/\/romeushipping.com\/fr\/wp-json\/wp\/v2\/comments?post=1019"}],"version-history":[{"count":2,"href":"https:\/\/romeushipping.com\/fr\/wp-json\/wp\/v2\/pages\/1019\/revisions"}],"predecessor-version":[{"id":1450,"href":"https:\/\/romeushipping.com\/fr\/wp-json\/wp\/v2\/pages\/1019\/revisions\/1450"}],"up":[{"embeddable":true,"href":"https:\/\/romeushipping.com\/fr\/wp-json\/wp\/v2\/pages\/1043"}],"wp:attachment":[{"href":"https:\/\/romeushipping.com\/fr\/wp-json\/wp\/v2\/media?parent=1019"}],"curies":[{"name":"wp","href":"https:\/\/api.w.org\/{rel}","templated":true}]}}