{"id":1003,"date":"2024-07-10T11:35:30","date_gmt":"2024-07-10T09:35:30","guid":{"rendered":"https:\/\/romeushipping.com\/travaille-avec-nous\/"},"modified":"2026-02-10T13:37:25","modified_gmt":"2026-02-10T12:37:25","slug":"travaille-avec-nous","status":"publish","type":"page","link":"https:\/\/romeushipping.com\/fr\/travaille-avec-nous\/","title":{"rendered":"Travaille avec nous"},"content":{"rendered":"\n<div class=\"wp-block-group alignfull has-global-padding is-layout-constrained wp-container-core-group-is-layout-e23df5b9 wp-block-group-is-layout-constrained\" style=\"margin-top:0px;padding-right:0px;padding-bottom:48px\">\n<div class=\"wp-block-columns alignwide are-vertically-aligned-top is-layout-flex wp-container-core-columns-is-layout-67c09cde wp-block-columns-is-layout-flex\">\n<div class=\"wp-block-column is-vertically-aligned-top is-layout-flow wp-block-column-is-layout-flow\">\n<div class=\"wp-block-group has-global-padding is-content-justification-right is-layout-constrained wp-container-core-group-is-layout-3281dfb3 wp-block-group-is-layout-constrained\">\n<h1 class=\"wp-block-heading\" style=\"margin-top:48px\">Travaille avec nous<\/h1>\n\n\n\n<p>Romeu est une entreprise <strong>dynamique, internationale et en croissance<\/strong> constante. Nous recherchons des professionnels <strong>motiv\u00e9s, talentueux et \u00e9nergiques<\/strong> qui respectent les normes <strong>\u00e9thiques les plus strictes.<\/strong> <\/p>\n\n\n\n<p>Chez Romeu, nous veillons \u00e0 ce que nos <strong>employ\u00e9s se d\u00e9veloppent professionnellement<\/strong> et personnellement avec nous. Nous <strong>investissons dans la formation<\/strong> et nous nous engageons \u00e0 favoriser la <strong>promotion interne<\/strong>.<\/p>\n\n\n\n<div class=\"wp-block-buttons is-layout-flex wp-block-buttons-is-layout-flex\" style=\"margin-top:40px;margin-bottom:48px\">\n<div class=\"wp-block-button is-style-outline is-style-outline--1\"><a class=\"wp-block-button__link wp-element-button\" href=\"https:\/\/romeu.epreselec.com\/Ofertas\/Ofertas.aspx\" target=\"_blank\" rel=\"noopener\">Voir les offres<\/a><\/div>\n<\/div>\n<\/div>\n<\/div>\n\n\n\n<div class=\"wp-block-column is-vertically-aligned-top pos-rel is-layout-flow wp-block-column-is-layout-flow\">\n<figure class=\"wp-block-image size-full\"><img decoding=\"async\" width=\"704\" height=\"335\" src=\"https:\/\/romeushipping.com\/wp-content\/uploads\/2024\/07\/cover__img-1.png\" alt=\"cover__img\" class=\"wp-image-1146\" srcset=\"https:\/\/romeushipping.com\/wp-content\/uploads\/2024\/07\/cover__img-1.png 704w, https:\/\/romeushipping.com\/wp-content\/uploads\/2024\/07\/cover__img-1-300x143.png 300w\" sizes=\"(max-width: 704px) 100vw, 704px\" \/><\/figure>\n<\/div>\n<\/div>\n<\/div>\n","protected":false},"excerpt":{"rendered":"<p>Travaille avec nous Romeu est une entreprise dynamique, internationale et en croissance constante. Nous recherchons des professionnels motiv\u00e9s, talentueux et \u00e9nergiques qui respectent les normes \u00e9thiques les plus strictes. Chez Romeu, nous veillons \u00e0 ce que nos employ\u00e9s se d\u00e9veloppent professionnellement et personnellement avec nous. Nous investissons dans la formation et nous nous engageons \u00e0 [&hellip;]<\/p>\n","protected":false},"author":11,"featured_media":0,"parent":0,"menu_order":0,"comment_status":"closed","ping_status":"closed","template":"","meta":{"inline_featured_image":false,"footnotes":""},"class_list":["post-1003","page","type-page","status-publish","hentry"],"_links":{"self":[{"href":"https:\/\/romeushipping.com\/fr\/wp-json\/wp\/v2\/pages\/1003","targetHints":{"allow":["GET"]}}],"collection":[{"href":"https:\/\/romeushipping.com\/fr\/wp-json\/wp\/v2\/pages"}],"about":[{"href":"https:\/\/romeushipping.com\/fr\/wp-json\/wp\/v2\/types\/page"}],"author":[{"embeddable":true,"href":"https:\/\/romeushipping.com\/fr\/wp-json\/wp\/v2\/users\/11"}],"replies":[{"embeddable":true,"href":"https:\/\/romeushipping.com\/fr\/wp-json\/wp\/v2\/comments?post=1003"}],"version-history":[{"count":3,"href":"https:\/\/romeushipping.com\/fr\/wp-json\/wp\/v2\/pages\/1003\/revisions"}],"predecessor-version":[{"id":2156,"href":"https:\/\/romeushipping.com\/fr\/wp-json\/wp\/v2\/pages\/1003\/revisions\/2156"}],"wp:attachment":[{"href":"https:\/\/romeushipping.com\/fr\/wp-json\/wp\/v2\/media?parent=1003"}],"curies":[{"name":"wp","href":"https:\/\/api.w.org\/{rel}","templated":true}]}}